{"id":703,"date":"2025-01-05T09:55:21","date_gmt":"2025-01-05T08:55:21","guid":{"rendered":"https:\/\/thebestdaytours.com\/?post_type=product&#038;p=703"},"modified":"2026-04-07T18:57:01","modified_gmt":"2026-04-07T16:57:01","slug":"tour-panoramico-cartagena-tren-turistico","status":"publish","type":"product","link":"https:\/\/thebestdaytours.com\/es\/producto\/tour-panoramico-cartagena-tren-turistico\/","title":{"rendered":"Tour Panor\u00e1mico de Cartagena en Tren Tur\u00edstico"},"content":{"rendered":"<p>De una forma c\u00f3moda y amena, conocer\u00e1s las historia de la ciudad portuaria mientras puedes admirar y fotografiar sus monumentos, edificios militares, el paisaje urbano salpicado de bellos edificios modernistas del casco hist\u00f3rico y el puerto.<br \/>\nUna completa panor\u00e1mica por la ciudad, guiada por nuestro carism\u00e1tico gu\u00eda, que ir\u00e1 explicando y comentando todos los secretos del rico patrimonio que encontramos a nuestro paso mientras nuestro tren tur\u00edstico recorre la ciudad.<\/p>\n<p>Esta visita es altamente recomendable para aquellas personas con movilidad reducida, ya que nuestro tren tur\u00edstico \u00abAlmirante\u00bb, dispone, adem\u00e1s de c\u00f3modos asientos, de un vag\u00f3n con rampa disponible para sillas de ruedas o sillitas de beb\u00e9.<\/p>\n<p><strong>IMPORTANTE:<\/strong><\/p>\n<p>El punto de encuentro para dar comienzo al tour y, donde deber\u00e1s estar en fecha y hora que has realizado la reserva ser\u00e1 en el <a href=\"https:\/\/www.google.com\/maps\/place\/The+Best+Day+Tours+-+Shore+Excursions,+Tickets+%26+Information\/@37.5976544,-0.982596,94m\/data=!3m1!1e3!4m6!3m5!1s0xd6343fd712a3217:0x24abc432e1e3a648!8m2!3d37.5977369!4d-0.9821222!16s%2Fg%2F11w2cglkkr?hl=es&amp;entry=ttu&amp;g_ep=EgoyMDI2MDMyNC4wIKXMDSoASAFQAw%3D%3D\"><strong>Quiosco de Informaci\u00f3n Tur\u00edstica y venta de tickets<\/strong><\/a>, frente a la terminal de cruceros de Cartagena.<\/p>\n<p>Este tour se realiza tanto en <strong>espa\u00f1ol<\/strong> como en <strong>ingl\u00e9s<\/strong> principalmente. Si quieres realizar el tour en un idioma distinto a los anteriormente mencionados, por favor, ponte en contacto con nosotros para consultarnos la posibilidad de ello haciendo <a href=\"https:\/\/thebestdaytours.com\/contacto\/\" target=\"_blank\" rel=\"noopener\">clic aqu\u00ed<\/a>.<\/p>\n","protected":false},"excerpt":{"rendered":"<p><span style=\"font-weight: 400;\">Explora la ciudad portuaria c\u00f3modamente a bordo de nuestro tren tur\u00edstico. Descubre la historia mientras admiras y fotograf\u00edas sus monumentos, edificios militares y el impresionante paisaje urbano.<\/span><\/p>\n","protected":false},"featured_media":1047,"template":"","meta":{"site-sidebar-layout":"default","site-content-layout":"default","ast-site-content-layout":"default","site-content-style":"default","site-sidebar-style":"default","ast-global-header-display":"","ast-banner-title-visibility":"","ast-main-header-display":"","ast-hfb-above-header-display":"","ast-hfb-below-header-display":"","ast-hfb-mobile-header-display":"","site-post-title":"","ast-breadcrumbs-content":"","ast-featured-img":"","footer-sml-layout":"","ast-disable-related-posts":"","theme-transparent-header-meta":"default","adv-header-id-meta":"","stick-header-meta":"default","header-above-stick-meta":"","header-main-stick-meta":"","header-below-stick-meta":"","astra-migrate-meta-layouts":"set","ast-page-background-enabled":"default","ast-page-background-meta":{"desktop":{"background-color":"var(--ast-global-color-4)","background-image":"","background-repeat":"repeat","background-position":"center center","background-size":"auto","background-attachment":"scroll","background-type":"","background-media":"","overlay-type":"","overlay-color":"","overlay-opacity":"","overlay-gradient":""},"tablet":{"background-color":"","background-image":"","background-repeat":"repeat","background-position":"center center","background-size":"auto","background-attachment":"scroll","background-type":"","background-media":"","overlay-type":"","overlay-color":"","overlay-opacity":"","overlay-gradient":""},"mobile":{"background-color":"","background-image":"","background-repeat":"repeat","background-position":"center center","background-size":"auto","background-attachment":"scroll","background-type":"","background-media":"","overlay-type":"","overlay-color":"","overlay-opacity":"","overlay-gradient":""}},"ast-content-background-meta":{"desktop":{"background-color":"var(--ast-global-color-5)","background-image":"","background-repeat":"repeat","background-position":"center center","background-size":"auto","background-attachment":"scroll","background-type":"","background-media":"","overlay-type":"","overlay-color":"","overlay-opacity":"","overlay-gradient":""},"tablet":{"background-color":"var(--ast-global-color-5)","background-image":"","background-repeat":"repeat","background-position":"center center","background-size":"auto","background-attachment":"scroll","background-type":"","background-media":"","overlay-type":"","overlay-color":"","overlay-opacity":"","overlay-gradient":""},"mobile":{"background-color":"var(--ast-global-color-5)","background-image":"","background-repeat":"repeat","background-position":"center center","background-size":"auto","background-attachment":"scroll","background-type":"","background-media":"","overlay-type":"","overlay-color":"","overlay-opacity":"","overlay-gradient":""}}},"product_brand":[],"product_cat":[36],"product_tag":[31],"class_list":{"0":"post-703","1":"product","2":"type-product","3":"status-publish","4":"has-post-thumbnail","6":"product_cat-excursiones-y-experiencias","7":"product_tag-cartagena","8":"desktop-align-left","9":"tablet-align-left","10":"mobile-align-left","12":"first","13":"instock","14":"featured","15":"virtual","16":"sold-individually","17":"taxable","18":"purchasable","19":"product-type-booking"},"yoast_head":"<!-- This site is optimized with the Yoast SEO plugin v27.0 - https:\/\/yoast.com\/product\/yoast-seo-wordpress\/ -->\n<title>Tour Panor\u00e1mico de Cartagena en Tren Tur\u00edstico | Lo Mejor de la Ciudad<\/title>\n<meta name=\"description\" content=\"Descubre los lugares m\u00e1s emblem\u00e1ticos de Cartagena en un c\u00f3modo tren tur\u00edstico. Una forma divertida y relajada de conocer la ciudad.\" \/>\n<meta name=\"robots\" content=\"index, follow, max-snippet:-1, max-image-preview:large, max-video-preview:-1\" \/>\n<link rel=\"canonical\" href=\"https:\/\/thebestdaytours.com\/es\/producto\/tour-panoramico-cartagena-tren-turistico\/\" \/>\n<meta property=\"og:locale\" content=\"es_ES\" \/>\n<meta property=\"og:type\" content=\"article\" \/>\n<meta property=\"og:title\" content=\"Tour Panor\u00e1mico de Cartagena en Tren Tur\u00edstico | Lo Mejor de la Ciudad\" \/>\n<meta property=\"og:description\" content=\"Descubre los lugares m\u00e1s emblem\u00e1ticos de Cartagena en un c\u00f3modo tren tur\u00edstico. Una forma divertida y relajada de conocer la ciudad.\" \/>\n<meta property=\"og:url\" content=\"https:\/\/thebestdaytours.com\/es\/producto\/tour-panoramico-cartagena-tren-turistico\/\" \/>\n<meta property=\"og:site_name\" content=\"The Best Day Cartagena Tours\" \/>\n<meta property=\"article:publisher\" content=\"https:\/\/www.facebook.com\/people\/The-Best-Day-Cartagena-Tours\/100063528762249\/\" \/>\n<meta property=\"article:modified_time\" content=\"2026-04-07T16:57:01+00:00\" \/>\n<meta property=\"og:image\" content=\"https:\/\/thebestdaytours.com\/wp-content\/uploads\/2023\/09\/PhotostopParqueTorres.jpg\" \/>\n\t<meta property=\"og:image:width\" content=\"1024\" \/>\n\t<meta property=\"og:image:height\" content=\"768\" \/>\n\t<meta property=\"og:image:type\" content=\"image\/jpeg\" \/>\n<meta name=\"twitter:card\" content=\"summary_large_image\" \/>\n<meta name=\"twitter:site\" content=\"@thebestdaytours\" \/>\n<meta name=\"twitter:label1\" content=\"Tiempo de lectura\" \/>\n\t<meta name=\"twitter:data1\" content=\"2 minutos\" \/>\n<script type=\"application\/ld+json\" class=\"yoast-schema-graph\">{\"@context\":\"https:\/\/schema.org\",\"@graph\":[{\"@type\":\"WebPage\",\"@id\":\"https:\/\/thebestdaytours.com\/es\/producto\/tour-panoramico-cartagena-tren-turistico\/\",\"url\":\"https:\/\/thebestdaytours.com\/es\/producto\/tour-panoramico-cartagena-tren-turistico\/\",\"name\":\"Tour Panor\u00e1mico de Cartagena en Tren Tur\u00edstico | Lo Mejor de la Ciudad\",\"isPartOf\":{\"@id\":\"https:\/\/thebestdaytours.com\/#website\"},\"primaryImageOfPage\":{\"@id\":\"https:\/\/thebestdaytours.com\/es\/producto\/tour-panoramico-cartagena-tren-turistico\/#primaryimage\"},\"image\":{\"@id\":\"https:\/\/thebestdaytours.com\/es\/producto\/tour-panoramico-cartagena-tren-turistico\/#primaryimage\"},\"thumbnailUrl\":\"https:\/\/thebestdaytours.com\/wp-content\/uploads\/2023\/09\/PhotostopParqueTorres.jpg\",\"datePublished\":\"2025-01-05T08:55:21+00:00\",\"dateModified\":\"2026-04-07T16:57:01+00:00\",\"description\":\"Descubre los lugares m\u00e1s emblem\u00e1ticos de Cartagena en un c\u00f3modo tren tur\u00edstico. Una forma divertida y relajada de conocer la ciudad.\",\"breadcrumb\":{\"@id\":\"https:\/\/thebestdaytours.com\/es\/producto\/tour-panoramico-cartagena-tren-turistico\/#breadcrumb\"},\"inLanguage\":\"es\",\"potentialAction\":[{\"@type\":\"ReadAction\",\"target\":[\"https:\/\/thebestdaytours.com\/es\/producto\/tour-panoramico-cartagena-tren-turistico\/\"]}]},{\"@type\":\"ImageObject\",\"inLanguage\":\"es\",\"@id\":\"https:\/\/thebestdaytours.com\/es\/producto\/tour-panoramico-cartagena-tren-turistico\/#primaryimage\",\"url\":\"https:\/\/thebestdaytours.com\/wp-content\/uploads\/2023\/09\/PhotostopParqueTorres.jpg\",\"contentUrl\":\"https:\/\/thebestdaytours.com\/wp-content\/uploads\/2023\/09\/PhotostopParqueTorres.jpg\",\"width\":1024,\"height\":768,\"caption\":\"Tren tur\u00edstico\"},{\"@type\":\"BreadcrumbList\",\"@id\":\"https:\/\/thebestdaytours.com\/es\/producto\/tour-panoramico-cartagena-tren-turistico\/#breadcrumb\",\"itemListElement\":[{\"@type\":\"ListItem\",\"position\":1,\"name\":\"Inicio\",\"item\":\"https:\/\/thebestdaytours.com\/es\/the-best-day\/\"},{\"@type\":\"ListItem\",\"position\":2,\"name\":\"Tour Panor\u00e1mico de Cartagena en Tren Tur\u00edstico\"}]},{\"@type\":\"WebSite\",\"@id\":\"https:\/\/thebestdaytours.com\/#website\",\"url\":\"https:\/\/thebestdaytours.com\/\",\"name\":\"The Best Day Cartagena Tours\",\"description\":\"Visitas guiadas entre murcia y cartagena\",\"publisher\":{\"@id\":\"https:\/\/thebestdaytours.com\/#organization\"},\"potentialAction\":[{\"@type\":\"SearchAction\",\"target\":{\"@type\":\"EntryPoint\",\"urlTemplate\":\"https:\/\/thebestdaytours.com\/?s={search_term_string}\"},\"query-input\":{\"@type\":\"PropertyValueSpecification\",\"valueRequired\":true,\"valueName\":\"search_term_string\"}}],\"inLanguage\":\"es\"},{\"@type\":\"Organization\",\"@id\":\"https:\/\/thebestdaytours.com\/#organization\",\"name\":\"The Best Day Cartagena Tours\",\"url\":\"https:\/\/thebestdaytours.com\/\",\"logo\":{\"@type\":\"ImageObject\",\"inLanguage\":\"es\",\"@id\":\"https:\/\/thebestdaytours.com\/#\/schema\/logo\/image\/\",\"url\":\"https:\/\/thebestdaytours.com\/wp-content\/uploads\/2023\/09\/Group-988.png\",\"contentUrl\":\"https:\/\/thebestdaytours.com\/wp-content\/uploads\/2023\/09\/Group-988.png\",\"width\":446,\"height\":118,\"caption\":\"The Best Day Cartagena Tours\"},\"image\":{\"@id\":\"https:\/\/thebestdaytours.com\/#\/schema\/logo\/image\/\"},\"sameAs\":[\"https:\/\/www.facebook.com\/people\/The-Best-Day-Cartagena-Tours\/100063528762249\/\",\"https:\/\/x.com\/thebestdaytours\"]}]}<\/script>\n<!-- \/ Yoast SEO plugin. -->","yoast_head_json":{"title":"Tour Panor\u00e1mico de Cartagena en Tren Tur\u00edstico | Lo Mejor de la Ciudad","description":"Descubre los lugares m\u00e1s emblem\u00e1ticos de Cartagena en un c\u00f3modo tren tur\u00edstico. Una forma divertida y relajada de conocer la ciudad.","robots":{"index":"index","follow":"follow","max-snippet":"max-snippet:-1","max-image-preview":"max-image-preview:large","max-video-preview":"max-video-preview:-1"},"canonical":"https:\/\/thebestdaytours.com\/es\/producto\/tour-panoramico-cartagena-tren-turistico\/","og_locale":"es_ES","og_type":"article","og_title":"Tour Panor\u00e1mico de Cartagena en Tren Tur\u00edstico | Lo Mejor de la Ciudad","og_description":"Descubre los lugares m\u00e1s emblem\u00e1ticos de Cartagena en un c\u00f3modo tren tur\u00edstico. Una forma divertida y relajada de conocer la ciudad.","og_url":"https:\/\/thebestdaytours.com\/es\/producto\/tour-panoramico-cartagena-tren-turistico\/","og_site_name":"The Best Day Cartagena Tours","article_publisher":"https:\/\/www.facebook.com\/people\/The-Best-Day-Cartagena-Tours\/100063528762249\/","article_modified_time":"2026-04-07T16:57:01+00:00","og_image":[{"width":1024,"height":768,"url":"https:\/\/thebestdaytours.com\/wp-content\/uploads\/2023\/09\/PhotostopParqueTorres.jpg","type":"image\/jpeg"}],"twitter_card":"summary_large_image","twitter_site":"@thebestdaytours","twitter_misc":{"Tiempo de lectura":"2 minutos"},"schema":{"@context":"https:\/\/schema.org","@graph":[{"@type":"WebPage","@id":"https:\/\/thebestdaytours.com\/es\/producto\/tour-panoramico-cartagena-tren-turistico\/","url":"https:\/\/thebestdaytours.com\/es\/producto\/tour-panoramico-cartagena-tren-turistico\/","name":"Tour Panor\u00e1mico de Cartagena en Tren Tur\u00edstico | Lo Mejor de la Ciudad","isPartOf":{"@id":"https:\/\/thebestdaytours.com\/#website"},"primaryImageOfPage":{"@id":"https:\/\/thebestdaytours.com\/es\/producto\/tour-panoramico-cartagena-tren-turistico\/#primaryimage"},"image":{"@id":"https:\/\/thebestdaytours.com\/es\/producto\/tour-panoramico-cartagena-tren-turistico\/#primaryimage"},"thumbnailUrl":"https:\/\/thebestdaytours.com\/wp-content\/uploads\/2023\/09\/PhotostopParqueTorres.jpg","datePublished":"2025-01-05T08:55:21+00:00","dateModified":"2026-04-07T16:57:01+00:00","description":"Descubre los lugares m\u00e1s emblem\u00e1ticos de Cartagena en un c\u00f3modo tren tur\u00edstico. Una forma divertida y relajada de conocer la ciudad.","breadcrumb":{"@id":"https:\/\/thebestdaytours.com\/es\/producto\/tour-panoramico-cartagena-tren-turistico\/#breadcrumb"},"inLanguage":"es","potentialAction":[{"@type":"ReadAction","target":["https:\/\/thebestdaytours.com\/es\/producto\/tour-panoramico-cartagena-tren-turistico\/"]}]},{"@type":"ImageObject","inLanguage":"es","@id":"https:\/\/thebestdaytours.com\/es\/producto\/tour-panoramico-cartagena-tren-turistico\/#primaryimage","url":"https:\/\/thebestdaytours.com\/wp-content\/uploads\/2023\/09\/PhotostopParqueTorres.jpg","contentUrl":"https:\/\/thebestdaytours.com\/wp-content\/uploads\/2023\/09\/PhotostopParqueTorres.jpg","width":1024,"height":768,"caption":"Tren tur\u00edstico"},{"@type":"BreadcrumbList","@id":"https:\/\/thebestdaytours.com\/es\/producto\/tour-panoramico-cartagena-tren-turistico\/#breadcrumb","itemListElement":[{"@type":"ListItem","position":1,"name":"Inicio","item":"https:\/\/thebestdaytours.com\/es\/the-best-day\/"},{"@type":"ListItem","position":2,"name":"Tour Panor\u00e1mico de Cartagena en Tren Tur\u00edstico"}]},{"@type":"WebSite","@id":"https:\/\/thebestdaytours.com\/#website","url":"https:\/\/thebestdaytours.com\/","name":"The Best Day Cartagena Tours","description":"Visitas guiadas entre murcia y cartagena","publisher":{"@id":"https:\/\/thebestdaytours.com\/#organization"},"potentialAction":[{"@type":"SearchAction","target":{"@type":"EntryPoint","urlTemplate":"https:\/\/thebestdaytours.com\/?s={search_term_string}"},"query-input":{"@type":"PropertyValueSpecification","valueRequired":true,"valueName":"search_term_string"}}],"inLanguage":"es"},{"@type":"Organization","@id":"https:\/\/thebestdaytours.com\/#organization","name":"The Best Day Cartagena Tours","url":"https:\/\/thebestdaytours.com\/","logo":{"@type":"ImageObject","inLanguage":"es","@id":"https:\/\/thebestdaytours.com\/#\/schema\/logo\/image\/","url":"https:\/\/thebestdaytours.com\/wp-content\/uploads\/2023\/09\/Group-988.png","contentUrl":"https:\/\/thebestdaytours.com\/wp-content\/uploads\/2023\/09\/Group-988.png","width":446,"height":118,"caption":"The Best Day Cartagena Tours"},"image":{"@id":"https:\/\/thebestdaytours.com\/#\/schema\/logo\/image\/"},"sameAs":["https:\/\/www.facebook.com\/people\/The-Best-Day-Cartagena-Tours\/100063528762249\/","https:\/\/x.com\/thebestdaytours"]}]}},"_links":{"self":[{"href":"https:\/\/thebestdaytours.com\/es\/wp-json\/wp\/v2\/product\/703","targetHints":{"allow":["GET"]}}],"collection":[{"href":"https:\/\/thebestdaytours.com\/es\/wp-json\/wp\/v2\/product"}],"about":[{"href":"https:\/\/thebestdaytours.com\/es\/wp-json\/wp\/v2\/types\/product"}],"version-history":[{"count":2,"href":"https:\/\/thebestdaytours.com\/es\/wp-json\/wp\/v2\/product\/703\/revisions"}],"predecessor-version":[{"id":26652,"href":"https:\/\/thebestdaytours.com\/es\/wp-json\/wp\/v2\/product\/703\/revisions\/26652"}],"wp:featuredmedia":[{"embeddable":true,"href":"https:\/\/thebestdaytours.com\/es\/wp-json\/wp\/v2\/media\/1047"}],"wp:attachment":[{"href":"https:\/\/thebestdaytours.com\/es\/wp-json\/wp\/v2\/media?parent=703"}],"wp:term":[{"taxonomy":"product_brand","embeddable":true,"href":"https:\/\/thebestdaytours.com\/es\/wp-json\/wp\/v2\/product_brand?post=703"},{"taxonomy":"product_cat","embeddable":true,"href":"https:\/\/thebestdaytours.com\/es\/wp-json\/wp\/v2\/product_cat?post=703"},{"taxonomy":"product_tag","embeddable":true,"href":"https:\/\/thebestdaytours.com\/es\/wp-json\/wp\/v2\/product_tag?post=703"}],"curies":[{"name":"wp","href":"https:\/\/api.w.org\/{rel}","templated":true}]}}