{"id":686,"date":"2023-09-26T09:30:55","date_gmt":"2023-09-26T07:30:55","guid":{"rendered":"https:\/\/thebestdaytours.com\/?post_type=product&#038;p=686"},"modified":"2026-01-13T12:15:23","modified_gmt":"2026-01-13T11:15:23","slug":"tour-imprescindibles-cartagena-a-pie","status":"publish","type":"product","link":"https:\/\/thebestdaytours.com\/es\/producto\/tour-imprescindibles-cartagena-a-pie\/","title":{"rendered":"Tour a Pie por los Imprescindibles de Cartagena"},"content":{"rendered":"<p><span data-sheets-root=\"1\">Ad\u00e9ntrate en el coraz\u00f3n hist\u00f3rico de Cartagena con nuestro Tour a Pie por los Imprescindibles. Pasea por sus calles m\u00e1s emblem\u00e1ticas y revive su pasado romano, medieval y moderno con la ayuda de un gu\u00eda oficial. Conocer\u00e1s el Teatro Romano, la Plaza del Ayuntamiento, la Calle Mayor y otros lugares cargados de historia y encanto. <\/span><\/p>\n<p><span data-sheets-root=\"1\">Un recorrido c\u00f3modo, cultural y lleno de curiosidades locales. Ideal para quienes quieren conocer la esencia de Cartagena en pocas horas.<\/span><\/p>\n","protected":false},"excerpt":{"rendered":"<p><span data-sheets-root=\"1\">Descubre la historia viva de Cartagena en este tour a pie por el Teatro Romano, el casco antiguo y sus monumentos m\u00e1s emblem\u00e1ticos.<\/span><\/p>\n","protected":false},"featured_media":25275,"template":"","meta":{"site-sidebar-layout":"default","site-content-layout":"default","ast-site-content-layout":"default","site-content-style":"default","site-sidebar-style":"default","ast-global-header-display":"","ast-banner-title-visibility":"","ast-main-header-display":"","ast-hfb-above-header-display":"","ast-hfb-below-header-display":"","ast-hfb-mobile-header-display":"","site-post-title":"","ast-breadcrumbs-content":"","ast-featured-img":"","footer-sml-layout":"","ast-disable-related-posts":"","theme-transparent-header-meta":"default","adv-header-id-meta":"","stick-header-meta":"default","header-above-stick-meta":"","header-main-stick-meta":"","header-below-stick-meta":"","astra-migrate-meta-layouts":"set","ast-page-background-enabled":"default","ast-page-background-meta":{"desktop":{"background-color":"var(--ast-global-color-4)","background-image":"","background-repeat":"repeat","background-position":"center center","background-size":"auto","background-attachment":"scroll","background-type":"","background-media":"","overlay-type":"","overlay-color":"","overlay-opacity":"","overlay-gradient":""},"tablet":{"background-color":"","background-image":"","background-repeat":"repeat","background-position":"center center","background-size":"auto","background-attachment":"scroll","background-type":"","background-media":"","overlay-type":"","overlay-color":"","overlay-opacity":"","overlay-gradient":""},"mobile":{"background-color":"","background-image":"","background-repeat":"repeat","background-position":"center center","background-size":"auto","background-attachment":"scroll","background-type":"","background-media":"","overlay-type":"","overlay-color":"","overlay-opacity":"","overlay-gradient":""}},"ast-content-background-meta":{"desktop":{"background-color":"var(--ast-global-color-5)","background-image":"","background-repeat":"repeat","background-position":"center center","background-size":"auto","background-attachment":"scroll","background-type":"","background-media":"","overlay-type":"","overlay-color":"","overlay-opacity":"","overlay-gradient":""},"tablet":{"background-color":"var(--ast-global-color-5)","background-image":"","background-repeat":"repeat","background-position":"center center","background-size":"auto","background-attachment":"scroll","background-type":"","background-media":"","overlay-type":"","overlay-color":"","overlay-opacity":"","overlay-gradient":""},"mobile":{"background-color":"var(--ast-global-color-5)","background-image":"","background-repeat":"repeat","background-position":"center center","background-size":"auto","background-attachment":"scroll","background-type":"","background-media":"","overlay-type":"","overlay-color":"","overlay-opacity":"","overlay-gradient":""}}},"product_brand":[],"product_cat":[36],"product_tag":[31],"class_list":{"0":"post-686","1":"product","2":"type-product","3":"status-publish","4":"has-post-thumbnail","6":"product_cat-excursiones-y-experiencias","7":"product_tag-cartagena","8":"desktop-align-left","9":"tablet-align-left","10":"mobile-align-left","12":"first","13":"instock","14":"virtual","15":"sold-individually","16":"taxable","17":"purchasable","18":"product-type-booking"},"yoast_head":"<!-- This site is optimized with the Yoast SEO plugin v27.0 - https:\/\/yoast.com\/product\/yoast-seo-wordpress\/ -->\n<title>Tour a Pie por los Imprescindibles de Cartagena | Teatro Romano y Casco Hist\u00f3rico<\/title>\n<meta name=\"description\" content=\"Descubre la historia viva de Cartagena en este tour a pie por el Teatro Romano, el casco antiguo y sus principales monumentos.\" \/>\n<meta name=\"robots\" content=\"index, follow, max-snippet:-1, max-image-preview:large, max-video-preview:-1\" \/>\n<link rel=\"canonical\" href=\"https:\/\/thebestdaytours.com\/es\/producto\/tour-imprescindibles-cartagena-a-pie\/\" \/>\n<meta property=\"og:locale\" content=\"es_ES\" \/>\n<meta property=\"og:type\" content=\"article\" \/>\n<meta property=\"og:title\" content=\"Tour a Pie por los Imprescindibles de Cartagena | Teatro Romano y Casco Hist\u00f3rico\" \/>\n<meta property=\"og:description\" content=\"Descubre la historia viva de Cartagena en este tour a pie por el Teatro Romano, el casco antiguo y sus principales monumentos.\" \/>\n<meta property=\"og:url\" content=\"https:\/\/thebestdaytours.com\/es\/producto\/tour-imprescindibles-cartagena-a-pie\/\" \/>\n<meta property=\"og:site_name\" content=\"The Best Day Cartagena Tours\" \/>\n<meta property=\"article:publisher\" content=\"https:\/\/www.facebook.com\/people\/The-Best-Day-Cartagena-Tours\/100063528762249\/\" \/>\n<meta property=\"article:modified_time\" content=\"2026-01-13T11:15:23+00:00\" \/>\n<meta property=\"og:image\" content=\"https:\/\/thebestdaytours.com\/wp-content\/uploads\/2023\/09\/Depositphotos_609539376_L-1024x598.jpg\" \/>\n\t<meta property=\"og:image:width\" content=\"1024\" \/>\n\t<meta property=\"og:image:height\" content=\"598\" \/>\n\t<meta property=\"og:image:type\" content=\"image\/jpeg\" \/>\n<meta name=\"twitter:card\" content=\"summary_large_image\" \/>\n<meta name=\"twitter:site\" content=\"@thebestdaytours\" \/>\n<meta name=\"twitter:label1\" content=\"Tiempo de lectura\" \/>\n\t<meta name=\"twitter:data1\" content=\"1 minuto\" \/>\n<script type=\"application\/ld+json\" class=\"yoast-schema-graph\">{\"@context\":\"https:\/\/schema.org\",\"@graph\":[{\"@type\":\"WebPage\",\"@id\":\"https:\/\/thebestdaytours.com\/es\/producto\/tour-imprescindibles-cartagena-a-pie\/\",\"url\":\"https:\/\/thebestdaytours.com\/es\/producto\/tour-imprescindibles-cartagena-a-pie\/\",\"name\":\"Tour a Pie por los Imprescindibles de Cartagena | Teatro Romano y Casco Hist\u00f3rico\",\"isPartOf\":{\"@id\":\"https:\/\/thebestdaytours.com\/#website\"},\"primaryImageOfPage\":{\"@id\":\"https:\/\/thebestdaytours.com\/es\/producto\/tour-imprescindibles-cartagena-a-pie\/#primaryimage\"},\"image\":{\"@id\":\"https:\/\/thebestdaytours.com\/es\/producto\/tour-imprescindibles-cartagena-a-pie\/#primaryimage\"},\"thumbnailUrl\":\"https:\/\/thebestdaytours.com\/wp-content\/uploads\/2023\/09\/Depositphotos_609539376_L.jpg\",\"datePublished\":\"2023-09-26T07:30:55+00:00\",\"dateModified\":\"2026-01-13T11:15:23+00:00\",\"description\":\"Descubre la historia viva de Cartagena en este tour a pie por el Teatro Romano, el casco antiguo y sus principales monumentos.\",\"breadcrumb\":{\"@id\":\"https:\/\/thebestdaytours.com\/es\/producto\/tour-imprescindibles-cartagena-a-pie\/#breadcrumb\"},\"inLanguage\":\"es\",\"potentialAction\":[{\"@type\":\"ReadAction\",\"target\":[\"https:\/\/thebestdaytours.com\/es\/producto\/tour-imprescindibles-cartagena-a-pie\/\"]}]},{\"@type\":\"ImageObject\",\"inLanguage\":\"es\",\"@id\":\"https:\/\/thebestdaytours.com\/es\/producto\/tour-imprescindibles-cartagena-a-pie\/#primaryimage\",\"url\":\"https:\/\/thebestdaytours.com\/wp-content\/uploads\/2023\/09\/Depositphotos_609539376_L.jpg\",\"contentUrl\":\"https:\/\/thebestdaytours.com\/wp-content\/uploads\/2023\/09\/Depositphotos_609539376_L.jpg\",\"width\":2000,\"height\":1168,\"caption\":\"Roman amphitheater, Cartagnena in Spain\"},{\"@type\":\"BreadcrumbList\",\"@id\":\"https:\/\/thebestdaytours.com\/es\/producto\/tour-imprescindibles-cartagena-a-pie\/#breadcrumb\",\"itemListElement\":[{\"@type\":\"ListItem\",\"position\":1,\"name\":\"Inicio\",\"item\":\"https:\/\/thebestdaytours.com\/es\/the-best-day\/\"},{\"@type\":\"ListItem\",\"position\":2,\"name\":\"Tour a Pie por los Imprescindibles de Cartagena\"}]},{\"@type\":\"WebSite\",\"@id\":\"https:\/\/thebestdaytours.com\/#website\",\"url\":\"https:\/\/thebestdaytours.com\/\",\"name\":\"The Best Day Cartagena Tours\",\"description\":\"Visitas guiadas entre murcia y cartagena\",\"publisher\":{\"@id\":\"https:\/\/thebestdaytours.com\/#organization\"},\"potentialAction\":[{\"@type\":\"SearchAction\",\"target\":{\"@type\":\"EntryPoint\",\"urlTemplate\":\"https:\/\/thebestdaytours.com\/?s={search_term_string}\"},\"query-input\":{\"@type\":\"PropertyValueSpecification\",\"valueRequired\":true,\"valueName\":\"search_term_string\"}}],\"inLanguage\":\"es\"},{\"@type\":\"Organization\",\"@id\":\"https:\/\/thebestdaytours.com\/#organization\",\"name\":\"The Best Day Cartagena Tours\",\"url\":\"https:\/\/thebestdaytours.com\/\",\"logo\":{\"@type\":\"ImageObject\",\"inLanguage\":\"es\",\"@id\":\"https:\/\/thebestdaytours.com\/#\/schema\/logo\/image\/\",\"url\":\"https:\/\/thebestdaytours.com\/wp-content\/uploads\/2023\/09\/Group-988.png\",\"contentUrl\":\"https:\/\/thebestdaytours.com\/wp-content\/uploads\/2023\/09\/Group-988.png\",\"width\":446,\"height\":118,\"caption\":\"The Best Day Cartagena Tours\"},\"image\":{\"@id\":\"https:\/\/thebestdaytours.com\/#\/schema\/logo\/image\/\"},\"sameAs\":[\"https:\/\/www.facebook.com\/people\/The-Best-Day-Cartagena-Tours\/100063528762249\/\",\"https:\/\/x.com\/thebestdaytours\"]}]}<\/script>\n<!-- \/ Yoast SEO plugin. -->","yoast_head_json":{"title":"Tour a Pie por los Imprescindibles de Cartagena | Teatro Romano y Casco Hist\u00f3rico","description":"Descubre la historia viva de Cartagena en este tour a pie por el Teatro Romano, el casco antiguo y sus principales monumentos.","robots":{"index":"index","follow":"follow","max-snippet":"max-snippet:-1","max-image-preview":"max-image-preview:large","max-video-preview":"max-video-preview:-1"},"canonical":"https:\/\/thebestdaytours.com\/es\/producto\/tour-imprescindibles-cartagena-a-pie\/","og_locale":"es_ES","og_type":"article","og_title":"Tour a Pie por los Imprescindibles de Cartagena | Teatro Romano y Casco Hist\u00f3rico","og_description":"Descubre la historia viva de Cartagena en este tour a pie por el Teatro Romano, el casco antiguo y sus principales monumentos.","og_url":"https:\/\/thebestdaytours.com\/es\/producto\/tour-imprescindibles-cartagena-a-pie\/","og_site_name":"The Best Day Cartagena Tours","article_publisher":"https:\/\/www.facebook.com\/people\/The-Best-Day-Cartagena-Tours\/100063528762249\/","article_modified_time":"2026-01-13T11:15:23+00:00","og_image":[{"width":1024,"height":598,"url":"https:\/\/thebestdaytours.com\/wp-content\/uploads\/2023\/09\/Depositphotos_609539376_L-1024x598.jpg","type":"image\/jpeg"}],"twitter_card":"summary_large_image","twitter_site":"@thebestdaytours","twitter_misc":{"Tiempo de lectura":"1 minuto"},"schema":{"@context":"https:\/\/schema.org","@graph":[{"@type":"WebPage","@id":"https:\/\/thebestdaytours.com\/es\/producto\/tour-imprescindibles-cartagena-a-pie\/","url":"https:\/\/thebestdaytours.com\/es\/producto\/tour-imprescindibles-cartagena-a-pie\/","name":"Tour a Pie por los Imprescindibles de Cartagena | Teatro Romano y Casco Hist\u00f3rico","isPartOf":{"@id":"https:\/\/thebestdaytours.com\/#website"},"primaryImageOfPage":{"@id":"https:\/\/thebestdaytours.com\/es\/producto\/tour-imprescindibles-cartagena-a-pie\/#primaryimage"},"image":{"@id":"https:\/\/thebestdaytours.com\/es\/producto\/tour-imprescindibles-cartagena-a-pie\/#primaryimage"},"thumbnailUrl":"https:\/\/thebestdaytours.com\/wp-content\/uploads\/2023\/09\/Depositphotos_609539376_L.jpg","datePublished":"2023-09-26T07:30:55+00:00","dateModified":"2026-01-13T11:15:23+00:00","description":"Descubre la historia viva de Cartagena en este tour a pie por el Teatro Romano, el casco antiguo y sus principales monumentos.","breadcrumb":{"@id":"https:\/\/thebestdaytours.com\/es\/producto\/tour-imprescindibles-cartagena-a-pie\/#breadcrumb"},"inLanguage":"es","potentialAction":[{"@type":"ReadAction","target":["https:\/\/thebestdaytours.com\/es\/producto\/tour-imprescindibles-cartagena-a-pie\/"]}]},{"@type":"ImageObject","inLanguage":"es","@id":"https:\/\/thebestdaytours.com\/es\/producto\/tour-imprescindibles-cartagena-a-pie\/#primaryimage","url":"https:\/\/thebestdaytours.com\/wp-content\/uploads\/2023\/09\/Depositphotos_609539376_L.jpg","contentUrl":"https:\/\/thebestdaytours.com\/wp-content\/uploads\/2023\/09\/Depositphotos_609539376_L.jpg","width":2000,"height":1168,"caption":"Roman amphitheater, Cartagnena in Spain"},{"@type":"BreadcrumbList","@id":"https:\/\/thebestdaytours.com\/es\/producto\/tour-imprescindibles-cartagena-a-pie\/#breadcrumb","itemListElement":[{"@type":"ListItem","position":1,"name":"Inicio","item":"https:\/\/thebestdaytours.com\/es\/the-best-day\/"},{"@type":"ListItem","position":2,"name":"Tour a Pie por los Imprescindibles de Cartagena"}]},{"@type":"WebSite","@id":"https:\/\/thebestdaytours.com\/#website","url":"https:\/\/thebestdaytours.com\/","name":"The Best Day Cartagena Tours","description":"Visitas guiadas entre murcia y cartagena","publisher":{"@id":"https:\/\/thebestdaytours.com\/#organization"},"potentialAction":[{"@type":"SearchAction","target":{"@type":"EntryPoint","urlTemplate":"https:\/\/thebestdaytours.com\/?s={search_term_string}"},"query-input":{"@type":"PropertyValueSpecification","valueRequired":true,"valueName":"search_term_string"}}],"inLanguage":"es"},{"@type":"Organization","@id":"https:\/\/thebestdaytours.com\/#organization","name":"The Best Day Cartagena Tours","url":"https:\/\/thebestdaytours.com\/","logo":{"@type":"ImageObject","inLanguage":"es","@id":"https:\/\/thebestdaytours.com\/#\/schema\/logo\/image\/","url":"https:\/\/thebestdaytours.com\/wp-content\/uploads\/2023\/09\/Group-988.png","contentUrl":"https:\/\/thebestdaytours.com\/wp-content\/uploads\/2023\/09\/Group-988.png","width":446,"height":118,"caption":"The Best Day Cartagena Tours"},"image":{"@id":"https:\/\/thebestdaytours.com\/#\/schema\/logo\/image\/"},"sameAs":["https:\/\/www.facebook.com\/people\/The-Best-Day-Cartagena-Tours\/100063528762249\/","https:\/\/x.com\/thebestdaytours"]}]}},"_links":{"self":[{"href":"https:\/\/thebestdaytours.com\/es\/wp-json\/wp\/v2\/product\/686","targetHints":{"allow":["GET"]}}],"collection":[{"href":"https:\/\/thebestdaytours.com\/es\/wp-json\/wp\/v2\/product"}],"about":[{"href":"https:\/\/thebestdaytours.com\/es\/wp-json\/wp\/v2\/types\/product"}],"version-history":[{"count":0,"href":"https:\/\/thebestdaytours.com\/es\/wp-json\/wp\/v2\/product\/686\/revisions"}],"wp:featuredmedia":[{"embeddable":true,"href":"https:\/\/thebestdaytours.com\/es\/wp-json\/wp\/v2\/media\/25275"}],"wp:attachment":[{"href":"https:\/\/thebestdaytours.com\/es\/wp-json\/wp\/v2\/media?parent=686"}],"wp:term":[{"taxonomy":"product_brand","embeddable":true,"href":"https:\/\/thebestdaytours.com\/es\/wp-json\/wp\/v2\/product_brand?post=686"},{"taxonomy":"product_cat","embeddable":true,"href":"https:\/\/thebestdaytours.com\/es\/wp-json\/wp\/v2\/product_cat?post=686"},{"taxonomy":"product_tag","embeddable":true,"href":"https:\/\/thebestdaytours.com\/es\/wp-json\/wp\/v2\/product_tag?post=686"}],"curies":[{"name":"wp","href":"https:\/\/api.w.org\/{rel}","templated":true}]}}