{"id":668,"date":"2025-01-08T12:00:45","date_gmt":"2025-01-08T11:00:45","guid":{"rendered":"https:\/\/thebestdaytours.com\/?post_type=product&#038;p=668"},"modified":"2026-01-13T12:58:49","modified_gmt":"2026-01-13T11:58:49","slug":"ruta-de-tapas-cartagena-sabores-locales","status":"publish","type":"product","link":"https:\/\/thebestdaytours.com\/es\/producto\/ruta-de-tapas-cartagena-sabores-locales\/","title":{"rendered":"Ruta de Tapas por Cartagena \u2013 Sabores Locales y Rincones con Encanto"},"content":{"rendered":"<p><span data-sheets-root=\"1\">Descubre Cartagena a trav\u00e9s de su sabor. Nuestra Ruta de Tapas combina cultura y gastronom\u00eda en una experiencia deliciosa. Visitar\u00e1s cuatro bares tradicionales, degustando tapas elaboradas con productos locales acompa\u00f1adas de vino o cerveza. Entre parada y parada, exploraremos el Teatro Romano y los rincones m\u00e1s aut\u00e9nticos de la ciudad. <\/span><\/p>\n<p><span data-sheets-root=\"1\">Una experiencia perfecta para los amantes de la buena comida y la historia.<\/span><\/p>\n","protected":false},"excerpt":{"rendered":"<p><span data-sheets-root=\"1\">Saborea la aut\u00e9ntica gastronom\u00eda de Cartagena en una ruta de tapas guiada por el casco antiguo. Vinos locales, bares tradicionales y mucha historia.<\/span><\/p>\n","protected":false},"featured_media":25281,"template":"","meta":{"site-sidebar-layout":"default","site-content-layout":"default","ast-site-content-layout":"default","site-content-style":"default","site-sidebar-style":"default","ast-global-header-display":"","ast-banner-title-visibility":"","ast-main-header-display":"","ast-hfb-above-header-display":"","ast-hfb-below-header-display":"","ast-hfb-mobile-header-display":"","site-post-title":"","ast-breadcrumbs-content":"","ast-featured-img":"","footer-sml-layout":"","ast-disable-related-posts":"","theme-transparent-header-meta":"default","adv-header-id-meta":"","stick-header-meta":"default","header-above-stick-meta":"","header-main-stick-meta":"","header-below-stick-meta":"","astra-migrate-meta-layouts":"set","ast-page-background-enabled":"default","ast-page-background-meta":{"desktop":{"background-color":"var(--ast-global-color-4)","background-image":"","background-repeat":"repeat","background-position":"center center","background-size":"auto","background-attachment":"scroll","background-type":"","background-media":"","overlay-type":"","overlay-color":"","overlay-opacity":"","overlay-gradient":""},"tablet":{"background-color":"","background-image":"","background-repeat":"repeat","background-position":"center center","background-size":"auto","background-attachment":"scroll","background-type":"","background-media":"","overlay-type":"","overlay-color":"","overlay-opacity":"","overlay-gradient":""},"mobile":{"background-color":"","background-image":"","background-repeat":"repeat","background-position":"center center","background-size":"auto","background-attachment":"scroll","background-type":"","background-media":"","overlay-type":"","overlay-color":"","overlay-opacity":"","overlay-gradient":""}},"ast-content-background-meta":{"desktop":{"background-color":"var(--ast-global-color-5)","background-image":"","background-repeat":"repeat","background-position":"center center","background-size":"auto","background-attachment":"scroll","background-type":"","background-media":"","overlay-type":"","overlay-color":"","overlay-opacity":"","overlay-gradient":""},"tablet":{"background-color":"var(--ast-global-color-5)","background-image":"","background-repeat":"repeat","background-position":"center center","background-size":"auto","background-attachment":"scroll","background-type":"","background-media":"","overlay-type":"","overlay-color":"","overlay-opacity":"","overlay-gradient":""},"mobile":{"background-color":"var(--ast-global-color-5)","background-image":"","background-repeat":"repeat","background-position":"center center","background-size":"auto","background-attachment":"scroll","background-type":"","background-media":"","overlay-type":"","overlay-color":"","overlay-opacity":"","overlay-gradient":""}}},"product_brand":[],"product_cat":[38],"product_tag":[31],"class_list":{"0":"post-668","1":"product","2":"type-product","3":"status-publish","4":"has-post-thumbnail","6":"product_cat-gastronomia-y-enoturismo","7":"product_tag-cartagena","8":"desktop-align-left","9":"tablet-align-left","10":"mobile-align-left","12":"first","13":"instock","14":"virtual","15":"sold-individually","16":"taxable","17":"purchasable","18":"product-type-booking"},"yoast_head":"<!-- This site is optimized with the Yoast SEO plugin v27.0 - https:\/\/yoast.com\/product\/yoast-seo-wordpress\/ -->\n<title>Ruta de Tapas por Cartagena \u2013 Sabores Locales y Rincones con Encanto<\/title>\n<meta name=\"description\" content=\"Saborea la aut\u00e9ntica gastronom\u00eda de Cartagena en una ruta de tapas guiada por el casco antiguo. Vinos locales, bares tradicionales y mucha historia.\" \/>\n<meta name=\"robots\" content=\"index, follow, max-snippet:-1, max-image-preview:large, max-video-preview:-1\" \/>\n<link rel=\"canonical\" href=\"https:\/\/thebestdaytours.com\/es\/producto\/ruta-de-tapas-cartagena-sabores-locales\/\" \/>\n<meta property=\"og:locale\" content=\"es_ES\" \/>\n<meta property=\"og:type\" content=\"article\" \/>\n<meta property=\"og:title\" content=\"Ruta de Tapas por Cartagena \u2013 Sabores Locales y Rincones con Encanto\" \/>\n<meta property=\"og:description\" content=\"Saborea la aut\u00e9ntica gastronom\u00eda de Cartagena en una ruta de tapas guiada por el casco antiguo. Vinos locales, bares tradicionales y mucha historia.\" \/>\n<meta property=\"og:url\" content=\"https:\/\/thebestdaytours.com\/es\/producto\/ruta-de-tapas-cartagena-sabores-locales\/\" \/>\n<meta property=\"og:site_name\" content=\"The Best Day Cartagena Tours\" \/>\n<meta property=\"article:publisher\" content=\"https:\/\/www.facebook.com\/people\/The-Best-Day-Cartagena-Tours\/100063528762249\/\" \/>\n<meta property=\"article:modified_time\" content=\"2026-01-13T11:58:49+00:00\" \/>\n<meta property=\"og:image\" content=\"https:\/\/thebestdaytours.com\/wp-content\/uploads\/2025\/01\/Depositphotos_237577204_XL-scaled.jpg\" \/>\n\t<meta property=\"og:image:width\" content=\"2560\" \/>\n\t<meta property=\"og:image:height\" content=\"1710\" \/>\n\t<meta property=\"og:image:type\" content=\"image\/jpeg\" \/>\n<meta name=\"twitter:card\" content=\"summary_large_image\" \/>\n<meta name=\"twitter:site\" content=\"@thebestdaytours\" \/>\n<meta name=\"twitter:label1\" content=\"Tiempo de lectura\" \/>\n\t<meta name=\"twitter:data1\" content=\"1 minuto\" \/>\n<script type=\"application\/ld+json\" class=\"yoast-schema-graph\">{\"@context\":\"https:\/\/schema.org\",\"@graph\":[{\"@type\":\"WebPage\",\"@id\":\"https:\/\/thebestdaytours.com\/es\/producto\/ruta-de-tapas-cartagena-sabores-locales\/\",\"url\":\"https:\/\/thebestdaytours.com\/es\/producto\/ruta-de-tapas-cartagena-sabores-locales\/\",\"name\":\"Ruta de Tapas por Cartagena \u2013 Sabores Locales y Rincones con Encanto\",\"isPartOf\":{\"@id\":\"https:\/\/thebestdaytours.com\/#website\"},\"primaryImageOfPage\":{\"@id\":\"https:\/\/thebestdaytours.com\/es\/producto\/ruta-de-tapas-cartagena-sabores-locales\/#primaryimage\"},\"image\":{\"@id\":\"https:\/\/thebestdaytours.com\/es\/producto\/ruta-de-tapas-cartagena-sabores-locales\/#primaryimage\"},\"thumbnailUrl\":\"https:\/\/thebestdaytours.com\/wp-content\/uploads\/2025\/01\/Depositphotos_237577204_XL-scaled.jpg\",\"datePublished\":\"2025-01-08T11:00:45+00:00\",\"dateModified\":\"2026-01-13T11:58:49+00:00\",\"description\":\"Saborea la aut\u00e9ntica gastronom\u00eda de Cartagena en una ruta de tapas guiada por el casco antiguo. Vinos locales, bares tradicionales y mucha historia.\",\"breadcrumb\":{\"@id\":\"https:\/\/thebestdaytours.com\/es\/producto\/ruta-de-tapas-cartagena-sabores-locales\/#breadcrumb\"},\"inLanguage\":\"es\",\"potentialAction\":[{\"@type\":\"ReadAction\",\"target\":[\"https:\/\/thebestdaytours.com\/es\/producto\/ruta-de-tapas-cartagena-sabores-locales\/\"]}]},{\"@type\":\"ImageObject\",\"inLanguage\":\"es\",\"@id\":\"https:\/\/thebestdaytours.com\/es\/producto\/ruta-de-tapas-cartagena-sabores-locales\/#primaryimage\",\"url\":\"https:\/\/thebestdaytours.com\/wp-content\/uploads\/2025\/01\/Depositphotos_237577204_XL-scaled.jpg\",\"contentUrl\":\"https:\/\/thebestdaytours.com\/wp-content\/uploads\/2025\/01\/Depositphotos_237577204_XL-scaled.jpg\",\"width\":2560,\"height\":1710},{\"@type\":\"BreadcrumbList\",\"@id\":\"https:\/\/thebestdaytours.com\/es\/producto\/ruta-de-tapas-cartagena-sabores-locales\/#breadcrumb\",\"itemListElement\":[{\"@type\":\"ListItem\",\"position\":1,\"name\":\"Inicio\",\"item\":\"https:\/\/thebestdaytours.com\/es\/the-best-day\/\"},{\"@type\":\"ListItem\",\"position\":2,\"name\":\"Ruta de Tapas por Cartagena \u2013 Sabores Locales y Rincones con Encanto\"}]},{\"@type\":\"WebSite\",\"@id\":\"https:\/\/thebestdaytours.com\/#website\",\"url\":\"https:\/\/thebestdaytours.com\/\",\"name\":\"The Best Day Cartagena Tours\",\"description\":\"Visitas guiadas entre murcia y cartagena\",\"publisher\":{\"@id\":\"https:\/\/thebestdaytours.com\/#organization\"},\"potentialAction\":[{\"@type\":\"SearchAction\",\"target\":{\"@type\":\"EntryPoint\",\"urlTemplate\":\"https:\/\/thebestdaytours.com\/?s={search_term_string}\"},\"query-input\":{\"@type\":\"PropertyValueSpecification\",\"valueRequired\":true,\"valueName\":\"search_term_string\"}}],\"inLanguage\":\"es\"},{\"@type\":\"Organization\",\"@id\":\"https:\/\/thebestdaytours.com\/#organization\",\"name\":\"The Best Day Cartagena Tours\",\"url\":\"https:\/\/thebestdaytours.com\/\",\"logo\":{\"@type\":\"ImageObject\",\"inLanguage\":\"es\",\"@id\":\"https:\/\/thebestdaytours.com\/#\/schema\/logo\/image\/\",\"url\":\"https:\/\/thebestdaytours.com\/wp-content\/uploads\/2023\/09\/Group-988.png\",\"contentUrl\":\"https:\/\/thebestdaytours.com\/wp-content\/uploads\/2023\/09\/Group-988.png\",\"width\":446,\"height\":118,\"caption\":\"The Best Day Cartagena Tours\"},\"image\":{\"@id\":\"https:\/\/thebestdaytours.com\/#\/schema\/logo\/image\/\"},\"sameAs\":[\"https:\/\/www.facebook.com\/people\/The-Best-Day-Cartagena-Tours\/100063528762249\/\",\"https:\/\/x.com\/thebestdaytours\"]}]}<\/script>\n<!-- \/ Yoast SEO plugin. -->","yoast_head_json":{"title":"Ruta de Tapas por Cartagena \u2013 Sabores Locales y Rincones con Encanto","description":"Saborea la aut\u00e9ntica gastronom\u00eda de Cartagena en una ruta de tapas guiada por el casco antiguo. Vinos locales, bares tradicionales y mucha historia.","robots":{"index":"index","follow":"follow","max-snippet":"max-snippet:-1","max-image-preview":"max-image-preview:large","max-video-preview":"max-video-preview:-1"},"canonical":"https:\/\/thebestdaytours.com\/es\/producto\/ruta-de-tapas-cartagena-sabores-locales\/","og_locale":"es_ES","og_type":"article","og_title":"Ruta de Tapas por Cartagena \u2013 Sabores Locales y Rincones con Encanto","og_description":"Saborea la aut\u00e9ntica gastronom\u00eda de Cartagena en una ruta de tapas guiada por el casco antiguo. Vinos locales, bares tradicionales y mucha historia.","og_url":"https:\/\/thebestdaytours.com\/es\/producto\/ruta-de-tapas-cartagena-sabores-locales\/","og_site_name":"The Best Day Cartagena Tours","article_publisher":"https:\/\/www.facebook.com\/people\/The-Best-Day-Cartagena-Tours\/100063528762249\/","article_modified_time":"2026-01-13T11:58:49+00:00","og_image":[{"width":2560,"height":1710,"url":"https:\/\/thebestdaytours.com\/wp-content\/uploads\/2025\/01\/Depositphotos_237577204_XL-scaled.jpg","type":"image\/jpeg"}],"twitter_card":"summary_large_image","twitter_site":"@thebestdaytours","twitter_misc":{"Tiempo de lectura":"1 minuto"},"schema":{"@context":"https:\/\/schema.org","@graph":[{"@type":"WebPage","@id":"https:\/\/thebestdaytours.com\/es\/producto\/ruta-de-tapas-cartagena-sabores-locales\/","url":"https:\/\/thebestdaytours.com\/es\/producto\/ruta-de-tapas-cartagena-sabores-locales\/","name":"Ruta de Tapas por Cartagena \u2013 Sabores Locales y Rincones con Encanto","isPartOf":{"@id":"https:\/\/thebestdaytours.com\/#website"},"primaryImageOfPage":{"@id":"https:\/\/thebestdaytours.com\/es\/producto\/ruta-de-tapas-cartagena-sabores-locales\/#primaryimage"},"image":{"@id":"https:\/\/thebestdaytours.com\/es\/producto\/ruta-de-tapas-cartagena-sabores-locales\/#primaryimage"},"thumbnailUrl":"https:\/\/thebestdaytours.com\/wp-content\/uploads\/2025\/01\/Depositphotos_237577204_XL-scaled.jpg","datePublished":"2025-01-08T11:00:45+00:00","dateModified":"2026-01-13T11:58:49+00:00","description":"Saborea la aut\u00e9ntica gastronom\u00eda de Cartagena en una ruta de tapas guiada por el casco antiguo. Vinos locales, bares tradicionales y mucha historia.","breadcrumb":{"@id":"https:\/\/thebestdaytours.com\/es\/producto\/ruta-de-tapas-cartagena-sabores-locales\/#breadcrumb"},"inLanguage":"es","potentialAction":[{"@type":"ReadAction","target":["https:\/\/thebestdaytours.com\/es\/producto\/ruta-de-tapas-cartagena-sabores-locales\/"]}]},{"@type":"ImageObject","inLanguage":"es","@id":"https:\/\/thebestdaytours.com\/es\/producto\/ruta-de-tapas-cartagena-sabores-locales\/#primaryimage","url":"https:\/\/thebestdaytours.com\/wp-content\/uploads\/2025\/01\/Depositphotos_237577204_XL-scaled.jpg","contentUrl":"https:\/\/thebestdaytours.com\/wp-content\/uploads\/2025\/01\/Depositphotos_237577204_XL-scaled.jpg","width":2560,"height":1710},{"@type":"BreadcrumbList","@id":"https:\/\/thebestdaytours.com\/es\/producto\/ruta-de-tapas-cartagena-sabores-locales\/#breadcrumb","itemListElement":[{"@type":"ListItem","position":1,"name":"Inicio","item":"https:\/\/thebestdaytours.com\/es\/the-best-day\/"},{"@type":"ListItem","position":2,"name":"Ruta de Tapas por Cartagena \u2013 Sabores Locales y Rincones con Encanto"}]},{"@type":"WebSite","@id":"https:\/\/thebestdaytours.com\/#website","url":"https:\/\/thebestdaytours.com\/","name":"The Best Day Cartagena Tours","description":"Visitas guiadas entre murcia y cartagena","publisher":{"@id":"https:\/\/thebestdaytours.com\/#organization"},"potentialAction":[{"@type":"SearchAction","target":{"@type":"EntryPoint","urlTemplate":"https:\/\/thebestdaytours.com\/?s={search_term_string}"},"query-input":{"@type":"PropertyValueSpecification","valueRequired":true,"valueName":"search_term_string"}}],"inLanguage":"es"},{"@type":"Organization","@id":"https:\/\/thebestdaytours.com\/#organization","name":"The Best Day Cartagena Tours","url":"https:\/\/thebestdaytours.com\/","logo":{"@type":"ImageObject","inLanguage":"es","@id":"https:\/\/thebestdaytours.com\/#\/schema\/logo\/image\/","url":"https:\/\/thebestdaytours.com\/wp-content\/uploads\/2023\/09\/Group-988.png","contentUrl":"https:\/\/thebestdaytours.com\/wp-content\/uploads\/2023\/09\/Group-988.png","width":446,"height":118,"caption":"The Best Day Cartagena Tours"},"image":{"@id":"https:\/\/thebestdaytours.com\/#\/schema\/logo\/image\/"},"sameAs":["https:\/\/www.facebook.com\/people\/The-Best-Day-Cartagena-Tours\/100063528762249\/","https:\/\/x.com\/thebestdaytours"]}]}},"_links":{"self":[{"href":"https:\/\/thebestdaytours.com\/es\/wp-json\/wp\/v2\/product\/668","targetHints":{"allow":["GET"]}}],"collection":[{"href":"https:\/\/thebestdaytours.com\/es\/wp-json\/wp\/v2\/product"}],"about":[{"href":"https:\/\/thebestdaytours.com\/es\/wp-json\/wp\/v2\/types\/product"}],"version-history":[{"count":0,"href":"https:\/\/thebestdaytours.com\/es\/wp-json\/wp\/v2\/product\/668\/revisions"}],"wp:featuredmedia":[{"embeddable":true,"href":"https:\/\/thebestdaytours.com\/es\/wp-json\/wp\/v2\/media\/25281"}],"wp:attachment":[{"href":"https:\/\/thebestdaytours.com\/es\/wp-json\/wp\/v2\/media?parent=668"}],"wp:term":[{"taxonomy":"product_brand","embeddable":true,"href":"https:\/\/thebestdaytours.com\/es\/wp-json\/wp\/v2\/product_brand?post=668"},{"taxonomy":"product_cat","embeddable":true,"href":"https:\/\/thebestdaytours.com\/es\/wp-json\/wp\/v2\/product_cat?post=668"},{"taxonomy":"product_tag","embeddable":true,"href":"https:\/\/thebestdaytours.com\/es\/wp-json\/wp\/v2\/product_tag?post=668"}],"curies":[{"name":"wp","href":"https:\/\/api.w.org\/{rel}","templated":true}]}}