{"id":660,"date":"2023-09-26T09:40:44","date_gmt":"2023-09-26T07:40:44","guid":{"rendered":"https:\/\/thebestdaytours.com\/?post_type=product&#038;p=660"},"modified":"2026-01-13T12:58:17","modified_gmt":"2026-01-13T11:58:17","slug":"free-tour-murcia","status":"publish","type":"product","link":"https:\/\/thebestdaytours.com\/es\/producto\/free-tour-murcia\/","title":{"rendered":"Free-tour Murcia"},"content":{"rendered":"<p>\u00a1Bienvenidos a Murcia, la ciudad m\u00e1s bonita del sureste espa\u00f1ol!<br \/>\n<strong>Si est\u00e1s buscando una forma \u00fanica y divertida de explorar nuestra ciudad, no te pierdas nuestro Free Tour de Murcia.<\/strong> Durante este recorrido guiado de dos horas, nuestro gu\u00eda experto te llevar\u00e1 por los rincones m\u00e1s emblem\u00e1ticos de la ciudad, descubriendo su fascinante historia y cultura.<\/p>\n<p>Ver\u00e1s la majestuosidad de la Catedral de Murcia, conocer\u00e1s la historia del famoso Salzillo y su arte en la Plaza de Santo Domingo y caminar\u00e1s por la encantadora calle Traper\u00eda, llena de tiendas y bares. Pero eso no es todo. Tambi\u00e9n te llevaremos a descubrir los secretos mejor guardados de Murcia, como la Plaza de las Flores, donde los lugare\u00f1os se re\u00fanen para comprar flores frescas y disfrutar de una bebida en sus terrazas. Adem\u00e1s, conocer\u00e1s la sorprendente historia detr\u00e1s del Casino de Murcia y la Plaza de Belluga.<\/p>\n<p>No pierdas esta oportunidad de explorar Murcia con nuestro divertido y apasionado equipo de gu\u00edas tur\u00edsticos.<br \/>\n<strong>\u00a1Reserva ahora tu plaza en nuestro Free Tour y descubre la belleza de Murcia!<br \/>\n<\/strong><\/p>\n<p><strong>IMPORTANTE:<\/strong> El punto de encuentro para dar comienzo al tour y, donde deber\u00e1s estar en fecha y hora que has realizado la reserva ser\u00e1 en la <a href=\"https:\/\/www.google.es\/maps\/place\/Ayuntamiento+de+Murcia\/@37.9834145,-1.1328699,596m\/data=!3m2!1e3!4b1!4m6!3m5!1s0xd63821d088134a5:0xcdfa1add0c0b42a5!8m2!3d37.9834145!4d-1.1302896!16s%2Fg%2F1hm69xb_k?entry=ttu&amp;g_ep=EgoyMDI1MDgwNi4wIKXMDSoASAFQAw%3D%3D\">Plaza de la Glorieta de Espa\u00f1a, frente al Ayuntamiento de Murcia<\/a><\/p>\n<p>Este tour se realiza tanto en <strong>espa\u00f1ol<\/strong> como en <strong>ingl\u00e9s<\/strong> principalmente. Si quieres realizar el tour en un idioma distinto a los anteriormente mencionados, por favor, ponte en contacto con nosotros para consultarnos la posibilidad de ello haciendo <a href=\"https:\/\/thebestdaytours.com\/contacto\/\" target=\"_blank\" rel=\"noopener\">clic aqu\u00ed<\/a>.<\/p>\n<p><strong>\u00a0<\/strong><\/p>\n","protected":false},"excerpt":{"rendered":"<p><span style=\"font-weight: 400;\">Descubre la ciudad a trav\u00e9s de nuestros narradores locales en un emocionante Free Tour. Sum\u00e9rgete en sus historias mientras paseas por las calles hist\u00f3ricas y descubre los tesoros que hacen \u00fanica a Murcia. \u00a1Una experiencia gratuita que te conecta con la aut\u00e9ntica esencia de la ciudad!<\/span><\/p>\n<p><img decoding=\"async\" class=\"alignnone wp-image-18928\" src=\"https:\/\/thebestdaytours.com\/wp-content\/uploads\/2023\/09\/civitatis.png\" alt=\"civitatis\" width=\"121\" height=\"121\" srcset=\"https:\/\/thebestdaytours.com\/wp-content\/uploads\/2023\/09\/civitatis.png 411w, https:\/\/thebestdaytours.com\/wp-content\/uploads\/2023\/09\/civitatis-300x300.png 300w, https:\/\/thebestdaytours.com\/wp-content\/uploads\/2023\/09\/civitatis-150x150.png 150w, https:\/\/thebestdaytours.com\/wp-content\/uploads\/2023\/09\/civitatis-100x100.png 100w\" sizes=\"(max-width: 121px) 100vw, 121px\" \/><\/p>\n","protected":false},"featured_media":1065,"template":"","meta":{"site-sidebar-layout":"default","site-content-layout":"default","ast-site-content-layout":"default","site-content-style":"default","site-sidebar-style":"default","ast-global-header-display":"","ast-banner-title-visibility":"","ast-main-header-display":"","ast-hfb-above-header-display":"","ast-hfb-below-header-display":"","ast-hfb-mobile-header-display":"","site-post-title":"","ast-breadcrumbs-content":"","ast-featured-img":"","footer-sml-layout":"","ast-disable-related-posts":"","theme-transparent-header-meta":"default","adv-header-id-meta":"","stick-header-meta":"default","header-above-stick-meta":"","header-main-stick-meta":"","header-below-stick-meta":"","astra-migrate-meta-layouts":"set","ast-page-background-enabled":"default","ast-page-background-meta":{"desktop":{"background-color":"var(--ast-global-color-4)","background-image":"","background-repeat":"repeat","background-position":"center center","background-size":"auto","background-attachment":"scroll","background-type":"","background-media":"","overlay-type":"","overlay-color":"","overlay-opacity":"","overlay-gradient":""},"tablet":{"background-color":"","background-image":"","background-repeat":"repeat","background-position":"center center","background-size":"auto","background-attachment":"scroll","background-type":"","background-media":"","overlay-type":"","overlay-color":"","overlay-opacity":"","overlay-gradient":""},"mobile":{"background-color":"","background-image":"","background-repeat":"repeat","background-position":"center center","background-size":"auto","background-attachment":"scroll","background-type":"","background-media":"","overlay-type":"","overlay-color":"","overlay-opacity":"","overlay-gradient":""}},"ast-content-background-meta":{"desktop":{"background-color":"var(--ast-global-color-5)","background-image":"","background-repeat":"repeat","background-position":"center center","background-size":"auto","background-attachment":"scroll","background-type":"","background-media":"","overlay-type":"","overlay-color":"","overlay-opacity":"","overlay-gradient":""},"tablet":{"background-color":"var(--ast-global-color-5)","background-image":"","background-repeat":"repeat","background-position":"center center","background-size":"auto","background-attachment":"scroll","background-type":"","background-media":"","overlay-type":"","overlay-color":"","overlay-opacity":"","overlay-gradient":""},"mobile":{"background-color":"var(--ast-global-color-5)","background-image":"","background-repeat":"repeat","background-position":"center center","background-size":"auto","background-attachment":"scroll","background-type":"","background-media":"","overlay-type":"","overlay-color":"","overlay-opacity":"","overlay-gradient":""}}},"product_brand":[],"product_cat":[30],"product_tag":[46],"class_list":{"0":"post-660","1":"product","2":"type-product","3":"status-publish","4":"has-post-thumbnail","6":"product_cat-free-tours","7":"product_tag-murcia","8":"desktop-align-left","9":"tablet-align-left","10":"mobile-align-left","12":"first","13":"instock","14":"sold-individually","15":"taxable","16":"shipping-taxable","17":"purchasable","18":"product-type-booking"},"yoast_head":"<!-- This site is optimized with the Yoast SEO plugin v27.0 - https:\/\/yoast.com\/product\/yoast-seo-wordpress\/ -->\n<title>Free Tour Murcia | The best day tours<\/title>\n<meta name=\"description\" content=\"Descubre los encantos de Murcia en un tour gratuito que te llevar\u00e1 por sus calles hist\u00f3ricas, plazas animadas y lugares emblem\u00e1ticos. \u00a1Reserva ahora!\" \/>\n<meta name=\"robots\" content=\"index, follow, max-snippet:-1, max-image-preview:large, max-video-preview:-1\" \/>\n<link rel=\"canonical\" href=\"https:\/\/thebestdaytours.com\/es\/producto\/free-tour-murcia\/\" \/>\n<meta property=\"og:locale\" content=\"es_ES\" \/>\n<meta property=\"og:type\" content=\"article\" \/>\n<meta property=\"og:title\" content=\"Free Tour Murcia | The best day tours\" \/>\n<meta property=\"og:description\" content=\"Descubre los encantos de Murcia en un tour gratuito que te llevar\u00e1 por sus calles hist\u00f3ricas, plazas animadas y lugares emblem\u00e1ticos. \u00a1Reserva ahora!\" \/>\n<meta property=\"og:url\" content=\"https:\/\/thebestdaytours.com\/es\/producto\/free-tour-murcia\/\" \/>\n<meta property=\"og:site_name\" content=\"The Best Day Cartagena Tours\" \/>\n<meta property=\"article:publisher\" content=\"https:\/\/www.facebook.com\/people\/The-Best-Day-Cartagena-Tours\/100063528762249\/\" \/>\n<meta property=\"article:modified_time\" content=\"2026-01-13T11:58:17+00:00\" \/>\n<meta property=\"og:image\" content=\"https:\/\/thebestdaytours.com\/wp-content\/uploads\/2023\/09\/CasinoFacade-scaled.jpg\" \/>\n\t<meta property=\"og:image:width\" content=\"2560\" \/>\n\t<meta property=\"og:image:height\" content=\"1802\" \/>\n\t<meta property=\"og:image:type\" content=\"image\/jpeg\" \/>\n<meta name=\"twitter:card\" content=\"summary_large_image\" \/>\n<meta name=\"twitter:site\" content=\"@thebestdaytours\" \/>\n<meta name=\"twitter:label1\" content=\"Tiempo de lectura\" \/>\n\t<meta name=\"twitter:data1\" content=\"2 minutos\" \/>\n<script type=\"application\/ld+json\" class=\"yoast-schema-graph\">{\"@context\":\"https:\/\/schema.org\",\"@graph\":[{\"@type\":\"WebPage\",\"@id\":\"https:\/\/thebestdaytours.com\/es\/producto\/free-tour-murcia\/\",\"url\":\"https:\/\/thebestdaytours.com\/es\/producto\/free-tour-murcia\/\",\"name\":\"Free Tour Murcia | The best day tours\",\"isPartOf\":{\"@id\":\"https:\/\/thebestdaytours.com\/#website\"},\"primaryImageOfPage\":{\"@id\":\"https:\/\/thebestdaytours.com\/es\/producto\/free-tour-murcia\/#primaryimage\"},\"image\":{\"@id\":\"https:\/\/thebestdaytours.com\/es\/producto\/free-tour-murcia\/#primaryimage\"},\"thumbnailUrl\":\"https:\/\/thebestdaytours.com\/wp-content\/uploads\/2023\/09\/CasinoFacade-scaled.jpg\",\"datePublished\":\"2023-09-26T07:40:44+00:00\",\"dateModified\":\"2026-01-13T11:58:17+00:00\",\"description\":\"Descubre los encantos de Murcia en un tour gratuito que te llevar\u00e1 por sus calles hist\u00f3ricas, plazas animadas y lugares emblem\u00e1ticos. \u00a1Reserva ahora!\",\"breadcrumb\":{\"@id\":\"https:\/\/thebestdaytours.com\/es\/producto\/free-tour-murcia\/#breadcrumb\"},\"inLanguage\":\"es\",\"potentialAction\":[{\"@type\":\"ReadAction\",\"target\":[\"https:\/\/thebestdaytours.com\/es\/producto\/free-tour-murcia\/\"]}]},{\"@type\":\"ImageObject\",\"inLanguage\":\"es\",\"@id\":\"https:\/\/thebestdaytours.com\/es\/producto\/free-tour-murcia\/#primaryimage\",\"url\":\"https:\/\/thebestdaytours.com\/wp-content\/uploads\/2023\/09\/CasinoFacade-scaled.jpg\",\"contentUrl\":\"https:\/\/thebestdaytours.com\/wp-content\/uploads\/2023\/09\/CasinoFacade-scaled.jpg\",\"width\":2560,\"height\":1802,\"caption\":\"Free-tour Murcia\"},{\"@type\":\"BreadcrumbList\",\"@id\":\"https:\/\/thebestdaytours.com\/es\/producto\/free-tour-murcia\/#breadcrumb\",\"itemListElement\":[{\"@type\":\"ListItem\",\"position\":1,\"name\":\"Inicio\",\"item\":\"https:\/\/thebestdaytours.com\/es\/the-best-day\/\"},{\"@type\":\"ListItem\",\"position\":2,\"name\":\"Free-tour Murcia\"}]},{\"@type\":\"WebSite\",\"@id\":\"https:\/\/thebestdaytours.com\/#website\",\"url\":\"https:\/\/thebestdaytours.com\/\",\"name\":\"The Best Day Cartagena Tours\",\"description\":\"Visitas guiadas entre murcia y cartagena\",\"publisher\":{\"@id\":\"https:\/\/thebestdaytours.com\/#organization\"},\"potentialAction\":[{\"@type\":\"SearchAction\",\"target\":{\"@type\":\"EntryPoint\",\"urlTemplate\":\"https:\/\/thebestdaytours.com\/?s={search_term_string}\"},\"query-input\":{\"@type\":\"PropertyValueSpecification\",\"valueRequired\":true,\"valueName\":\"search_term_string\"}}],\"inLanguage\":\"es\"},{\"@type\":\"Organization\",\"@id\":\"https:\/\/thebestdaytours.com\/#organization\",\"name\":\"The Best Day Cartagena Tours\",\"url\":\"https:\/\/thebestdaytours.com\/\",\"logo\":{\"@type\":\"ImageObject\",\"inLanguage\":\"es\",\"@id\":\"https:\/\/thebestdaytours.com\/#\/schema\/logo\/image\/\",\"url\":\"https:\/\/thebestdaytours.com\/wp-content\/uploads\/2023\/09\/Group-988.png\",\"contentUrl\":\"https:\/\/thebestdaytours.com\/wp-content\/uploads\/2023\/09\/Group-988.png\",\"width\":446,\"height\":118,\"caption\":\"The Best Day Cartagena Tours\"},\"image\":{\"@id\":\"https:\/\/thebestdaytours.com\/#\/schema\/logo\/image\/\"},\"sameAs\":[\"https:\/\/www.facebook.com\/people\/The-Best-Day-Cartagena-Tours\/100063528762249\/\",\"https:\/\/x.com\/thebestdaytours\"]}]}<\/script>\n<!-- \/ Yoast SEO plugin. -->","yoast_head_json":{"title":"Free Tour Murcia | The best day tours","description":"Descubre los encantos de Murcia en un tour gratuito que te llevar\u00e1 por sus calles hist\u00f3ricas, plazas animadas y lugares emblem\u00e1ticos. \u00a1Reserva ahora!","robots":{"index":"index","follow":"follow","max-snippet":"max-snippet:-1","max-image-preview":"max-image-preview:large","max-video-preview":"max-video-preview:-1"},"canonical":"https:\/\/thebestdaytours.com\/es\/producto\/free-tour-murcia\/","og_locale":"es_ES","og_type":"article","og_title":"Free Tour Murcia | The best day tours","og_description":"Descubre los encantos de Murcia en un tour gratuito que te llevar\u00e1 por sus calles hist\u00f3ricas, plazas animadas y lugares emblem\u00e1ticos. \u00a1Reserva ahora!","og_url":"https:\/\/thebestdaytours.com\/es\/producto\/free-tour-murcia\/","og_site_name":"The Best Day Cartagena Tours","article_publisher":"https:\/\/www.facebook.com\/people\/The-Best-Day-Cartagena-Tours\/100063528762249\/","article_modified_time":"2026-01-13T11:58:17+00:00","og_image":[{"width":2560,"height":1802,"url":"https:\/\/thebestdaytours.com\/wp-content\/uploads\/2023\/09\/CasinoFacade-scaled.jpg","type":"image\/jpeg"}],"twitter_card":"summary_large_image","twitter_site":"@thebestdaytours","twitter_misc":{"Tiempo de lectura":"2 minutos"},"schema":{"@context":"https:\/\/schema.org","@graph":[{"@type":"WebPage","@id":"https:\/\/thebestdaytours.com\/es\/producto\/free-tour-murcia\/","url":"https:\/\/thebestdaytours.com\/es\/producto\/free-tour-murcia\/","name":"Free Tour Murcia | The best day tours","isPartOf":{"@id":"https:\/\/thebestdaytours.com\/#website"},"primaryImageOfPage":{"@id":"https:\/\/thebestdaytours.com\/es\/producto\/free-tour-murcia\/#primaryimage"},"image":{"@id":"https:\/\/thebestdaytours.com\/es\/producto\/free-tour-murcia\/#primaryimage"},"thumbnailUrl":"https:\/\/thebestdaytours.com\/wp-content\/uploads\/2023\/09\/CasinoFacade-scaled.jpg","datePublished":"2023-09-26T07:40:44+00:00","dateModified":"2026-01-13T11:58:17+00:00","description":"Descubre los encantos de Murcia en un tour gratuito que te llevar\u00e1 por sus calles hist\u00f3ricas, plazas animadas y lugares emblem\u00e1ticos. \u00a1Reserva ahora!","breadcrumb":{"@id":"https:\/\/thebestdaytours.com\/es\/producto\/free-tour-murcia\/#breadcrumb"},"inLanguage":"es","potentialAction":[{"@type":"ReadAction","target":["https:\/\/thebestdaytours.com\/es\/producto\/free-tour-murcia\/"]}]},{"@type":"ImageObject","inLanguage":"es","@id":"https:\/\/thebestdaytours.com\/es\/producto\/free-tour-murcia\/#primaryimage","url":"https:\/\/thebestdaytours.com\/wp-content\/uploads\/2023\/09\/CasinoFacade-scaled.jpg","contentUrl":"https:\/\/thebestdaytours.com\/wp-content\/uploads\/2023\/09\/CasinoFacade-scaled.jpg","width":2560,"height":1802,"caption":"Free-tour Murcia"},{"@type":"BreadcrumbList","@id":"https:\/\/thebestdaytours.com\/es\/producto\/free-tour-murcia\/#breadcrumb","itemListElement":[{"@type":"ListItem","position":1,"name":"Inicio","item":"https:\/\/thebestdaytours.com\/es\/the-best-day\/"},{"@type":"ListItem","position":2,"name":"Free-tour Murcia"}]},{"@type":"WebSite","@id":"https:\/\/thebestdaytours.com\/#website","url":"https:\/\/thebestdaytours.com\/","name":"The Best Day Cartagena Tours","description":"Visitas guiadas entre murcia y cartagena","publisher":{"@id":"https:\/\/thebestdaytours.com\/#organization"},"potentialAction":[{"@type":"SearchAction","target":{"@type":"EntryPoint","urlTemplate":"https:\/\/thebestdaytours.com\/?s={search_term_string}"},"query-input":{"@type":"PropertyValueSpecification","valueRequired":true,"valueName":"search_term_string"}}],"inLanguage":"es"},{"@type":"Organization","@id":"https:\/\/thebestdaytours.com\/#organization","name":"The Best Day Cartagena Tours","url":"https:\/\/thebestdaytours.com\/","logo":{"@type":"ImageObject","inLanguage":"es","@id":"https:\/\/thebestdaytours.com\/#\/schema\/logo\/image\/","url":"https:\/\/thebestdaytours.com\/wp-content\/uploads\/2023\/09\/Group-988.png","contentUrl":"https:\/\/thebestdaytours.com\/wp-content\/uploads\/2023\/09\/Group-988.png","width":446,"height":118,"caption":"The Best Day Cartagena Tours"},"image":{"@id":"https:\/\/thebestdaytours.com\/#\/schema\/logo\/image\/"},"sameAs":["https:\/\/www.facebook.com\/people\/The-Best-Day-Cartagena-Tours\/100063528762249\/","https:\/\/x.com\/thebestdaytours"]}]}},"_links":{"self":[{"href":"https:\/\/thebestdaytours.com\/es\/wp-json\/wp\/v2\/product\/660","targetHints":{"allow":["GET"]}}],"collection":[{"href":"https:\/\/thebestdaytours.com\/es\/wp-json\/wp\/v2\/product"}],"about":[{"href":"https:\/\/thebestdaytours.com\/es\/wp-json\/wp\/v2\/types\/product"}],"version-history":[{"count":0,"href":"https:\/\/thebestdaytours.com\/es\/wp-json\/wp\/v2\/product\/660\/revisions"}],"wp:featuredmedia":[{"embeddable":true,"href":"https:\/\/thebestdaytours.com\/es\/wp-json\/wp\/v2\/media\/1065"}],"wp:attachment":[{"href":"https:\/\/thebestdaytours.com\/es\/wp-json\/wp\/v2\/media?parent=660"}],"wp:term":[{"taxonomy":"product_brand","embeddable":true,"href":"https:\/\/thebestdaytours.com\/es\/wp-json\/wp\/v2\/product_brand?post=660"},{"taxonomy":"product_cat","embeddable":true,"href":"https:\/\/thebestdaytours.com\/es\/wp-json\/wp\/v2\/product_cat?post=660"},{"taxonomy":"product_tag","embeddable":true,"href":"https:\/\/thebestdaytours.com\/es\/wp-json\/wp\/v2\/product_tag?post=660"}],"curies":[{"name":"wp","href":"https:\/\/api.w.org\/{rel}","templated":true}]}}