{"id":25267,"date":"2025-11-03T09:15:04","date_gmt":"2025-11-03T08:15:04","guid":{"rendered":"https:\/\/thebestdaytours.com\/producto\/tour-privado-por-cartagena-4-horas-con-guia-y-vehiculo-exclusivo\/"},"modified":"2025-11-07T13:59:40","modified_gmt":"2025-11-07T12:59:40","slug":"tour-privado-por-cartagena-4-horas-con-guia-y-vehiculo-exclusivo","status":"publish","type":"product","link":"https:\/\/thebestdaytours.com\/es\/producto\/tour-privado-por-cartagena-4-horas-con-guia-y-vehiculo-exclusivo\/","title":{"rendered":"Tour Privado por Cartagena \u2013 4 Horas con Gu\u00eda y Veh\u00edculo Exclusivo"},"content":{"rendered":"<p data-pm-slice=\"1 1 []\">Vive una experiencia \u00fanica por Cartagena con un gu\u00eda local experto y veh\u00edculo privado a tu disposici\u00f3n durante 4 horas. Comienza con un recorrido panor\u00e1mico siguiendo el trazado de las murallas del siglo XVIII y descubre c\u00f3mo esta ciudad portuaria acumula m\u00e1s de 2.000 a\u00f1os de historia.<\/p>\n<p data-pm-slice=\"1 1 []\">Visita restos arqueol\u00f3gicos que te transportar\u00e1n a la \u00e9poca cartaginesa y romana, y contin\u00faa con un agradable paseo por la emblem\u00e1tica Calle Mayor, rodeada de elegantes edificios modernistas y comercios locales.<\/p>\n<p data-pm-slice=\"1 1 []\">Finaliza tu tour contemplando las impresionantes vistas desde el punto m\u00e1s alto de Cartagena, donde el mar, el puerto y el casco hist\u00f3rico se funden en un paisaje inolvidable.<\/p>\n<p>Este tour privado combina historia, cultura y confort, ofreciendo la forma m\u00e1s exclusiva de descubrir Cartagena con total flexibilidad y atenci\u00f3n personalizada.<\/p>\n","protected":false},"excerpt":{"rendered":"<p>Descubre Cartagena a tu ritmo en un tour privado de 4 horas con gu\u00eda local y veh\u00edculo exclusivo. Recorre las antiguas murallas, visita restos arqueol\u00f3gicos y pasea por la elegante Calle Mayor antes de disfrutar las mejores vistas panor\u00e1micas de la ciudad. Una experiencia perfecta para quienes buscan comodidad, cultura y un servicio personalizado.<\/p>\n","protected":false},"featured_media":25273,"template":"","meta":{"site-sidebar-layout":"default","site-content-layout":"","ast-site-content-layout":"default","site-content-style":"default","site-sidebar-style":"default","ast-global-header-display":"","ast-banner-title-visibility":"","ast-main-header-display":"","ast-hfb-above-header-display":"","ast-hfb-below-header-display":"","ast-hfb-mobile-header-display":"","site-post-title":"","ast-breadcrumbs-content":"","ast-featured-img":"","footer-sml-layout":"","ast-disable-related-posts":"","theme-transparent-header-meta":"default","adv-header-id-meta":"","stick-header-meta":"default","header-above-stick-meta":"","header-main-stick-meta":"","header-below-stick-meta":"","astra-migrate-meta-layouts":"set","ast-page-background-enabled":"default","ast-page-background-meta":{"desktop":{"background-color":"var(--ast-global-color-4)","background-image":"","background-repeat":"repeat","background-position":"center center","background-size":"auto","background-attachment":"scroll","background-type":"","background-media":"","overlay-type":"","overlay-color":"","overlay-opacity":"","overlay-gradient":""},"tablet":{"background-color":"","background-image":"","background-repeat":"repeat","background-position":"center center","background-size":"auto","background-attachment":"scroll","background-type":"","background-media":"","overlay-type":"","overlay-color":"","overlay-opacity":"","overlay-gradient":""},"mobile":{"background-color":"","background-image":"","background-repeat":"repeat","background-position":"center center","background-size":"auto","background-attachment":"scroll","background-type":"","background-media":"","overlay-type":"","overlay-color":"","overlay-opacity":"","overlay-gradient":""}},"ast-content-background-meta":{"desktop":{"background-color":"var(--ast-global-color-5)","background-image":"","background-repeat":"repeat","background-position":"center center","background-size":"auto","background-attachment":"scroll","background-type":"","background-media":"","overlay-type":"","overlay-color":"","overlay-opacity":"","overlay-gradient":""},"tablet":{"background-color":"var(--ast-global-color-5)","background-image":"","background-repeat":"repeat","background-position":"center center","background-size":"auto","background-attachment":"scroll","background-type":"","background-media":"","overlay-type":"","overlay-color":"","overlay-opacity":"","overlay-gradient":""},"mobile":{"background-color":"var(--ast-global-color-5)","background-image":"","background-repeat":"repeat","background-position":"center center","background-size":"auto","background-attachment":"scroll","background-type":"","background-media":"","overlay-type":"","overlay-color":"","overlay-opacity":"","overlay-gradient":""}}},"product_brand":[],"product_cat":[183],"product_tag":[31,187],"class_list":{"0":"post-25267","1":"product","2":"type-product","3":"status-publish","4":"has-post-thumbnail","6":"product_cat-car-guide","7":"product_tag-cartagena","8":"product_tag-coche-guia","9":"desktop-align-left","10":"tablet-align-left","11":"mobile-align-left","13":"first","14":"instock","15":"sold-individually","16":"taxable","17":"shipping-taxable","18":"purchasable","19":"product-type-booking"},"yoast_head":"<!-- This site is optimized with the Yoast SEO plugin v27.0 - https:\/\/yoast.com\/product\/yoast-seo-wordpress\/ -->\n<title>Tour Privado por Cartagena | 4 Horas con Gu\u00eda Local y Coche Exclusivo<\/title>\n<meta name=\"description\" content=\"Descubre Cartagena en un tour privado de 4 horas con gu\u00eda local y veh\u00edculo exclusivo. Murallas, arqueolog\u00eda y vistas panor\u00e1micas en una experiencia cultural \u00fanica.\" \/>\n<meta name=\"robots\" content=\"index, follow, max-snippet:-1, max-image-preview:large, max-video-preview:-1\" \/>\n<link rel=\"canonical\" href=\"https:\/\/thebestdaytours.com\/es\/producto\/tour-privado-por-cartagena-4-horas-con-guia-y-vehiculo-exclusivo\/\" \/>\n<meta property=\"og:locale\" content=\"es_ES\" \/>\n<meta property=\"og:type\" content=\"article\" \/>\n<meta property=\"og:title\" content=\"Tour Privado por Cartagena | 4 Horas con Gu\u00eda Local y Coche Exclusivo\" \/>\n<meta property=\"og:description\" content=\"Descubre Cartagena en un tour privado de 4 horas con gu\u00eda local y veh\u00edculo exclusivo. Murallas, arqueolog\u00eda y vistas panor\u00e1micas en una experiencia cultural \u00fanica.\" \/>\n<meta property=\"og:url\" content=\"https:\/\/thebestdaytours.com\/es\/producto\/tour-privado-por-cartagena-4-horas-con-guia-y-vehiculo-exclusivo\/\" \/>\n<meta property=\"og:site_name\" content=\"The Best Day Cartagena Tours\" \/>\n<meta property=\"article:publisher\" content=\"https:\/\/www.facebook.com\/people\/The-Best-Day-Cartagena-Tours\/100063528762249\/\" \/>\n<meta property=\"article:modified_time\" content=\"2025-11-07T12:59:40+00:00\" \/>\n<meta property=\"og:image\" content=\"https:\/\/thebestdaytours.com\/wp-content\/uploads\/2025\/11\/Cocheguia-1-1-scaled.jpg\" \/>\n\t<meta property=\"og:image:width\" content=\"2560\" \/>\n\t<meta property=\"og:image:height\" content=\"1704\" \/>\n\t<meta property=\"og:image:type\" content=\"image\/jpeg\" \/>\n<meta name=\"twitter:card\" content=\"summary_large_image\" \/>\n<meta name=\"twitter:site\" content=\"@thebestdaytours\" \/>\n<meta name=\"twitter:label1\" content=\"Tiempo de lectura\" \/>\n\t<meta name=\"twitter:data1\" content=\"1 minuto\" \/>\n<script type=\"application\/ld+json\" class=\"yoast-schema-graph\">{\"@context\":\"https:\/\/schema.org\",\"@graph\":[{\"@type\":\"WebPage\",\"@id\":\"https:\/\/thebestdaytours.com\/es\/producto\/tour-privado-por-cartagena-4-horas-con-guia-y-vehiculo-exclusivo\/\",\"url\":\"https:\/\/thebestdaytours.com\/es\/producto\/tour-privado-por-cartagena-4-horas-con-guia-y-vehiculo-exclusivo\/\",\"name\":\"Tour Privado por Cartagena | 4 Horas con Gu\u00eda Local y Coche Exclusivo\",\"isPartOf\":{\"@id\":\"https:\/\/thebestdaytours.com\/#website\"},\"primaryImageOfPage\":{\"@id\":\"https:\/\/thebestdaytours.com\/es\/producto\/tour-privado-por-cartagena-4-horas-con-guia-y-vehiculo-exclusivo\/#primaryimage\"},\"image\":{\"@id\":\"https:\/\/thebestdaytours.com\/es\/producto\/tour-privado-por-cartagena-4-horas-con-guia-y-vehiculo-exclusivo\/#primaryimage\"},\"thumbnailUrl\":\"https:\/\/thebestdaytours.com\/wp-content\/uploads\/2025\/11\/Cocheguia-1-1-scaled.jpg\",\"datePublished\":\"2025-11-03T08:15:04+00:00\",\"dateModified\":\"2025-11-07T12:59:40+00:00\",\"description\":\"Descubre Cartagena en un tour privado de 4 horas con gu\u00eda local y veh\u00edculo exclusivo. Murallas, arqueolog\u00eda y vistas panor\u00e1micas en una experiencia cultural \u00fanica.\",\"breadcrumb\":{\"@id\":\"https:\/\/thebestdaytours.com\/es\/producto\/tour-privado-por-cartagena-4-horas-con-guia-y-vehiculo-exclusivo\/#breadcrumb\"},\"inLanguage\":\"es\",\"potentialAction\":[{\"@type\":\"ReadAction\",\"target\":[\"https:\/\/thebestdaytours.com\/es\/producto\/tour-privado-por-cartagena-4-horas-con-guia-y-vehiculo-exclusivo\/\"]}]},{\"@type\":\"ImageObject\",\"inLanguage\":\"es\",\"@id\":\"https:\/\/thebestdaytours.com\/es\/producto\/tour-privado-por-cartagena-4-horas-con-guia-y-vehiculo-exclusivo\/#primaryimage\",\"url\":\"https:\/\/thebestdaytours.com\/wp-content\/uploads\/2025\/11\/Cocheguia-1-1-scaled.jpg\",\"contentUrl\":\"https:\/\/thebestdaytours.com\/wp-content\/uploads\/2025\/11\/Cocheguia-1-1-scaled.jpg\",\"width\":2560,\"height\":1704},{\"@type\":\"BreadcrumbList\",\"@id\":\"https:\/\/thebestdaytours.com\/es\/producto\/tour-privado-por-cartagena-4-horas-con-guia-y-vehiculo-exclusivo\/#breadcrumb\",\"itemListElement\":[{\"@type\":\"ListItem\",\"position\":1,\"name\":\"Inicio\",\"item\":\"https:\/\/thebestdaytours.com\/es\/the-best-day\/\"},{\"@type\":\"ListItem\",\"position\":2,\"name\":\"Tour Privado por Cartagena \u2013 4 Horas con Gu\u00eda y Veh\u00edculo Exclusivo\"}]},{\"@type\":\"WebSite\",\"@id\":\"https:\/\/thebestdaytours.com\/#website\",\"url\":\"https:\/\/thebestdaytours.com\/\",\"name\":\"The Best Day Cartagena Tours\",\"description\":\"Visitas guiadas entre murcia y cartagena\",\"publisher\":{\"@id\":\"https:\/\/thebestdaytours.com\/#organization\"},\"potentialAction\":[{\"@type\":\"SearchAction\",\"target\":{\"@type\":\"EntryPoint\",\"urlTemplate\":\"https:\/\/thebestdaytours.com\/?s={search_term_string}\"},\"query-input\":{\"@type\":\"PropertyValueSpecification\",\"valueRequired\":true,\"valueName\":\"search_term_string\"}}],\"inLanguage\":\"es\"},{\"@type\":\"Organization\",\"@id\":\"https:\/\/thebestdaytours.com\/#organization\",\"name\":\"The Best Day Cartagena Tours\",\"url\":\"https:\/\/thebestdaytours.com\/\",\"logo\":{\"@type\":\"ImageObject\",\"inLanguage\":\"es\",\"@id\":\"https:\/\/thebestdaytours.com\/#\/schema\/logo\/image\/\",\"url\":\"https:\/\/thebestdaytours.com\/wp-content\/uploads\/2023\/09\/Group-988.png\",\"contentUrl\":\"https:\/\/thebestdaytours.com\/wp-content\/uploads\/2023\/09\/Group-988.png\",\"width\":446,\"height\":118,\"caption\":\"The Best Day Cartagena Tours\"},\"image\":{\"@id\":\"https:\/\/thebestdaytours.com\/#\/schema\/logo\/image\/\"},\"sameAs\":[\"https:\/\/www.facebook.com\/people\/The-Best-Day-Cartagena-Tours\/100063528762249\/\",\"https:\/\/x.com\/thebestdaytours\"]}]}<\/script>\n<!-- \/ Yoast SEO plugin. -->","yoast_head_json":{"title":"Tour Privado por Cartagena | 4 Horas con Gu\u00eda Local y Coche Exclusivo","description":"Descubre Cartagena en un tour privado de 4 horas con gu\u00eda local y veh\u00edculo exclusivo. Murallas, arqueolog\u00eda y vistas panor\u00e1micas en una experiencia cultural \u00fanica.","robots":{"index":"index","follow":"follow","max-snippet":"max-snippet:-1","max-image-preview":"max-image-preview:large","max-video-preview":"max-video-preview:-1"},"canonical":"https:\/\/thebestdaytours.com\/es\/producto\/tour-privado-por-cartagena-4-horas-con-guia-y-vehiculo-exclusivo\/","og_locale":"es_ES","og_type":"article","og_title":"Tour Privado por Cartagena | 4 Horas con Gu\u00eda Local y Coche Exclusivo","og_description":"Descubre Cartagena en un tour privado de 4 horas con gu\u00eda local y veh\u00edculo exclusivo. Murallas, arqueolog\u00eda y vistas panor\u00e1micas en una experiencia cultural \u00fanica.","og_url":"https:\/\/thebestdaytours.com\/es\/producto\/tour-privado-por-cartagena-4-horas-con-guia-y-vehiculo-exclusivo\/","og_site_name":"The Best Day Cartagena Tours","article_publisher":"https:\/\/www.facebook.com\/people\/The-Best-Day-Cartagena-Tours\/100063528762249\/","article_modified_time":"2025-11-07T12:59:40+00:00","og_image":[{"width":2560,"height":1704,"url":"https:\/\/thebestdaytours.com\/wp-content\/uploads\/2025\/11\/Cocheguia-1-1-scaled.jpg","type":"image\/jpeg"}],"twitter_card":"summary_large_image","twitter_site":"@thebestdaytours","twitter_misc":{"Tiempo de lectura":"1 minuto"},"schema":{"@context":"https:\/\/schema.org","@graph":[{"@type":"WebPage","@id":"https:\/\/thebestdaytours.com\/es\/producto\/tour-privado-por-cartagena-4-horas-con-guia-y-vehiculo-exclusivo\/","url":"https:\/\/thebestdaytours.com\/es\/producto\/tour-privado-por-cartagena-4-horas-con-guia-y-vehiculo-exclusivo\/","name":"Tour Privado por Cartagena | 4 Horas con Gu\u00eda Local y Coche Exclusivo","isPartOf":{"@id":"https:\/\/thebestdaytours.com\/#website"},"primaryImageOfPage":{"@id":"https:\/\/thebestdaytours.com\/es\/producto\/tour-privado-por-cartagena-4-horas-con-guia-y-vehiculo-exclusivo\/#primaryimage"},"image":{"@id":"https:\/\/thebestdaytours.com\/es\/producto\/tour-privado-por-cartagena-4-horas-con-guia-y-vehiculo-exclusivo\/#primaryimage"},"thumbnailUrl":"https:\/\/thebestdaytours.com\/wp-content\/uploads\/2025\/11\/Cocheguia-1-1-scaled.jpg","datePublished":"2025-11-03T08:15:04+00:00","dateModified":"2025-11-07T12:59:40+00:00","description":"Descubre Cartagena en un tour privado de 4 horas con gu\u00eda local y veh\u00edculo exclusivo. Murallas, arqueolog\u00eda y vistas panor\u00e1micas en una experiencia cultural \u00fanica.","breadcrumb":{"@id":"https:\/\/thebestdaytours.com\/es\/producto\/tour-privado-por-cartagena-4-horas-con-guia-y-vehiculo-exclusivo\/#breadcrumb"},"inLanguage":"es","potentialAction":[{"@type":"ReadAction","target":["https:\/\/thebestdaytours.com\/es\/producto\/tour-privado-por-cartagena-4-horas-con-guia-y-vehiculo-exclusivo\/"]}]},{"@type":"ImageObject","inLanguage":"es","@id":"https:\/\/thebestdaytours.com\/es\/producto\/tour-privado-por-cartagena-4-horas-con-guia-y-vehiculo-exclusivo\/#primaryimage","url":"https:\/\/thebestdaytours.com\/wp-content\/uploads\/2025\/11\/Cocheguia-1-1-scaled.jpg","contentUrl":"https:\/\/thebestdaytours.com\/wp-content\/uploads\/2025\/11\/Cocheguia-1-1-scaled.jpg","width":2560,"height":1704},{"@type":"BreadcrumbList","@id":"https:\/\/thebestdaytours.com\/es\/producto\/tour-privado-por-cartagena-4-horas-con-guia-y-vehiculo-exclusivo\/#breadcrumb","itemListElement":[{"@type":"ListItem","position":1,"name":"Inicio","item":"https:\/\/thebestdaytours.com\/es\/the-best-day\/"},{"@type":"ListItem","position":2,"name":"Tour Privado por Cartagena \u2013 4 Horas con Gu\u00eda y Veh\u00edculo Exclusivo"}]},{"@type":"WebSite","@id":"https:\/\/thebestdaytours.com\/#website","url":"https:\/\/thebestdaytours.com\/","name":"The Best Day Cartagena Tours","description":"Visitas guiadas entre murcia y cartagena","publisher":{"@id":"https:\/\/thebestdaytours.com\/#organization"},"potentialAction":[{"@type":"SearchAction","target":{"@type":"EntryPoint","urlTemplate":"https:\/\/thebestdaytours.com\/?s={search_term_string}"},"query-input":{"@type":"PropertyValueSpecification","valueRequired":true,"valueName":"search_term_string"}}],"inLanguage":"es"},{"@type":"Organization","@id":"https:\/\/thebestdaytours.com\/#organization","name":"The Best Day Cartagena Tours","url":"https:\/\/thebestdaytours.com\/","logo":{"@type":"ImageObject","inLanguage":"es","@id":"https:\/\/thebestdaytours.com\/#\/schema\/logo\/image\/","url":"https:\/\/thebestdaytours.com\/wp-content\/uploads\/2023\/09\/Group-988.png","contentUrl":"https:\/\/thebestdaytours.com\/wp-content\/uploads\/2023\/09\/Group-988.png","width":446,"height":118,"caption":"The Best Day Cartagena Tours"},"image":{"@id":"https:\/\/thebestdaytours.com\/#\/schema\/logo\/image\/"},"sameAs":["https:\/\/www.facebook.com\/people\/The-Best-Day-Cartagena-Tours\/100063528762249\/","https:\/\/x.com\/thebestdaytours"]}]}},"_links":{"self":[{"href":"https:\/\/thebestdaytours.com\/es\/wp-json\/wp\/v2\/product\/25267","targetHints":{"allow":["GET"]}}],"collection":[{"href":"https:\/\/thebestdaytours.com\/es\/wp-json\/wp\/v2\/product"}],"about":[{"href":"https:\/\/thebestdaytours.com\/es\/wp-json\/wp\/v2\/types\/product"}],"version-history":[{"count":0,"href":"https:\/\/thebestdaytours.com\/es\/wp-json\/wp\/v2\/product\/25267\/revisions"}],"wp:featuredmedia":[{"embeddable":true,"href":"https:\/\/thebestdaytours.com\/es\/wp-json\/wp\/v2\/media\/25273"}],"wp:attachment":[{"href":"https:\/\/thebestdaytours.com\/es\/wp-json\/wp\/v2\/media?parent=25267"}],"wp:term":[{"taxonomy":"product_brand","embeddable":true,"href":"https:\/\/thebestdaytours.com\/es\/wp-json\/wp\/v2\/product_brand?post=25267"},{"taxonomy":"product_cat","embeddable":true,"href":"https:\/\/thebestdaytours.com\/es\/wp-json\/wp\/v2\/product_cat?post=25267"},{"taxonomy":"product_tag","embeddable":true,"href":"https:\/\/thebestdaytours.com\/es\/wp-json\/wp\/v2\/product_tag?post=25267"}],"curies":[{"name":"wp","href":"https:\/\/api.w.org\/{rel}","templated":true}]}}