{"id":23394,"date":"2025-08-26T20:17:58","date_gmt":"2025-08-26T18:17:58","guid":{"rendered":"https:\/\/thebestdaytours.com\/?post_type=product&#038;p=23394"},"modified":"2026-01-13T12:58:33","modified_gmt":"2026-01-13T11:58:33","slug":"free-tour-de-misterios-y-leyendas-de-murcia","status":"publish","type":"product","link":"https:\/\/thebestdaytours.com\/es\/producto\/free-tour-de-misterios-y-leyendas-de-murcia\/","title":{"rendered":"Free Tour de Misterios y Leyendas de Murcia"},"content":{"rendered":"<p>Asesinatos, misterios y leyendas afloran a cada paso bajo el manto estrellado de la noche de Murcia. Atreveos a conocer el final de estas sorprendentes historias en este free tour de los misterios y leyendas.<\/p>\n<p><strong>Itinerario<\/strong><br \/>\n<a href=\"https:\/\/www.google.com\/maps\/place\/Gta.+de+Espa%C3%B1a,+1,+30004+Murcia\/@37.9834145,-1.1315797,298m\/data=!3m2!1e3!4b1!4m6!3m5!1s0xd63820353481cb5:0xe6578171263dd56!8m2!3d37.9834145!4d-1.1302896!16s%2Fg%2F11rg63063s?hl=es&amp;authuser=1&amp;entry=ttu&amp;g_ep=EgoyMDI1MDgxOS4wIKXMDSoASAFQAw%3D%3D\">Nos reuniremos junto al Ayuntamiento de Murcia<\/a> a la hora indicada, donde comenzaremos a relataros las historias m\u00e1s escalofriantes que os pondr\u00e1n los pelos de punta.<\/p>\n<p>En este mismo punto escucharemos la primera leyenda, en la que descubriremos la historia del Puente de los Peligros, ligada estrechamente a las riadas que ha sufrido la ciudad a lo largo de los a\u00f1os. Desde aqu\u00ed, caminaremos hasta la Catedral de Murcia.<\/p>\n<p>Adem\u00e1s de conocer todos los detalles de este imponente templo, os desvelaremos la relaci\u00f3n entre la catedral y el Santuario de la Virgen de la Fuensanta. \u00bfSab\u00e9is cu\u00e1l es la leyenda de la Puerta del Perd\u00f3n? \u00bfO la de la Vera Cruz de Caravaca? \u00a1Os quedar\u00e9is totalmente impresionados al escucharlas!<\/p>\n<p>La siguiente parada la realizaremos en la capilla de los V\u00e9lez, donde os narraremos detalladamente el origen de esta capilla y de su famosa cadena, un s\u00edmbolo de lo m\u00e1s destacado para la ciudad de Murcia. As\u00ed mismo, nos acercaremos a la torre del campanario y a la iglesia de San Juan de Dios, hogar de la leyenda del fantasma Mir\u00f3n.<\/p>\n<p>Durante el tour de misterios por Murcia, tambi\u00e9n os contaremos la leyenda de la Casa del Duende, la del demonio sonriente o la de la campana de La Mora, cuentos imprescindibles para conocer la historia de la ciudad.<\/p>\n<p>A continuaci\u00f3n, nos dirigiremos a la plaza de Europa, donde aprenderemos sobre las tradiciones de la huerta murciana y de sus habitantes- Despu\u00e9s, caminaremos hasta la iglesia de la Merced y, como no, a la plaza de Santo Domingo, donde os contaremos el perturbador milagro de San Vicente Ferrer y la macabra muerte de Jaime el Barbudo. \u00a1Estad atentos!<\/p>\n<p>Por \u00faltimo, nos detendremos frente al Teatro Romea. Una antigua profec\u00eda pesa sobre este edificio. Prueba de ello son los dos incendios que ha sufrido a lo largo de la historia. Y, seg\u00fan la maldici\u00f3n, un nuevo desastre se cierne sobre el teatro.<\/p>\n<p>Finalmente, nos despediremos ante el Teatro Romea y daremos por concluido el tour.<\/p>\n","protected":false},"excerpt":{"rendered":"<p data-pm-slice=\"1 1 []\"><strong>Free Tour de Misterios y Leyendas de Murcia<\/strong><\/p>\n<p data-start=\"77\" data-end=\"494\">Asesinatos, misterios y leyendas cobran vida en este free tour nocturno por Murcia. Desde el Ayuntamiento recorreremos lugares como el Puente de los Peligros, la Catedral o la capilla de los V\u00e9lez, descubriendo historias llenas de intriga. Conoceremos al fantasma de San Juan de Dios, la Casa del Duende y otras leyendas populares, hasta llegar al Teatro Romea, marcado por una antigua maldici\u00f3n.<\/p>\n","protected":false},"featured_media":23400,"template":"","meta":{"site-sidebar-layout":"default","site-content-layout":"","ast-site-content-layout":"default","site-content-style":"default","site-sidebar-style":"default","ast-global-header-display":"","ast-banner-title-visibility":"","ast-main-header-display":"","ast-hfb-above-header-display":"","ast-hfb-below-header-display":"","ast-hfb-mobile-header-display":"","site-post-title":"","ast-breadcrumbs-content":"","ast-featured-img":"","footer-sml-layout":"","ast-disable-related-posts":"","theme-transparent-header-meta":"default","adv-header-id-meta":"","stick-header-meta":"default","header-above-stick-meta":"","header-main-stick-meta":"","header-below-stick-meta":"","astra-migrate-meta-layouts":"set","ast-page-background-enabled":"default","ast-page-background-meta":{"desktop":{"background-color":"var(--ast-global-color-4)","background-image":"","background-repeat":"repeat","background-position":"center center","background-size":"auto","background-attachment":"scroll","background-type":"","background-media":"","overlay-type":"","overlay-color":"","overlay-opacity":"","overlay-gradient":""},"tablet":{"background-color":"","background-image":"","background-repeat":"repeat","background-position":"center center","background-size":"auto","background-attachment":"scroll","background-type":"","background-media":"","overlay-type":"","overlay-color":"","overlay-opacity":"","overlay-gradient":""},"mobile":{"background-color":"","background-image":"","background-repeat":"repeat","background-position":"center center","background-size":"auto","background-attachment":"scroll","background-type":"","background-media":"","overlay-type":"","overlay-color":"","overlay-opacity":"","overlay-gradient":""}},"ast-content-background-meta":{"desktop":{"background-color":"var(--ast-global-color-5)","background-image":"","background-repeat":"repeat","background-position":"center center","background-size":"auto","background-attachment":"scroll","background-type":"","background-media":"","overlay-type":"","overlay-color":"","overlay-opacity":"","overlay-gradient":""},"tablet":{"background-color":"var(--ast-global-color-5)","background-image":"","background-repeat":"repeat","background-position":"center center","background-size":"auto","background-attachment":"scroll","background-type":"","background-media":"","overlay-type":"","overlay-color":"","overlay-opacity":"","overlay-gradient":""},"mobile":{"background-color":"var(--ast-global-color-5)","background-image":"","background-repeat":"repeat","background-position":"center center","background-size":"auto","background-attachment":"scroll","background-type":"","background-media":"","overlay-type":"","overlay-color":"","overlay-opacity":"","overlay-gradient":""}}},"product_brand":[],"product_cat":[30],"product_tag":[46],"class_list":{"0":"post-23394","1":"product","2":"type-product","3":"status-publish","4":"has-post-thumbnail","6":"product_cat-free-tours","7":"product_tag-murcia","8":"desktop-align-left","9":"tablet-align-left","10":"mobile-align-left","12":"first","13":"instock","14":"sold-individually","15":"taxable","16":"shipping-taxable","17":"purchasable","18":"product-type-booking"},"yoast_head":"<!-- This site is optimized with the Yoast SEO plugin v27.0 - https:\/\/yoast.com\/product\/yoast-seo-wordpress\/ -->\n<title>Free Tour de Misterios y Leyendas de Murcia | The Best Day Cartagena Tours<\/title>\n<meta name=\"description\" content=\"Free Tour de Misterios y Leyendas de Murcia Asesinatos, misterios y leyendas cobran vida en este free tour nocturno por Murcia. Desde el Ayuntamiento recorreremos lugares como el Puente de los Peligros, la Catedral o la capilla de los V\u00e9lez, descubriendo historias llenas de intriga. Conoceremos al fantasma de San Juan de Dios, la Casa del Duende y otras leyendas populares, hasta llegar al Teatro Romea, marcado por una antigua maldici\u00f3n.\" \/>\n<meta name=\"robots\" content=\"index, follow, max-snippet:-1, max-image-preview:large, max-video-preview:-1\" \/>\n<link rel=\"canonical\" href=\"https:\/\/thebestdaytours.com\/es\/producto\/free-tour-de-misterios-y-leyendas-de-murcia\/\" \/>\n<meta property=\"og:locale\" content=\"es_ES\" \/>\n<meta property=\"og:type\" content=\"article\" \/>\n<meta property=\"og:title\" content=\"Free Tour de Misterios y Leyendas de Murcia | The Best Day Cartagena Tours\" \/>\n<meta property=\"og:description\" content=\"Free Tour de Misterios y Leyendas de Murcia Asesinatos, misterios y leyendas cobran vida en este free tour nocturno por Murcia. Desde el Ayuntamiento recorreremos lugares como el Puente de los Peligros, la Catedral o la capilla de los V\u00e9lez, descubriendo historias llenas de intriga. Conoceremos al fantasma de San Juan de Dios, la Casa del Duende y otras leyendas populares, hasta llegar al Teatro Romea, marcado por una antigua maldici\u00f3n.\" \/>\n<meta property=\"og:url\" content=\"https:\/\/thebestdaytours.com\/es\/producto\/free-tour-de-misterios-y-leyendas-de-murcia\/\" \/>\n<meta property=\"og:site_name\" content=\"The Best Day Cartagena Tours\" \/>\n<meta property=\"article:publisher\" content=\"https:\/\/www.facebook.com\/people\/The-Best-Day-Cartagena-Tours\/100063528762249\/\" \/>\n<meta property=\"article:modified_time\" content=\"2026-01-13T11:58:33+00:00\" \/>\n<meta property=\"og:image\" content=\"https:\/\/thebestdaytours.com\/wp-content\/uploads\/2025\/08\/Misterios-y-leyendas-Murcia.jpeg\" \/>\n\t<meta property=\"og:image:width\" content=\"786\" \/>\n\t<meta property=\"og:image:height\" content=\"520\" \/>\n\t<meta property=\"og:image:type\" content=\"image\/jpeg\" \/>\n<meta name=\"twitter:card\" content=\"summary_large_image\" \/>\n<meta name=\"twitter:site\" content=\"@thebestdaytours\" \/>\n<meta name=\"twitter:label1\" content=\"Tiempo de lectura\" \/>\n\t<meta name=\"twitter:data1\" content=\"2 minutos\" \/>\n<script type=\"application\/ld+json\" class=\"yoast-schema-graph\">{\"@context\":\"https:\/\/schema.org\",\"@graph\":[{\"@type\":\"WebPage\",\"@id\":\"https:\/\/thebestdaytours.com\/es\/producto\/free-tour-de-misterios-y-leyendas-de-murcia\/\",\"url\":\"https:\/\/thebestdaytours.com\/es\/producto\/free-tour-de-misterios-y-leyendas-de-murcia\/\",\"name\":\"Free Tour de Misterios y Leyendas de Murcia | The Best Day Cartagena Tours\",\"isPartOf\":{\"@id\":\"https:\/\/thebestdaytours.com\/#website\"},\"primaryImageOfPage\":{\"@id\":\"https:\/\/thebestdaytours.com\/es\/producto\/free-tour-de-misterios-y-leyendas-de-murcia\/#primaryimage\"},\"image\":{\"@id\":\"https:\/\/thebestdaytours.com\/es\/producto\/free-tour-de-misterios-y-leyendas-de-murcia\/#primaryimage\"},\"thumbnailUrl\":\"https:\/\/thebestdaytours.com\/wp-content\/uploads\/2025\/08\/Misterios-y-leyendas-Murcia.jpeg\",\"datePublished\":\"2025-08-26T18:17:58+00:00\",\"dateModified\":\"2026-01-13T11:58:33+00:00\",\"description\":\"Free Tour de Misterios y Leyendas de Murcia Asesinatos, misterios y leyendas cobran vida en este free tour nocturno por Murcia. Desde el Ayuntamiento recorreremos lugares como el Puente de los Peligros, la Catedral o la capilla de los V\u00e9lez, descubriendo historias llenas de intriga. Conoceremos al fantasma de San Juan de Dios, la Casa del Duende y otras leyendas populares, hasta llegar al Teatro Romea, marcado por una antigua maldici\u00f3n.\",\"breadcrumb\":{\"@id\":\"https:\/\/thebestdaytours.com\/es\/producto\/free-tour-de-misterios-y-leyendas-de-murcia\/#breadcrumb\"},\"inLanguage\":\"es\",\"potentialAction\":[{\"@type\":\"ReadAction\",\"target\":[\"https:\/\/thebestdaytours.com\/es\/producto\/free-tour-de-misterios-y-leyendas-de-murcia\/\"]}]},{\"@type\":\"ImageObject\",\"inLanguage\":\"es\",\"@id\":\"https:\/\/thebestdaytours.com\/es\/producto\/free-tour-de-misterios-y-leyendas-de-murcia\/#primaryimage\",\"url\":\"https:\/\/thebestdaytours.com\/wp-content\/uploads\/2025\/08\/Misterios-y-leyendas-Murcia.jpeg\",\"contentUrl\":\"https:\/\/thebestdaytours.com\/wp-content\/uploads\/2025\/08\/Misterios-y-leyendas-Murcia.jpeg\",\"width\":786,\"height\":520},{\"@type\":\"BreadcrumbList\",\"@id\":\"https:\/\/thebestdaytours.com\/es\/producto\/free-tour-de-misterios-y-leyendas-de-murcia\/#breadcrumb\",\"itemListElement\":[{\"@type\":\"ListItem\",\"position\":1,\"name\":\"Inicio\",\"item\":\"https:\/\/thebestdaytours.com\/es\/the-best-day\/\"},{\"@type\":\"ListItem\",\"position\":2,\"name\":\"Free Tour de Misterios y Leyendas de Murcia\"}]},{\"@type\":\"WebSite\",\"@id\":\"https:\/\/thebestdaytours.com\/#website\",\"url\":\"https:\/\/thebestdaytours.com\/\",\"name\":\"The Best Day Cartagena Tours\",\"description\":\"Visitas guiadas entre murcia y cartagena\",\"publisher\":{\"@id\":\"https:\/\/thebestdaytours.com\/#organization\"},\"potentialAction\":[{\"@type\":\"SearchAction\",\"target\":{\"@type\":\"EntryPoint\",\"urlTemplate\":\"https:\/\/thebestdaytours.com\/?s={search_term_string}\"},\"query-input\":{\"@type\":\"PropertyValueSpecification\",\"valueRequired\":true,\"valueName\":\"search_term_string\"}}],\"inLanguage\":\"es\"},{\"@type\":\"Organization\",\"@id\":\"https:\/\/thebestdaytours.com\/#organization\",\"name\":\"The Best Day Cartagena Tours\",\"url\":\"https:\/\/thebestdaytours.com\/\",\"logo\":{\"@type\":\"ImageObject\",\"inLanguage\":\"es\",\"@id\":\"https:\/\/thebestdaytours.com\/#\/schema\/logo\/image\/\",\"url\":\"https:\/\/thebestdaytours.com\/wp-content\/uploads\/2023\/09\/Group-988.png\",\"contentUrl\":\"https:\/\/thebestdaytours.com\/wp-content\/uploads\/2023\/09\/Group-988.png\",\"width\":446,\"height\":118,\"caption\":\"The Best Day Cartagena Tours\"},\"image\":{\"@id\":\"https:\/\/thebestdaytours.com\/#\/schema\/logo\/image\/\"},\"sameAs\":[\"https:\/\/www.facebook.com\/people\/The-Best-Day-Cartagena-Tours\/100063528762249\/\",\"https:\/\/x.com\/thebestdaytours\"]}]}<\/script>\n<!-- \/ Yoast SEO plugin. -->","yoast_head_json":{"title":"Free Tour de Misterios y Leyendas de Murcia | The Best Day Cartagena Tours","description":"Free Tour de Misterios y Leyendas de Murcia Asesinatos, misterios y leyendas cobran vida en este free tour nocturno por Murcia. Desde el Ayuntamiento recorreremos lugares como el Puente de los Peligros, la Catedral o la capilla de los V\u00e9lez, descubriendo historias llenas de intriga. Conoceremos al fantasma de San Juan de Dios, la Casa del Duende y otras leyendas populares, hasta llegar al Teatro Romea, marcado por una antigua maldici\u00f3n.","robots":{"index":"index","follow":"follow","max-snippet":"max-snippet:-1","max-image-preview":"max-image-preview:large","max-video-preview":"max-video-preview:-1"},"canonical":"https:\/\/thebestdaytours.com\/es\/producto\/free-tour-de-misterios-y-leyendas-de-murcia\/","og_locale":"es_ES","og_type":"article","og_title":"Free Tour de Misterios y Leyendas de Murcia | The Best Day Cartagena Tours","og_description":"Free Tour de Misterios y Leyendas de Murcia Asesinatos, misterios y leyendas cobran vida en este free tour nocturno por Murcia. Desde el Ayuntamiento recorreremos lugares como el Puente de los Peligros, la Catedral o la capilla de los V\u00e9lez, descubriendo historias llenas de intriga. Conoceremos al fantasma de San Juan de Dios, la Casa del Duende y otras leyendas populares, hasta llegar al Teatro Romea, marcado por una antigua maldici\u00f3n.","og_url":"https:\/\/thebestdaytours.com\/es\/producto\/free-tour-de-misterios-y-leyendas-de-murcia\/","og_site_name":"The Best Day Cartagena Tours","article_publisher":"https:\/\/www.facebook.com\/people\/The-Best-Day-Cartagena-Tours\/100063528762249\/","article_modified_time":"2026-01-13T11:58:33+00:00","og_image":[{"width":786,"height":520,"url":"https:\/\/thebestdaytours.com\/wp-content\/uploads\/2025\/08\/Misterios-y-leyendas-Murcia.jpeg","type":"image\/jpeg"}],"twitter_card":"summary_large_image","twitter_site":"@thebestdaytours","twitter_misc":{"Tiempo de lectura":"2 minutos"},"schema":{"@context":"https:\/\/schema.org","@graph":[{"@type":"WebPage","@id":"https:\/\/thebestdaytours.com\/es\/producto\/free-tour-de-misterios-y-leyendas-de-murcia\/","url":"https:\/\/thebestdaytours.com\/es\/producto\/free-tour-de-misterios-y-leyendas-de-murcia\/","name":"Free Tour de Misterios y Leyendas de Murcia | The Best Day Cartagena Tours","isPartOf":{"@id":"https:\/\/thebestdaytours.com\/#website"},"primaryImageOfPage":{"@id":"https:\/\/thebestdaytours.com\/es\/producto\/free-tour-de-misterios-y-leyendas-de-murcia\/#primaryimage"},"image":{"@id":"https:\/\/thebestdaytours.com\/es\/producto\/free-tour-de-misterios-y-leyendas-de-murcia\/#primaryimage"},"thumbnailUrl":"https:\/\/thebestdaytours.com\/wp-content\/uploads\/2025\/08\/Misterios-y-leyendas-Murcia.jpeg","datePublished":"2025-08-26T18:17:58+00:00","dateModified":"2026-01-13T11:58:33+00:00","description":"Free Tour de Misterios y Leyendas de Murcia Asesinatos, misterios y leyendas cobran vida en este free tour nocturno por Murcia. Desde el Ayuntamiento recorreremos lugares como el Puente de los Peligros, la Catedral o la capilla de los V\u00e9lez, descubriendo historias llenas de intriga. Conoceremos al fantasma de San Juan de Dios, la Casa del Duende y otras leyendas populares, hasta llegar al Teatro Romea, marcado por una antigua maldici\u00f3n.","breadcrumb":{"@id":"https:\/\/thebestdaytours.com\/es\/producto\/free-tour-de-misterios-y-leyendas-de-murcia\/#breadcrumb"},"inLanguage":"es","potentialAction":[{"@type":"ReadAction","target":["https:\/\/thebestdaytours.com\/es\/producto\/free-tour-de-misterios-y-leyendas-de-murcia\/"]}]},{"@type":"ImageObject","inLanguage":"es","@id":"https:\/\/thebestdaytours.com\/es\/producto\/free-tour-de-misterios-y-leyendas-de-murcia\/#primaryimage","url":"https:\/\/thebestdaytours.com\/wp-content\/uploads\/2025\/08\/Misterios-y-leyendas-Murcia.jpeg","contentUrl":"https:\/\/thebestdaytours.com\/wp-content\/uploads\/2025\/08\/Misterios-y-leyendas-Murcia.jpeg","width":786,"height":520},{"@type":"BreadcrumbList","@id":"https:\/\/thebestdaytours.com\/es\/producto\/free-tour-de-misterios-y-leyendas-de-murcia\/#breadcrumb","itemListElement":[{"@type":"ListItem","position":1,"name":"Inicio","item":"https:\/\/thebestdaytours.com\/es\/the-best-day\/"},{"@type":"ListItem","position":2,"name":"Free Tour de Misterios y Leyendas de Murcia"}]},{"@type":"WebSite","@id":"https:\/\/thebestdaytours.com\/#website","url":"https:\/\/thebestdaytours.com\/","name":"The Best Day Cartagena Tours","description":"Visitas guiadas entre murcia y cartagena","publisher":{"@id":"https:\/\/thebestdaytours.com\/#organization"},"potentialAction":[{"@type":"SearchAction","target":{"@type":"EntryPoint","urlTemplate":"https:\/\/thebestdaytours.com\/?s={search_term_string}"},"query-input":{"@type":"PropertyValueSpecification","valueRequired":true,"valueName":"search_term_string"}}],"inLanguage":"es"},{"@type":"Organization","@id":"https:\/\/thebestdaytours.com\/#organization","name":"The Best Day Cartagena Tours","url":"https:\/\/thebestdaytours.com\/","logo":{"@type":"ImageObject","inLanguage":"es","@id":"https:\/\/thebestdaytours.com\/#\/schema\/logo\/image\/","url":"https:\/\/thebestdaytours.com\/wp-content\/uploads\/2023\/09\/Group-988.png","contentUrl":"https:\/\/thebestdaytours.com\/wp-content\/uploads\/2023\/09\/Group-988.png","width":446,"height":118,"caption":"The Best Day Cartagena Tours"},"image":{"@id":"https:\/\/thebestdaytours.com\/#\/schema\/logo\/image\/"},"sameAs":["https:\/\/www.facebook.com\/people\/The-Best-Day-Cartagena-Tours\/100063528762249\/","https:\/\/x.com\/thebestdaytours"]}]}},"_links":{"self":[{"href":"https:\/\/thebestdaytours.com\/es\/wp-json\/wp\/v2\/product\/23394","targetHints":{"allow":["GET"]}}],"collection":[{"href":"https:\/\/thebestdaytours.com\/es\/wp-json\/wp\/v2\/product"}],"about":[{"href":"https:\/\/thebestdaytours.com\/es\/wp-json\/wp\/v2\/types\/product"}],"version-history":[{"count":0,"href":"https:\/\/thebestdaytours.com\/es\/wp-json\/wp\/v2\/product\/23394\/revisions"}],"wp:featuredmedia":[{"embeddable":true,"href":"https:\/\/thebestdaytours.com\/es\/wp-json\/wp\/v2\/media\/23400"}],"wp:attachment":[{"href":"https:\/\/thebestdaytours.com\/es\/wp-json\/wp\/v2\/media?parent=23394"}],"wp:term":[{"taxonomy":"product_brand","embeddable":true,"href":"https:\/\/thebestdaytours.com\/es\/wp-json\/wp\/v2\/product_brand?post=23394"},{"taxonomy":"product_cat","embeddable":true,"href":"https:\/\/thebestdaytours.com\/es\/wp-json\/wp\/v2\/product_cat?post=23394"},{"taxonomy":"product_tag","embeddable":true,"href":"https:\/\/thebestdaytours.com\/es\/wp-json\/wp\/v2\/product_tag?post=23394"}],"curies":[{"name":"wp","href":"https:\/\/api.w.org\/{rel}","templated":true}]}}