{"id":21900,"date":"2025-06-26T17:19:09","date_gmt":"2025-06-26T15:19:09","guid":{"rendered":"https:\/\/thebestdaytours.com\/?post_type=product&#038;p=21900"},"modified":"2026-01-13T12:58:43","modified_gmt":"2026-01-13T11:58:43","slug":"faro-cabo-de-palos-visita-guiada","status":"publish","type":"product","link":"https:\/\/thebestdaytours.com\/es\/producto\/faro-cabo-de-palos-visita-guiada\/","title":{"rendered":"Faro de Cabo de Palos \u2013 Visita Guiada"},"content":{"rendered":"<p><strong>\u00a1Acomp\u00e1\u00f1anos hasta lo m\u00e1s alto del faro de Cabo de Palos!<br \/>\n<\/strong><br \/>\nUbicado sobre uno de los tres cabos de la Regi\u00f3n de Murcia, se alza el faro con una altura de 51 metros, siendo el segundo faro m\u00e1s alto de Espa\u00f1a. La visita al interior del Faro de Cabo de Palos es una experiencia \u00fanica e inolvidable, siendo el \u00fanico faro de la Regi\u00f3n de Murcia que es visitable. Ubicado sobre uno de los tres cabos de la Regi\u00f3n de Murcia, sobre una peque\u00f1a pen\u00ednsula, se alza el faro con una altura de 51 metros (81 metros sobre el nivel del mar), siendo el segundo faro m\u00e1s alto de Espa\u00f1a, tras de la Torre de H\u00e9rcules en A Coru\u00f1a.<\/p>\n<p>Nuestra visita comenzar\u00e1 con la bienvenida de nuestro gu\u00eda en la explanada exterior del faro y tras una breve introducci\u00f3n para conocer su historia desde que empez\u00f3 a funcionar en el a\u00f1o 1865, procederemos hacia el interior. Tras superar los m\u00e1s de 300 pelda\u00f1os, llegaremos a la terraza superior donde poder disfrutar de una panor\u00e1mica \u00fanica de nuestro Mar Mediterr\u00e1neo, el Cabo de Palos y La Manga del Mar Menor.<\/p>\n<p>Con estas espectaculares vistas y el pueblo de Cabo de Palos a nuestros pies, dispondremos de tiempo para realizar fotograf\u00edas, y de mano de nuestro gu\u00eda, conoceremos el funcionamiento del faro y sus peculiaridades, como por ejemplo el funcionamiento del foco, el cual emite una luz blanca que tiene un alcance nominal nocturno de unas 23 millas n\u00e1uticas (43km).<\/p>\n<p>Durante nuestra visita tambi\u00e9n descubrir\u00e1s otras curiosidades, como la historia del hundimiento del transatl\u00e1ntico \u201cEl Sirio\u201d y otros importantes pecios que forman parte de nuestro patrimonio subacu\u00e1tico o la importancia de la Reserva Marina de Cabo de Palos e Islas Hormigas, siendo un espacio natural submarino protegido y uno de los destinos m\u00e1s populares de submarinismo de toda Europa.<br \/>\n<strong><br \/>\nIMPORTANTE:<\/strong> El punto de encuentro para dar comienzo al tour y, donde deber\u00e1s estar en fecha y hora que has realizado la reserva ser\u00e1 en el <a href=\"https:\/\/www.google.es\/maps\/place\/Faro+Cabo+de+Palos\/@37.6328451,-0.6968906,15.71z\/data=!4m14!1m7!3m6!1s0xd6322798e8b33e5:0x31422c8e46c6f7ad!2sPlaneta+Azul+Buceo+y+Naturaleza!8m2!3d37.6316!4d-0.7021156!16s%2Fg%2F1tk1p9y5!3m5!1s0xd632209a2a82ef3:0xa0c0869def13c413!8m2!3d37.6347117!4d-0.6902636!16s%2Fg%2F1213hpny?entry=ttu\">Faro Cabo de Palos<\/a>.<\/p>\n<ul>\n<li>El grupo ser\u00e1 de m\u00e1ximo 10 personas mayores de 12 a\u00f1os por turno de subida.<\/li>\n<li>Tienes que estar en buena forma para subir al faro sin riesgo para tu salud y firmar una declaraci\u00f3n responsable.<\/li>\n<li>Este tour se realiza tanto en <strong>espa\u00f1ol<\/strong> como en <strong>ingl\u00e9s<\/strong> principalmente. Si quieres realizar el tour en un idioma distinto a los anteriormente mencionados, por favor, ponte en contacto con nosotros para consultarnos la posibilidad de ello haciendo <a href=\"https:\/\/thebestdaytours.com\/contacto\/\" target=\"_blank\" rel=\"noopener\">clic aqu\u00ed<\/a>.<\/li>\n<\/ul>\n","protected":false},"excerpt":{"rendered":"<p><span style=\"font-weight: 400;\">Explora la grandeza mar\u00edtima desde las alturas en el Faro de Cabo de Palos, la \u00fanica torre visitable en la Regi\u00f3n de Murcia y el segundo faro m\u00e1s alto de Espa\u00f1a. Sum\u00e9rgete en la historia, disfruta de vistas panor\u00e1micas excepcionales y vive una experiencia \u00fanica junto al imponente mar.<\/span><\/p>\n","protected":false},"featured_media":25293,"template":"","meta":{"site-sidebar-layout":"default","site-content-layout":"default","ast-site-content-layout":"default","site-content-style":"default","site-sidebar-style":"default","ast-global-header-display":"","ast-banner-title-visibility":"","ast-main-header-display":"","ast-hfb-above-header-display":"","ast-hfb-below-header-display":"","ast-hfb-mobile-header-display":"","site-post-title":"","ast-breadcrumbs-content":"","ast-featured-img":"","footer-sml-layout":"","ast-disable-related-posts":"","theme-transparent-header-meta":"default","adv-header-id-meta":"","stick-header-meta":"default","header-above-stick-meta":"","header-main-stick-meta":"","header-below-stick-meta":"","astra-migrate-meta-layouts":"set","ast-page-background-enabled":"default","ast-page-background-meta":{"desktop":{"background-color":"var(--ast-global-color-4)","background-image":"","background-repeat":"repeat","background-position":"center center","background-size":"auto","background-attachment":"scroll","background-type":"","background-media":"","overlay-type":"","overlay-color":"","overlay-opacity":"","overlay-gradient":""},"tablet":{"background-color":"","background-image":"","background-repeat":"repeat","background-position":"center center","background-size":"auto","background-attachment":"scroll","background-type":"","background-media":"","overlay-type":"","overlay-color":"","overlay-opacity":"","overlay-gradient":""},"mobile":{"background-color":"","background-image":"","background-repeat":"repeat","background-position":"center center","background-size":"auto","background-attachment":"scroll","background-type":"","background-media":"","overlay-type":"","overlay-color":"","overlay-opacity":"","overlay-gradient":""}},"ast-content-background-meta":{"desktop":{"background-color":"var(--ast-global-color-5)","background-image":"","background-repeat":"repeat","background-position":"center center","background-size":"auto","background-attachment":"scroll","background-type":"","background-media":"","overlay-type":"","overlay-color":"","overlay-opacity":"","overlay-gradient":""},"tablet":{"background-color":"var(--ast-global-color-5)","background-image":"","background-repeat":"repeat","background-position":"center center","background-size":"auto","background-attachment":"scroll","background-type":"","background-media":"","overlay-type":"","overlay-color":"","overlay-opacity":"","overlay-gradient":""},"mobile":{"background-color":"var(--ast-global-color-5)","background-image":"","background-repeat":"repeat","background-position":"center center","background-size":"auto","background-attachment":"scroll","background-type":"","background-media":"","overlay-type":"","overlay-color":"","overlay-opacity":"","overlay-gradient":""}}},"product_brand":[],"product_cat":[36],"product_tag":[31],"class_list":{"0":"post-21900","1":"product","2":"type-product","3":"status-publish","4":"has-post-thumbnail","6":"product_cat-excursiones-y-experiencias","7":"product_tag-cartagena","8":"desktop-align-left","9":"tablet-align-left","10":"mobile-align-left","12":"first","13":"instock","14":"featured","15":"virtual","16":"sold-individually","17":"taxable","18":"purchasable","19":"product-type-booking"},"yoast_head":"<!-- This site is optimized with the Yoast SEO plugin v27.0 - https:\/\/yoast.com\/product\/yoast-seo-wordpress\/ -->\n<title>Faro de Cabo de Palos | Visita Guiada con Vistas al Mediterr\u00e1neo<\/title>\n<meta name=\"description\" content=\"Asciende al faro m\u00e1s emblem\u00e1tico del Mediterr\u00e1neo y disfruta de vistas \u00fanicas sobre La Manga y el mar. Una visita guiada inolvidable.\" \/>\n<meta name=\"robots\" content=\"index, follow, max-snippet:-1, max-image-preview:large, max-video-preview:-1\" \/>\n<link rel=\"canonical\" href=\"https:\/\/thebestdaytours.com\/es\/producto\/faro-cabo-de-palos-visita-guiada\/\" \/>\n<meta property=\"og:locale\" content=\"es_ES\" \/>\n<meta property=\"og:type\" content=\"article\" \/>\n<meta property=\"og:title\" content=\"Faro de Cabo de Palos | Visita Guiada con Vistas al Mediterr\u00e1neo\" \/>\n<meta property=\"og:description\" content=\"Asciende al faro m\u00e1s emblem\u00e1tico del Mediterr\u00e1neo y disfruta de vistas \u00fanicas sobre La Manga y el mar. Una visita guiada inolvidable.\" \/>\n<meta property=\"og:url\" content=\"https:\/\/thebestdaytours.com\/es\/producto\/faro-cabo-de-palos-visita-guiada\/\" \/>\n<meta property=\"og:site_name\" content=\"The Best Day Cartagena Tours\" \/>\n<meta property=\"article:publisher\" content=\"https:\/\/www.facebook.com\/people\/The-Best-Day-Cartagena-Tours\/100063528762249\/\" \/>\n<meta property=\"article:modified_time\" content=\"2026-01-13T11:58:43+00:00\" \/>\n<meta property=\"og:image\" content=\"https:\/\/thebestdaytours.com\/wp-content\/uploads\/2025\/06\/shutterstock_2205388207-scaled.jpg\" \/>\n\t<meta property=\"og:image:width\" content=\"2560\" \/>\n\t<meta property=\"og:image:height\" content=\"1050\" \/>\n\t<meta property=\"og:image:type\" content=\"image\/jpeg\" \/>\n<meta name=\"twitter:card\" content=\"summary_large_image\" \/>\n<meta name=\"twitter:site\" content=\"@thebestdaytours\" \/>\n<meta name=\"twitter:label1\" content=\"Tiempo de lectura\" \/>\n\t<meta name=\"twitter:data1\" content=\"3 minutos\" \/>\n<script type=\"application\/ld+json\" class=\"yoast-schema-graph\">{\"@context\":\"https:\/\/schema.org\",\"@graph\":[{\"@type\":\"WebPage\",\"@id\":\"https:\/\/thebestdaytours.com\/es\/producto\/faro-cabo-de-palos-visita-guiada\/\",\"url\":\"https:\/\/thebestdaytours.com\/es\/producto\/faro-cabo-de-palos-visita-guiada\/\",\"name\":\"Faro de Cabo de Palos | Visita Guiada con Vistas al Mediterr\u00e1neo\",\"isPartOf\":{\"@id\":\"https:\/\/thebestdaytours.com\/#website\"},\"primaryImageOfPage\":{\"@id\":\"https:\/\/thebestdaytours.com\/es\/producto\/faro-cabo-de-palos-visita-guiada\/#primaryimage\"},\"image\":{\"@id\":\"https:\/\/thebestdaytours.com\/es\/producto\/faro-cabo-de-palos-visita-guiada\/#primaryimage\"},\"thumbnailUrl\":\"https:\/\/thebestdaytours.com\/wp-content\/uploads\/2025\/06\/shutterstock_2205388207-scaled.jpg\",\"datePublished\":\"2025-06-26T15:19:09+00:00\",\"dateModified\":\"2026-01-13T11:58:43+00:00\",\"description\":\"Asciende al faro m\u00e1s emblem\u00e1tico del Mediterr\u00e1neo y disfruta de vistas \u00fanicas sobre La Manga y el mar. Una visita guiada inolvidable.\",\"breadcrumb\":{\"@id\":\"https:\/\/thebestdaytours.com\/es\/producto\/faro-cabo-de-palos-visita-guiada\/#breadcrumb\"},\"inLanguage\":\"es\",\"potentialAction\":[{\"@type\":\"ReadAction\",\"target\":[\"https:\/\/thebestdaytours.com\/es\/producto\/faro-cabo-de-palos-visita-guiada\/\"]}]},{\"@type\":\"ImageObject\",\"inLanguage\":\"es\",\"@id\":\"https:\/\/thebestdaytours.com\/es\/producto\/faro-cabo-de-palos-visita-guiada\/#primaryimage\",\"url\":\"https:\/\/thebestdaytours.com\/wp-content\/uploads\/2025\/06\/shutterstock_2205388207-scaled.jpg\",\"contentUrl\":\"https:\/\/thebestdaytours.com\/wp-content\/uploads\/2025\/06\/shutterstock_2205388207-scaled.jpg\",\"width\":2560,\"height\":1050},{\"@type\":\"BreadcrumbList\",\"@id\":\"https:\/\/thebestdaytours.com\/es\/producto\/faro-cabo-de-palos-visita-guiada\/#breadcrumb\",\"itemListElement\":[{\"@type\":\"ListItem\",\"position\":1,\"name\":\"Inicio\",\"item\":\"https:\/\/thebestdaytours.com\/es\/the-best-day\/\"},{\"@type\":\"ListItem\",\"position\":2,\"name\":\"Faro de Cabo de Palos \u2013 Visita Guiada\"}]},{\"@type\":\"WebSite\",\"@id\":\"https:\/\/thebestdaytours.com\/#website\",\"url\":\"https:\/\/thebestdaytours.com\/\",\"name\":\"The Best Day Cartagena Tours\",\"description\":\"Visitas guiadas entre murcia y cartagena\",\"publisher\":{\"@id\":\"https:\/\/thebestdaytours.com\/#organization\"},\"potentialAction\":[{\"@type\":\"SearchAction\",\"target\":{\"@type\":\"EntryPoint\",\"urlTemplate\":\"https:\/\/thebestdaytours.com\/?s={search_term_string}\"},\"query-input\":{\"@type\":\"PropertyValueSpecification\",\"valueRequired\":true,\"valueName\":\"search_term_string\"}}],\"inLanguage\":\"es\"},{\"@type\":\"Organization\",\"@id\":\"https:\/\/thebestdaytours.com\/#organization\",\"name\":\"The Best Day Cartagena Tours\",\"url\":\"https:\/\/thebestdaytours.com\/\",\"logo\":{\"@type\":\"ImageObject\",\"inLanguage\":\"es\",\"@id\":\"https:\/\/thebestdaytours.com\/#\/schema\/logo\/image\/\",\"url\":\"https:\/\/thebestdaytours.com\/wp-content\/uploads\/2023\/09\/Group-988.png\",\"contentUrl\":\"https:\/\/thebestdaytours.com\/wp-content\/uploads\/2023\/09\/Group-988.png\",\"width\":446,\"height\":118,\"caption\":\"The Best Day Cartagena Tours\"},\"image\":{\"@id\":\"https:\/\/thebestdaytours.com\/#\/schema\/logo\/image\/\"},\"sameAs\":[\"https:\/\/www.facebook.com\/people\/The-Best-Day-Cartagena-Tours\/100063528762249\/\",\"https:\/\/x.com\/thebestdaytours\"]}]}<\/script>\n<!-- \/ Yoast SEO plugin. -->","yoast_head_json":{"title":"Faro de Cabo de Palos | Visita Guiada con Vistas al Mediterr\u00e1neo","description":"Asciende al faro m\u00e1s emblem\u00e1tico del Mediterr\u00e1neo y disfruta de vistas \u00fanicas sobre La Manga y el mar. Una visita guiada inolvidable.","robots":{"index":"index","follow":"follow","max-snippet":"max-snippet:-1","max-image-preview":"max-image-preview:large","max-video-preview":"max-video-preview:-1"},"canonical":"https:\/\/thebestdaytours.com\/es\/producto\/faro-cabo-de-palos-visita-guiada\/","og_locale":"es_ES","og_type":"article","og_title":"Faro de Cabo de Palos | Visita Guiada con Vistas al Mediterr\u00e1neo","og_description":"Asciende al faro m\u00e1s emblem\u00e1tico del Mediterr\u00e1neo y disfruta de vistas \u00fanicas sobre La Manga y el mar. Una visita guiada inolvidable.","og_url":"https:\/\/thebestdaytours.com\/es\/producto\/faro-cabo-de-palos-visita-guiada\/","og_site_name":"The Best Day Cartagena Tours","article_publisher":"https:\/\/www.facebook.com\/people\/The-Best-Day-Cartagena-Tours\/100063528762249\/","article_modified_time":"2026-01-13T11:58:43+00:00","og_image":[{"width":2560,"height":1050,"url":"https:\/\/thebestdaytours.com\/wp-content\/uploads\/2025\/06\/shutterstock_2205388207-scaled.jpg","type":"image\/jpeg"}],"twitter_card":"summary_large_image","twitter_site":"@thebestdaytours","twitter_misc":{"Tiempo de lectura":"3 minutos"},"schema":{"@context":"https:\/\/schema.org","@graph":[{"@type":"WebPage","@id":"https:\/\/thebestdaytours.com\/es\/producto\/faro-cabo-de-palos-visita-guiada\/","url":"https:\/\/thebestdaytours.com\/es\/producto\/faro-cabo-de-palos-visita-guiada\/","name":"Faro de Cabo de Palos | Visita Guiada con Vistas al Mediterr\u00e1neo","isPartOf":{"@id":"https:\/\/thebestdaytours.com\/#website"},"primaryImageOfPage":{"@id":"https:\/\/thebestdaytours.com\/es\/producto\/faro-cabo-de-palos-visita-guiada\/#primaryimage"},"image":{"@id":"https:\/\/thebestdaytours.com\/es\/producto\/faro-cabo-de-palos-visita-guiada\/#primaryimage"},"thumbnailUrl":"https:\/\/thebestdaytours.com\/wp-content\/uploads\/2025\/06\/shutterstock_2205388207-scaled.jpg","datePublished":"2025-06-26T15:19:09+00:00","dateModified":"2026-01-13T11:58:43+00:00","description":"Asciende al faro m\u00e1s emblem\u00e1tico del Mediterr\u00e1neo y disfruta de vistas \u00fanicas sobre La Manga y el mar. Una visita guiada inolvidable.","breadcrumb":{"@id":"https:\/\/thebestdaytours.com\/es\/producto\/faro-cabo-de-palos-visita-guiada\/#breadcrumb"},"inLanguage":"es","potentialAction":[{"@type":"ReadAction","target":["https:\/\/thebestdaytours.com\/es\/producto\/faro-cabo-de-palos-visita-guiada\/"]}]},{"@type":"ImageObject","inLanguage":"es","@id":"https:\/\/thebestdaytours.com\/es\/producto\/faro-cabo-de-palos-visita-guiada\/#primaryimage","url":"https:\/\/thebestdaytours.com\/wp-content\/uploads\/2025\/06\/shutterstock_2205388207-scaled.jpg","contentUrl":"https:\/\/thebestdaytours.com\/wp-content\/uploads\/2025\/06\/shutterstock_2205388207-scaled.jpg","width":2560,"height":1050},{"@type":"BreadcrumbList","@id":"https:\/\/thebestdaytours.com\/es\/producto\/faro-cabo-de-palos-visita-guiada\/#breadcrumb","itemListElement":[{"@type":"ListItem","position":1,"name":"Inicio","item":"https:\/\/thebestdaytours.com\/es\/the-best-day\/"},{"@type":"ListItem","position":2,"name":"Faro de Cabo de Palos \u2013 Visita Guiada"}]},{"@type":"WebSite","@id":"https:\/\/thebestdaytours.com\/#website","url":"https:\/\/thebestdaytours.com\/","name":"The Best Day Cartagena Tours","description":"Visitas guiadas entre murcia y cartagena","publisher":{"@id":"https:\/\/thebestdaytours.com\/#organization"},"potentialAction":[{"@type":"SearchAction","target":{"@type":"EntryPoint","urlTemplate":"https:\/\/thebestdaytours.com\/?s={search_term_string}"},"query-input":{"@type":"PropertyValueSpecification","valueRequired":true,"valueName":"search_term_string"}}],"inLanguage":"es"},{"@type":"Organization","@id":"https:\/\/thebestdaytours.com\/#organization","name":"The Best Day Cartagena Tours","url":"https:\/\/thebestdaytours.com\/","logo":{"@type":"ImageObject","inLanguage":"es","@id":"https:\/\/thebestdaytours.com\/#\/schema\/logo\/image\/","url":"https:\/\/thebestdaytours.com\/wp-content\/uploads\/2023\/09\/Group-988.png","contentUrl":"https:\/\/thebestdaytours.com\/wp-content\/uploads\/2023\/09\/Group-988.png","width":446,"height":118,"caption":"The Best Day Cartagena Tours"},"image":{"@id":"https:\/\/thebestdaytours.com\/#\/schema\/logo\/image\/"},"sameAs":["https:\/\/www.facebook.com\/people\/The-Best-Day-Cartagena-Tours\/100063528762249\/","https:\/\/x.com\/thebestdaytours"]}]}},"_links":{"self":[{"href":"https:\/\/thebestdaytours.com\/es\/wp-json\/wp\/v2\/product\/21900","targetHints":{"allow":["GET"]}}],"collection":[{"href":"https:\/\/thebestdaytours.com\/es\/wp-json\/wp\/v2\/product"}],"about":[{"href":"https:\/\/thebestdaytours.com\/es\/wp-json\/wp\/v2\/types\/product"}],"version-history":[{"count":0,"href":"https:\/\/thebestdaytours.com\/es\/wp-json\/wp\/v2\/product\/21900\/revisions"}],"wp:featuredmedia":[{"embeddable":true,"href":"https:\/\/thebestdaytours.com\/es\/wp-json\/wp\/v2\/media\/25293"}],"wp:attachment":[{"href":"https:\/\/thebestdaytours.com\/es\/wp-json\/wp\/v2\/media?parent=21900"}],"wp:term":[{"taxonomy":"product_brand","embeddable":true,"href":"https:\/\/thebestdaytours.com\/es\/wp-json\/wp\/v2\/product_brand?post=21900"},{"taxonomy":"product_cat","embeddable":true,"href":"https:\/\/thebestdaytours.com\/es\/wp-json\/wp\/v2\/product_cat?post=21900"},{"taxonomy":"product_tag","embeddable":true,"href":"https:\/\/thebestdaytours.com\/es\/wp-json\/wp\/v2\/product_tag?post=21900"}],"curies":[{"name":"wp","href":"https:\/\/api.w.org\/{rel}","templated":true}]}}