{"id":20073,"date":"2025-03-20T12:19:15","date_gmt":"2025-03-20T11:19:15","guid":{"rendered":"https:\/\/thebestdaytours.com\/?post_type=product&#038;p=20073"},"modified":"2026-01-13T12:58:30","modified_gmt":"2026-01-13T11:58:30","slug":"free-tour-de-misterios-y-leyendas-de-cartagena","status":"publish","type":"product","link":"https:\/\/thebestdaytours.com\/es\/producto\/free-tour-de-misterios-y-leyendas-de-cartagena\/","title":{"rendered":"Free Tour de Misterios y Leyendas de Cartagena"},"content":{"rendered":"<p data-pm-slice=\"1 1 []\">Conoce la cara m\u00e1s enigm\u00e1tica de Cartagena mientras desvelamos leyendas ocultas y rastreamos la huella de las logias mas\u00f3nicas. Un recorrido nocturno repleto de sorpresas, misterio y patrimonio cultural que no te dejar\u00e1 indiferente.<\/p>\n<p><strong>Itinerario<\/strong><br \/>\nNos encontraremos en la <a href=\"https:\/\/www.google.com\/maps\/place\/Free+Tour+de+Misterios+y+Leyendas+de+Cartagena\/@37.5988811,-0.9884316,599m\/data=!3m2!1e3!4b1!4m6!3m5!1s0xd6343a6b3632ddb:0x2b80abe2a07d4da9!8m2!3d37.5988811!4d-0.9858513!16s%2Fg%2F11xs3q7n7s?hl=es&amp;authuser=1&amp;entry=ttu&amp;g_ep=EgoyMDI1MDgxOS4wIKXMDSoASAFQAw%3D%3D\">Oficina de Turismo de la plaza del Ayuntamiento a la hora indicada<\/a>. Desde all\u00ed, contemplaremos la imponente fachada del Palacio Consistorial, ligado a las sociedades mas\u00f3nicas que prosperaron en la ciudad entre finales del siglo XIX y principios del XX.<\/p>\n<p>Despu\u00e9s, seguiremos hacia la calle Mayor para maravillarnos con la decoraci\u00f3n de la llamada Casa de las Estrellas. Tras conocer el enigma que rodea esta vivienda, nos dirigiremos a la calle de Medieras, cuna del afamado Antonio de Esca\u00f1o, uno de los grandes marinos de la Espa\u00f1a del siglo XVIII.<\/p>\n<p>Continuaremos hasta la plaza de San Gin\u00e9s para descubrir la curiosa leyenda que relaciona al patr\u00f3n de Cartagena con este rinc\u00f3n hist\u00f3rico. Desde all\u00ed, pasaremos a la plaza de la Merced, donde nos detendremos ante el palacio de Aguirre para interpretar su simbolog\u00eda mas\u00f3nica.<\/p>\n<p>M\u00e1s tarde, recorreremos el bulevar Jos\u00e9 Hierro, antiguo emplazamiento de la plaza de toros y del pabell\u00f3n de autopsias. Podr\u00e1s imaginar los relatos inquietantes que se han tejido en torno a este lugar, hoy convertido en el campus de la UPCT.<\/p>\n<p>Finalmente, tras dos apasionantes horas, culminaremos en las escaleras de la Muralla del Mar. Antes de despedirnos, a\u00fan quedar\u00e1 tiempo para compartir unas \u00faltimas historias que te dejar\u00e1n con la boca abierta.<\/p>\n<p><strong>Grupos<\/strong><br \/>\nEn este free tour por Cartagena no se admiten reservas para grupos de m\u00e1s de 6 personas. Si prefieres una experiencia exclusiva para ti, tu pareja, familiares o amigos, puedes reservar nuestro tour privado por Cartagena.<\/p>\n<p>\u00bfListo para adentrarte en el lado m\u00e1s desconocido de esta ciudad llena de secretos?<br \/>\n<strong>\u00a1Reserva ya tu plaza y vive una noche inolvidable recorriendo los misterios y leyendas de Cartagena!<\/strong><\/p>\n","protected":false},"excerpt":{"rendered":"<p data-pm-slice=\"1 1 []\"><strong>Free Tour de Misterios y Leyendas de Cartagena<\/strong><br \/>\nSum\u00e9rgete en la cara m\u00e1s oculta de Cartagena con este tour nocturno lleno de historia, masones y enigmas sorprendentes. Descubre rincones ins\u00f3litos y leyendas que te pondr\u00e1n la piel de gallina durante dos horas de pura emoci\u00f3n.<br \/>\n<strong>\u00a1No te quedes fuera y reserva ya tu plaza para vivir una experiencia \u00fanica en Cartagena!<\/strong><\/p>\n","protected":false},"featured_media":20267,"template":"","meta":{"site-sidebar-layout":"default","site-content-layout":"","ast-site-content-layout":"default","site-content-style":"default","site-sidebar-style":"default","ast-global-header-display":"","ast-banner-title-visibility":"","ast-main-header-display":"","ast-hfb-above-header-display":"","ast-hfb-below-header-display":"","ast-hfb-mobile-header-display":"","site-post-title":"","ast-breadcrumbs-content":"","ast-featured-img":"","footer-sml-layout":"","ast-disable-related-posts":"","theme-transparent-header-meta":"default","adv-header-id-meta":"","stick-header-meta":"default","header-above-stick-meta":"","header-main-stick-meta":"","header-below-stick-meta":"","astra-migrate-meta-layouts":"set","ast-page-background-enabled":"default","ast-page-background-meta":{"desktop":{"background-color":"var(--ast-global-color-4)","background-image":"","background-repeat":"repeat","background-position":"center center","background-size":"auto","background-attachment":"scroll","background-type":"","background-media":"","overlay-type":"","overlay-color":"","overlay-opacity":"","overlay-gradient":""},"tablet":{"background-color":"","background-image":"","background-repeat":"repeat","background-position":"center center","background-size":"auto","background-attachment":"scroll","background-type":"","background-media":"","overlay-type":"","overlay-color":"","overlay-opacity":"","overlay-gradient":""},"mobile":{"background-color":"","background-image":"","background-repeat":"repeat","background-position":"center center","background-size":"auto","background-attachment":"scroll","background-type":"","background-media":"","overlay-type":"","overlay-color":"","overlay-opacity":"","overlay-gradient":""}},"ast-content-background-meta":{"desktop":{"background-color":"var(--ast-global-color-5)","background-image":"","background-repeat":"repeat","background-position":"center center","background-size":"auto","background-attachment":"scroll","background-type":"","background-media":"","overlay-type":"","overlay-color":"","overlay-opacity":"","overlay-gradient":""},"tablet":{"background-color":"var(--ast-global-color-5)","background-image":"","background-repeat":"repeat","background-position":"center center","background-size":"auto","background-attachment":"scroll","background-type":"","background-media":"","overlay-type":"","overlay-color":"","overlay-opacity":"","overlay-gradient":""},"mobile":{"background-color":"var(--ast-global-color-5)","background-image":"","background-repeat":"repeat","background-position":"center center","background-size":"auto","background-attachment":"scroll","background-type":"","background-media":"","overlay-type":"","overlay-color":"","overlay-opacity":"","overlay-gradient":""}}},"product_brand":[],"product_cat":[30],"product_tag":[31],"class_list":{"0":"post-20073","1":"product","2":"type-product","3":"status-publish","4":"has-post-thumbnail","6":"product_cat-free-tours","7":"product_tag-cartagena","8":"desktop-align-left","9":"tablet-align-left","10":"mobile-align-left","12":"first","13":"instock","14":"sold-individually","15":"taxable","16":"shipping-taxable","17":"purchasable","18":"product-type-booking"},"yoast_head":"<!-- This site is optimized with the Yoast SEO plugin v27.0 - https:\/\/yoast.com\/product\/yoast-seo-wordpress\/ -->\n<title>Free Tour de Misterios y Leyendas de Cartagena | The Best Day Cartagena Tours<\/title>\n<meta name=\"description\" content=\"Free Tour de Misterios y Leyendas de Cartagena Sum\u00e9rgete en la cara m\u00e1s oculta de Cartagena con este tour nocturno lleno de historia, masones y enigmas sorprendentes. Descubre rincones ins\u00f3litos y leyendas que te pondr\u00e1n la piel de gallina durante dos horas de pura emoci\u00f3n. \u00a1No te quedes fuera y reserva ya tu plaza para vivir una experiencia \u00fanica en Cartagena!\" \/>\n<meta name=\"robots\" content=\"index, follow, max-snippet:-1, max-image-preview:large, max-video-preview:-1\" \/>\n<link rel=\"canonical\" href=\"https:\/\/thebestdaytours.com\/es\/producto\/free-tour-de-misterios-y-leyendas-de-cartagena\/\" \/>\n<meta property=\"og:locale\" content=\"es_ES\" \/>\n<meta property=\"og:type\" content=\"article\" \/>\n<meta property=\"og:title\" content=\"Free Tour de Misterios y Leyendas de Cartagena | The Best Day Cartagena Tours\" \/>\n<meta property=\"og:description\" content=\"Free Tour de Misterios y Leyendas de Cartagena Sum\u00e9rgete en la cara m\u00e1s oculta de Cartagena con este tour nocturno lleno de historia, masones y enigmas sorprendentes. Descubre rincones ins\u00f3litos y leyendas que te pondr\u00e1n la piel de gallina durante dos horas de pura emoci\u00f3n. \u00a1No te quedes fuera y reserva ya tu plaza para vivir una experiencia \u00fanica en Cartagena!\" \/>\n<meta property=\"og:url\" content=\"https:\/\/thebestdaytours.com\/es\/producto\/free-tour-de-misterios-y-leyendas-de-cartagena\/\" \/>\n<meta property=\"og:site_name\" content=\"The Best Day Cartagena Tours\" \/>\n<meta property=\"article:publisher\" content=\"https:\/\/www.facebook.com\/people\/The-Best-Day-Cartagena-Tours\/100063528762249\/\" \/>\n<meta property=\"article:modified_time\" content=\"2026-01-13T11:58:30+00:00\" \/>\n<meta property=\"og:image\" content=\"https:\/\/thebestdaytours.com\/wp-content\/uploads\/2025\/03\/Ayto-de-Cartagena.-Freeetour.jpeg\" \/>\n\t<meta property=\"og:image:width\" content=\"780\" \/>\n\t<meta property=\"og:image:height\" content=\"519\" \/>\n\t<meta property=\"og:image:type\" content=\"image\/jpeg\" \/>\n<meta name=\"twitter:card\" content=\"summary_large_image\" \/>\n<meta name=\"twitter:site\" content=\"@thebestdaytours\" \/>\n<meta name=\"twitter:label1\" content=\"Tiempo de lectura\" \/>\n\t<meta name=\"twitter:data1\" content=\"2 minutos\" \/>\n<script type=\"application\/ld+json\" class=\"yoast-schema-graph\">{\"@context\":\"https:\/\/schema.org\",\"@graph\":[{\"@type\":\"WebPage\",\"@id\":\"https:\/\/thebestdaytours.com\/es\/producto\/free-tour-de-misterios-y-leyendas-de-cartagena\/\",\"url\":\"https:\/\/thebestdaytours.com\/es\/producto\/free-tour-de-misterios-y-leyendas-de-cartagena\/\",\"name\":\"Free Tour de Misterios y Leyendas de Cartagena | The Best Day Cartagena Tours\",\"isPartOf\":{\"@id\":\"https:\/\/thebestdaytours.com\/#website\"},\"primaryImageOfPage\":{\"@id\":\"https:\/\/thebestdaytours.com\/es\/producto\/free-tour-de-misterios-y-leyendas-de-cartagena\/#primaryimage\"},\"image\":{\"@id\":\"https:\/\/thebestdaytours.com\/es\/producto\/free-tour-de-misterios-y-leyendas-de-cartagena\/#primaryimage\"},\"thumbnailUrl\":\"https:\/\/thebestdaytours.com\/wp-content\/uploads\/2025\/03\/Ayto-de-Cartagena.-Freeetour.jpeg\",\"datePublished\":\"2025-03-20T11:19:15+00:00\",\"dateModified\":\"2026-01-13T11:58:30+00:00\",\"description\":\"Free Tour de Misterios y Leyendas de Cartagena Sum\u00e9rgete en la cara m\u00e1s oculta de Cartagena con este tour nocturno lleno de historia, masones y enigmas sorprendentes. Descubre rincones ins\u00f3litos y leyendas que te pondr\u00e1n la piel de gallina durante dos horas de pura emoci\u00f3n. \u00a1No te quedes fuera y reserva ya tu plaza para vivir una experiencia \u00fanica en Cartagena!\",\"breadcrumb\":{\"@id\":\"https:\/\/thebestdaytours.com\/es\/producto\/free-tour-de-misterios-y-leyendas-de-cartagena\/#breadcrumb\"},\"inLanguage\":\"es\",\"potentialAction\":[{\"@type\":\"ReadAction\",\"target\":[\"https:\/\/thebestdaytours.com\/es\/producto\/free-tour-de-misterios-y-leyendas-de-cartagena\/\"]}]},{\"@type\":\"ImageObject\",\"inLanguage\":\"es\",\"@id\":\"https:\/\/thebestdaytours.com\/es\/producto\/free-tour-de-misterios-y-leyendas-de-cartagena\/#primaryimage\",\"url\":\"https:\/\/thebestdaytours.com\/wp-content\/uploads\/2025\/03\/Ayto-de-Cartagena.-Freeetour.jpeg\",\"contentUrl\":\"https:\/\/thebestdaytours.com\/wp-content\/uploads\/2025\/03\/Ayto-de-Cartagena.-Freeetour.jpeg\",\"width\":780,\"height\":519},{\"@type\":\"BreadcrumbList\",\"@id\":\"https:\/\/thebestdaytours.com\/es\/producto\/free-tour-de-misterios-y-leyendas-de-cartagena\/#breadcrumb\",\"itemListElement\":[{\"@type\":\"ListItem\",\"position\":1,\"name\":\"Inicio\",\"item\":\"https:\/\/thebestdaytours.com\/es\/the-best-day\/\"},{\"@type\":\"ListItem\",\"position\":2,\"name\":\"Free Tour de Misterios y Leyendas de Cartagena\"}]},{\"@type\":\"WebSite\",\"@id\":\"https:\/\/thebestdaytours.com\/#website\",\"url\":\"https:\/\/thebestdaytours.com\/\",\"name\":\"The Best Day Cartagena Tours\",\"description\":\"Visitas guiadas entre murcia y cartagena\",\"publisher\":{\"@id\":\"https:\/\/thebestdaytours.com\/#organization\"},\"potentialAction\":[{\"@type\":\"SearchAction\",\"target\":{\"@type\":\"EntryPoint\",\"urlTemplate\":\"https:\/\/thebestdaytours.com\/?s={search_term_string}\"},\"query-input\":{\"@type\":\"PropertyValueSpecification\",\"valueRequired\":true,\"valueName\":\"search_term_string\"}}],\"inLanguage\":\"es\"},{\"@type\":\"Organization\",\"@id\":\"https:\/\/thebestdaytours.com\/#organization\",\"name\":\"The Best Day Cartagena Tours\",\"url\":\"https:\/\/thebestdaytours.com\/\",\"logo\":{\"@type\":\"ImageObject\",\"inLanguage\":\"es\",\"@id\":\"https:\/\/thebestdaytours.com\/#\/schema\/logo\/image\/\",\"url\":\"https:\/\/thebestdaytours.com\/wp-content\/uploads\/2023\/09\/Group-988.png\",\"contentUrl\":\"https:\/\/thebestdaytours.com\/wp-content\/uploads\/2023\/09\/Group-988.png\",\"width\":446,\"height\":118,\"caption\":\"The Best Day Cartagena Tours\"},\"image\":{\"@id\":\"https:\/\/thebestdaytours.com\/#\/schema\/logo\/image\/\"},\"sameAs\":[\"https:\/\/www.facebook.com\/people\/The-Best-Day-Cartagena-Tours\/100063528762249\/\",\"https:\/\/x.com\/thebestdaytours\"]}]}<\/script>\n<!-- \/ Yoast SEO plugin. -->","yoast_head_json":{"title":"Free Tour de Misterios y Leyendas de Cartagena | The Best Day Cartagena Tours","description":"Free Tour de Misterios y Leyendas de Cartagena Sum\u00e9rgete en la cara m\u00e1s oculta de Cartagena con este tour nocturno lleno de historia, masones y enigmas sorprendentes. Descubre rincones ins\u00f3litos y leyendas que te pondr\u00e1n la piel de gallina durante dos horas de pura emoci\u00f3n. \u00a1No te quedes fuera y reserva ya tu plaza para vivir una experiencia \u00fanica en Cartagena!","robots":{"index":"index","follow":"follow","max-snippet":"max-snippet:-1","max-image-preview":"max-image-preview:large","max-video-preview":"max-video-preview:-1"},"canonical":"https:\/\/thebestdaytours.com\/es\/producto\/free-tour-de-misterios-y-leyendas-de-cartagena\/","og_locale":"es_ES","og_type":"article","og_title":"Free Tour de Misterios y Leyendas de Cartagena | The Best Day Cartagena Tours","og_description":"Free Tour de Misterios y Leyendas de Cartagena Sum\u00e9rgete en la cara m\u00e1s oculta de Cartagena con este tour nocturno lleno de historia, masones y enigmas sorprendentes. Descubre rincones ins\u00f3litos y leyendas que te pondr\u00e1n la piel de gallina durante dos horas de pura emoci\u00f3n. \u00a1No te quedes fuera y reserva ya tu plaza para vivir una experiencia \u00fanica en Cartagena!","og_url":"https:\/\/thebestdaytours.com\/es\/producto\/free-tour-de-misterios-y-leyendas-de-cartagena\/","og_site_name":"The Best Day Cartagena Tours","article_publisher":"https:\/\/www.facebook.com\/people\/The-Best-Day-Cartagena-Tours\/100063528762249\/","article_modified_time":"2026-01-13T11:58:30+00:00","og_image":[{"width":780,"height":519,"url":"https:\/\/thebestdaytours.com\/wp-content\/uploads\/2025\/03\/Ayto-de-Cartagena.-Freeetour.jpeg","type":"image\/jpeg"}],"twitter_card":"summary_large_image","twitter_site":"@thebestdaytours","twitter_misc":{"Tiempo de lectura":"2 minutos"},"schema":{"@context":"https:\/\/schema.org","@graph":[{"@type":"WebPage","@id":"https:\/\/thebestdaytours.com\/es\/producto\/free-tour-de-misterios-y-leyendas-de-cartagena\/","url":"https:\/\/thebestdaytours.com\/es\/producto\/free-tour-de-misterios-y-leyendas-de-cartagena\/","name":"Free Tour de Misterios y Leyendas de Cartagena | The Best Day Cartagena Tours","isPartOf":{"@id":"https:\/\/thebestdaytours.com\/#website"},"primaryImageOfPage":{"@id":"https:\/\/thebestdaytours.com\/es\/producto\/free-tour-de-misterios-y-leyendas-de-cartagena\/#primaryimage"},"image":{"@id":"https:\/\/thebestdaytours.com\/es\/producto\/free-tour-de-misterios-y-leyendas-de-cartagena\/#primaryimage"},"thumbnailUrl":"https:\/\/thebestdaytours.com\/wp-content\/uploads\/2025\/03\/Ayto-de-Cartagena.-Freeetour.jpeg","datePublished":"2025-03-20T11:19:15+00:00","dateModified":"2026-01-13T11:58:30+00:00","description":"Free Tour de Misterios y Leyendas de Cartagena Sum\u00e9rgete en la cara m\u00e1s oculta de Cartagena con este tour nocturno lleno de historia, masones y enigmas sorprendentes. Descubre rincones ins\u00f3litos y leyendas que te pondr\u00e1n la piel de gallina durante dos horas de pura emoci\u00f3n. \u00a1No te quedes fuera y reserva ya tu plaza para vivir una experiencia \u00fanica en Cartagena!","breadcrumb":{"@id":"https:\/\/thebestdaytours.com\/es\/producto\/free-tour-de-misterios-y-leyendas-de-cartagena\/#breadcrumb"},"inLanguage":"es","potentialAction":[{"@type":"ReadAction","target":["https:\/\/thebestdaytours.com\/es\/producto\/free-tour-de-misterios-y-leyendas-de-cartagena\/"]}]},{"@type":"ImageObject","inLanguage":"es","@id":"https:\/\/thebestdaytours.com\/es\/producto\/free-tour-de-misterios-y-leyendas-de-cartagena\/#primaryimage","url":"https:\/\/thebestdaytours.com\/wp-content\/uploads\/2025\/03\/Ayto-de-Cartagena.-Freeetour.jpeg","contentUrl":"https:\/\/thebestdaytours.com\/wp-content\/uploads\/2025\/03\/Ayto-de-Cartagena.-Freeetour.jpeg","width":780,"height":519},{"@type":"BreadcrumbList","@id":"https:\/\/thebestdaytours.com\/es\/producto\/free-tour-de-misterios-y-leyendas-de-cartagena\/#breadcrumb","itemListElement":[{"@type":"ListItem","position":1,"name":"Inicio","item":"https:\/\/thebestdaytours.com\/es\/the-best-day\/"},{"@type":"ListItem","position":2,"name":"Free Tour de Misterios y Leyendas de Cartagena"}]},{"@type":"WebSite","@id":"https:\/\/thebestdaytours.com\/#website","url":"https:\/\/thebestdaytours.com\/","name":"The Best Day Cartagena Tours","description":"Visitas guiadas entre murcia y cartagena","publisher":{"@id":"https:\/\/thebestdaytours.com\/#organization"},"potentialAction":[{"@type":"SearchAction","target":{"@type":"EntryPoint","urlTemplate":"https:\/\/thebestdaytours.com\/?s={search_term_string}"},"query-input":{"@type":"PropertyValueSpecification","valueRequired":true,"valueName":"search_term_string"}}],"inLanguage":"es"},{"@type":"Organization","@id":"https:\/\/thebestdaytours.com\/#organization","name":"The Best Day Cartagena Tours","url":"https:\/\/thebestdaytours.com\/","logo":{"@type":"ImageObject","inLanguage":"es","@id":"https:\/\/thebestdaytours.com\/#\/schema\/logo\/image\/","url":"https:\/\/thebestdaytours.com\/wp-content\/uploads\/2023\/09\/Group-988.png","contentUrl":"https:\/\/thebestdaytours.com\/wp-content\/uploads\/2023\/09\/Group-988.png","width":446,"height":118,"caption":"The Best Day Cartagena Tours"},"image":{"@id":"https:\/\/thebestdaytours.com\/#\/schema\/logo\/image\/"},"sameAs":["https:\/\/www.facebook.com\/people\/The-Best-Day-Cartagena-Tours\/100063528762249\/","https:\/\/x.com\/thebestdaytours"]}]}},"_links":{"self":[{"href":"https:\/\/thebestdaytours.com\/es\/wp-json\/wp\/v2\/product\/20073","targetHints":{"allow":["GET"]}}],"collection":[{"href":"https:\/\/thebestdaytours.com\/es\/wp-json\/wp\/v2\/product"}],"about":[{"href":"https:\/\/thebestdaytours.com\/es\/wp-json\/wp\/v2\/types\/product"}],"version-history":[{"count":0,"href":"https:\/\/thebestdaytours.com\/es\/wp-json\/wp\/v2\/product\/20073\/revisions"}],"wp:featuredmedia":[{"embeddable":true,"href":"https:\/\/thebestdaytours.com\/es\/wp-json\/wp\/v2\/media\/20267"}],"wp:attachment":[{"href":"https:\/\/thebestdaytours.com\/es\/wp-json\/wp\/v2\/media?parent=20073"}],"wp:term":[{"taxonomy":"product_brand","embeddable":true,"href":"https:\/\/thebestdaytours.com\/es\/wp-json\/wp\/v2\/product_brand?post=20073"},{"taxonomy":"product_cat","embeddable":true,"href":"https:\/\/thebestdaytours.com\/es\/wp-json\/wp\/v2\/product_cat?post=20073"},{"taxonomy":"product_tag","embeddable":true,"href":"https:\/\/thebestdaytours.com\/es\/wp-json\/wp\/v2\/product_tag?post=20073"}],"curies":[{"name":"wp","href":"https:\/\/api.w.org\/{rel}","templated":true}]}}