{"id":18517,"date":"2024-12-29T09:42:59","date_gmt":"2024-12-29T08:42:59","guid":{"rendered":"https:\/\/thebestdaytours.com\/?post_type=product&#038;p=18517"},"modified":"2026-01-13T11:04:48","modified_gmt":"2026-01-13T10:04:48","slug":"tour-mercado-show-cooking-paella-cartagena","status":"publish","type":"product","link":"https:\/\/thebestdaytours.com\/es\/producto\/tour-mercado-show-cooking-paella-cartagena\/","title":{"rendered":"Tour de Mercado y Show Cooking de Paella en Cartagena"},"content":{"rendered":"<p>Dando un paseo desde el muelle, se le guiar\u00e1 a trav\u00e9s del casco antiguo de Cartagena, donde su primera parada, en el Mercado de Abastos. Esta zona produce algunas de las mejores frutas y verduras del pa\u00eds. Es una enorme zona agr\u00edcola que le ha valido el sobrenombre de \u00abel huerto de Europa\u00bb y podr\u00e1 comprobar por qu\u00e9 cada vez que entre en una tienda o visite un mercado.<\/p>\n<p>Despu\u00e9s de esta presentaci\u00f3n visual de los productos de la zona, ser\u00e1 el momento de ir al restaurante local para su<br \/>\ncomida y ver c\u00f3mo se cocina la paella. Disfrute de una sabrosa y refrescante sangr\u00eda, mientras el chef prepara todos los utensilios e ingredientes necesarios para cocinar su especialidad: la paella.<br \/>\nm\u00e1s internacional y conocido en todo el mundo. Tendr\u00e1 la oportunidad de aprender el paso a paso y los secretos para cocinar una excelente paella, con verduras frescas, carne o<br \/>\nmarisco. Y despu\u00e9s de que el chef termine de cocinar esta exquisita pieza de la gastronom\u00eda espa\u00f1ola delante de sus ojos, ser\u00e1 el momento de degustarla como parte de su comida, y terminar este tour tan especial<br \/>\ncon un sorbo de caf\u00e9 asi\u00e1tico.<\/p>\n<p>Qu\u00e9 incluye:<br \/>\n&#8211; Gu\u00eda oficial ingl\u00e9s\/espa\u00f1ol<br \/>\n&#8211; Visita al mercado tradicional de la ciudad y degustaci\u00f3n de productos (seg\u00fan disponibilidad y temporada)<br \/>\n&#8211; Paella showcooking (2 bebidas, paella y ensalada fresca + caf\u00e9 asi\u00e1tico)<\/p>\n","protected":false},"excerpt":{"rendered":"<p data-sourcepos=\"5:1-5:230\">Emb\u00e1rcate en un delicioso viaje culinario desde el muelle hasta el coraz\u00f3n de Cartagena. Explora el vibrante Mercado de Abastos, un tesoro de frutas y verduras frescas que han valido a la regi\u00f3n el t\u00edtulo de \u00abel huerto de Europa\u00bb.<\/p>\n<p data-sourcepos=\"9:1-9:17\">\n","protected":false},"featured_media":25284,"template":"","meta":{"site-sidebar-layout":"default","site-content-layout":"","ast-site-content-layout":"default","site-content-style":"default","site-sidebar-style":"default","ast-global-header-display":"","ast-banner-title-visibility":"","ast-main-header-display":"","ast-hfb-above-header-display":"","ast-hfb-below-header-display":"","ast-hfb-mobile-header-display":"","site-post-title":"","ast-breadcrumbs-content":"","ast-featured-img":"","footer-sml-layout":"","ast-disable-related-posts":"","theme-transparent-header-meta":"default","adv-header-id-meta":"","stick-header-meta":"default","header-above-stick-meta":"","header-main-stick-meta":"","header-below-stick-meta":"","astra-migrate-meta-layouts":"set","ast-page-background-enabled":"default","ast-page-background-meta":{"desktop":{"background-color":"var(--ast-global-color-4)","background-image":"","background-repeat":"repeat","background-position":"center center","background-size":"auto","background-attachment":"scroll","background-type":"","background-media":"","overlay-type":"","overlay-color":"","overlay-opacity":"","overlay-gradient":""},"tablet":{"background-color":"","background-image":"","background-repeat":"repeat","background-position":"center center","background-size":"auto","background-attachment":"scroll","background-type":"","background-media":"","overlay-type":"","overlay-color":"","overlay-opacity":"","overlay-gradient":""},"mobile":{"background-color":"","background-image":"","background-repeat":"repeat","background-position":"center center","background-size":"auto","background-attachment":"scroll","background-type":"","background-media":"","overlay-type":"","overlay-color":"","overlay-opacity":"","overlay-gradient":""}},"ast-content-background-meta":{"desktop":{"background-color":"var(--ast-global-color-5)","background-image":"","background-repeat":"repeat","background-position":"center center","background-size":"auto","background-attachment":"scroll","background-type":"","background-media":"","overlay-type":"","overlay-color":"","overlay-opacity":"","overlay-gradient":""},"tablet":{"background-color":"var(--ast-global-color-5)","background-image":"","background-repeat":"repeat","background-position":"center center","background-size":"auto","background-attachment":"scroll","background-type":"","background-media":"","overlay-type":"","overlay-color":"","overlay-opacity":"","overlay-gradient":""},"mobile":{"background-color":"var(--ast-global-color-5)","background-image":"","background-repeat":"repeat","background-position":"center center","background-size":"auto","background-attachment":"scroll","background-type":"","background-media":"","overlay-type":"","overlay-color":"","overlay-opacity":"","overlay-gradient":""}}},"product_brand":[],"product_cat":[36,38],"product_tag":[31],"class_list":{"0":"post-18517","1":"product","2":"type-product","3":"status-publish","4":"has-post-thumbnail","6":"product_cat-excursiones-y-experiencias","7":"product_cat-gastronomia-y-enoturismo","8":"product_tag-cartagena","9":"desktop-align-left","10":"tablet-align-left","11":"mobile-align-left","13":"first","14":"instock","15":"virtual","16":"sold-individually","17":"taxable","18":"purchasable","19":"product-type-booking"},"yoast_head":"<!-- This site is optimized with the Yoast SEO plugin v27.0 - https:\/\/yoast.com\/product\/yoast-seo-wordpress\/ -->\n<title>Tour de Mercado y Show Cooking de Paella en Cartagena | Experiencia Gastron\u00f3mica<\/title>\n<meta name=\"description\" content=\"Visita el mercado tradicional y aprende a cocinar una aut\u00e9ntica paella con un chef local. Incluye comida, sangr\u00eda y caf\u00e9 asi\u00e1tico.\" \/>\n<meta name=\"robots\" content=\"index, follow, max-snippet:-1, max-image-preview:large, max-video-preview:-1\" \/>\n<link rel=\"canonical\" href=\"https:\/\/thebestdaytours.com\/es\/producto\/tour-mercado-show-cooking-paella-cartagena\/\" \/>\n<meta property=\"og:locale\" content=\"es_ES\" \/>\n<meta property=\"og:type\" content=\"article\" \/>\n<meta property=\"og:title\" content=\"Tour de Mercado y Show Cooking de Paella en Cartagena | Experiencia Gastron\u00f3mica\" \/>\n<meta property=\"og:description\" content=\"Visita el mercado tradicional y aprende a cocinar una aut\u00e9ntica paella con un chef local. Incluye comida, sangr\u00eda y caf\u00e9 asi\u00e1tico.\" \/>\n<meta property=\"og:url\" content=\"https:\/\/thebestdaytours.com\/es\/producto\/tour-mercado-show-cooking-paella-cartagena\/\" \/>\n<meta property=\"og:site_name\" content=\"The Best Day Cartagena Tours\" \/>\n<meta property=\"article:publisher\" content=\"https:\/\/www.facebook.com\/people\/The-Best-Day-Cartagena-Tours\/100063528762249\/\" \/>\n<meta property=\"article:modified_time\" content=\"2026-01-13T10:04:48+00:00\" \/>\n<meta property=\"og:image\" content=\"https:\/\/thebestdaytours.com\/wp-content\/uploads\/2024\/12\/shutterstock_2613268409-1.jpg\" \/>\n\t<meta property=\"og:image:width\" content=\"1024\" \/>\n\t<meta property=\"og:image:height\" content=\"683\" \/>\n\t<meta property=\"og:image:type\" content=\"image\/jpeg\" \/>\n<meta name=\"twitter:card\" content=\"summary_large_image\" \/>\n<meta name=\"twitter:site\" content=\"@thebestdaytours\" \/>\n<meta name=\"twitter:label1\" content=\"Tiempo de lectura\" \/>\n\t<meta name=\"twitter:data1\" content=\"2 minutos\" \/>\n<script type=\"application\/ld+json\" class=\"yoast-schema-graph\">{\"@context\":\"https:\/\/schema.org\",\"@graph\":[{\"@type\":\"WebPage\",\"@id\":\"https:\/\/thebestdaytours.com\/es\/producto\/tour-mercado-show-cooking-paella-cartagena\/\",\"url\":\"https:\/\/thebestdaytours.com\/es\/producto\/tour-mercado-show-cooking-paella-cartagena\/\",\"name\":\"Tour de Mercado y Show Cooking de Paella en Cartagena | Experiencia Gastron\u00f3mica\",\"isPartOf\":{\"@id\":\"https:\/\/thebestdaytours.com\/#website\"},\"primaryImageOfPage\":{\"@id\":\"https:\/\/thebestdaytours.com\/es\/producto\/tour-mercado-show-cooking-paella-cartagena\/#primaryimage\"},\"image\":{\"@id\":\"https:\/\/thebestdaytours.com\/es\/producto\/tour-mercado-show-cooking-paella-cartagena\/#primaryimage\"},\"thumbnailUrl\":\"https:\/\/thebestdaytours.com\/wp-content\/uploads\/2024\/12\/shutterstock_2613268409-1.jpg\",\"datePublished\":\"2024-12-29T08:42:59+00:00\",\"dateModified\":\"2026-01-13T10:04:48+00:00\",\"description\":\"Visita el mercado tradicional y aprende a cocinar una aut\u00e9ntica paella con un chef local. Incluye comida, sangr\u00eda y caf\u00e9 asi\u00e1tico.\",\"breadcrumb\":{\"@id\":\"https:\/\/thebestdaytours.com\/es\/producto\/tour-mercado-show-cooking-paella-cartagena\/#breadcrumb\"},\"inLanguage\":\"es\",\"potentialAction\":[{\"@type\":\"ReadAction\",\"target\":[\"https:\/\/thebestdaytours.com\/es\/producto\/tour-mercado-show-cooking-paella-cartagena\/\"]}]},{\"@type\":\"ImageObject\",\"inLanguage\":\"es\",\"@id\":\"https:\/\/thebestdaytours.com\/es\/producto\/tour-mercado-show-cooking-paella-cartagena\/#primaryimage\",\"url\":\"https:\/\/thebestdaytours.com\/wp-content\/uploads\/2024\/12\/shutterstock_2613268409-1.jpg\",\"contentUrl\":\"https:\/\/thebestdaytours.com\/wp-content\/uploads\/2024\/12\/shutterstock_2613268409-1.jpg\",\"width\":8956,\"height\":5970},{\"@type\":\"BreadcrumbList\",\"@id\":\"https:\/\/thebestdaytours.com\/es\/producto\/tour-mercado-show-cooking-paella-cartagena\/#breadcrumb\",\"itemListElement\":[{\"@type\":\"ListItem\",\"position\":1,\"name\":\"Inicio\",\"item\":\"https:\/\/thebestdaytours.com\/es\/the-best-day\/\"},{\"@type\":\"ListItem\",\"position\":2,\"name\":\"Tour de Mercado y Show Cooking de Paella en Cartagena\"}]},{\"@type\":\"WebSite\",\"@id\":\"https:\/\/thebestdaytours.com\/#website\",\"url\":\"https:\/\/thebestdaytours.com\/\",\"name\":\"The Best Day Cartagena Tours\",\"description\":\"Visitas guiadas entre murcia y cartagena\",\"publisher\":{\"@id\":\"https:\/\/thebestdaytours.com\/#organization\"},\"potentialAction\":[{\"@type\":\"SearchAction\",\"target\":{\"@type\":\"EntryPoint\",\"urlTemplate\":\"https:\/\/thebestdaytours.com\/?s={search_term_string}\"},\"query-input\":{\"@type\":\"PropertyValueSpecification\",\"valueRequired\":true,\"valueName\":\"search_term_string\"}}],\"inLanguage\":\"es\"},{\"@type\":\"Organization\",\"@id\":\"https:\/\/thebestdaytours.com\/#organization\",\"name\":\"The Best Day Cartagena Tours\",\"url\":\"https:\/\/thebestdaytours.com\/\",\"logo\":{\"@type\":\"ImageObject\",\"inLanguage\":\"es\",\"@id\":\"https:\/\/thebestdaytours.com\/#\/schema\/logo\/image\/\",\"url\":\"https:\/\/thebestdaytours.com\/wp-content\/uploads\/2023\/09\/Group-988.png\",\"contentUrl\":\"https:\/\/thebestdaytours.com\/wp-content\/uploads\/2023\/09\/Group-988.png\",\"width\":446,\"height\":118,\"caption\":\"The Best Day Cartagena Tours\"},\"image\":{\"@id\":\"https:\/\/thebestdaytours.com\/#\/schema\/logo\/image\/\"},\"sameAs\":[\"https:\/\/www.facebook.com\/people\/The-Best-Day-Cartagena-Tours\/100063528762249\/\",\"https:\/\/x.com\/thebestdaytours\"]}]}<\/script>\n<!-- \/ Yoast SEO plugin. -->","yoast_head_json":{"title":"Tour de Mercado y Show Cooking de Paella en Cartagena | Experiencia Gastron\u00f3mica","description":"Visita el mercado tradicional y aprende a cocinar una aut\u00e9ntica paella con un chef local. Incluye comida, sangr\u00eda y caf\u00e9 asi\u00e1tico.","robots":{"index":"index","follow":"follow","max-snippet":"max-snippet:-1","max-image-preview":"max-image-preview:large","max-video-preview":"max-video-preview:-1"},"canonical":"https:\/\/thebestdaytours.com\/es\/producto\/tour-mercado-show-cooking-paella-cartagena\/","og_locale":"es_ES","og_type":"article","og_title":"Tour de Mercado y Show Cooking de Paella en Cartagena | Experiencia Gastron\u00f3mica","og_description":"Visita el mercado tradicional y aprende a cocinar una aut\u00e9ntica paella con un chef local. Incluye comida, sangr\u00eda y caf\u00e9 asi\u00e1tico.","og_url":"https:\/\/thebestdaytours.com\/es\/producto\/tour-mercado-show-cooking-paella-cartagena\/","og_site_name":"The Best Day Cartagena Tours","article_publisher":"https:\/\/www.facebook.com\/people\/The-Best-Day-Cartagena-Tours\/100063528762249\/","article_modified_time":"2026-01-13T10:04:48+00:00","og_image":[{"url":"https:\/\/thebestdaytours.com\/wp-content\/uploads\/2024\/12\/shutterstock_2613268409-1.jpg","width":1024,"height":683,"type":"image\/jpeg"}],"twitter_card":"summary_large_image","twitter_site":"@thebestdaytours","twitter_misc":{"Tiempo de lectura":"2 minutos"},"schema":{"@context":"https:\/\/schema.org","@graph":[{"@type":"WebPage","@id":"https:\/\/thebestdaytours.com\/es\/producto\/tour-mercado-show-cooking-paella-cartagena\/","url":"https:\/\/thebestdaytours.com\/es\/producto\/tour-mercado-show-cooking-paella-cartagena\/","name":"Tour de Mercado y Show Cooking de Paella en Cartagena | Experiencia Gastron\u00f3mica","isPartOf":{"@id":"https:\/\/thebestdaytours.com\/#website"},"primaryImageOfPage":{"@id":"https:\/\/thebestdaytours.com\/es\/producto\/tour-mercado-show-cooking-paella-cartagena\/#primaryimage"},"image":{"@id":"https:\/\/thebestdaytours.com\/es\/producto\/tour-mercado-show-cooking-paella-cartagena\/#primaryimage"},"thumbnailUrl":"https:\/\/thebestdaytours.com\/wp-content\/uploads\/2024\/12\/shutterstock_2613268409-1.jpg","datePublished":"2024-12-29T08:42:59+00:00","dateModified":"2026-01-13T10:04:48+00:00","description":"Visita el mercado tradicional y aprende a cocinar una aut\u00e9ntica paella con un chef local. Incluye comida, sangr\u00eda y caf\u00e9 asi\u00e1tico.","breadcrumb":{"@id":"https:\/\/thebestdaytours.com\/es\/producto\/tour-mercado-show-cooking-paella-cartagena\/#breadcrumb"},"inLanguage":"es","potentialAction":[{"@type":"ReadAction","target":["https:\/\/thebestdaytours.com\/es\/producto\/tour-mercado-show-cooking-paella-cartagena\/"]}]},{"@type":"ImageObject","inLanguage":"es","@id":"https:\/\/thebestdaytours.com\/es\/producto\/tour-mercado-show-cooking-paella-cartagena\/#primaryimage","url":"https:\/\/thebestdaytours.com\/wp-content\/uploads\/2024\/12\/shutterstock_2613268409-1.jpg","contentUrl":"https:\/\/thebestdaytours.com\/wp-content\/uploads\/2024\/12\/shutterstock_2613268409-1.jpg","width":8956,"height":5970},{"@type":"BreadcrumbList","@id":"https:\/\/thebestdaytours.com\/es\/producto\/tour-mercado-show-cooking-paella-cartagena\/#breadcrumb","itemListElement":[{"@type":"ListItem","position":1,"name":"Inicio","item":"https:\/\/thebestdaytours.com\/es\/the-best-day\/"},{"@type":"ListItem","position":2,"name":"Tour de Mercado y Show Cooking de Paella en Cartagena"}]},{"@type":"WebSite","@id":"https:\/\/thebestdaytours.com\/#website","url":"https:\/\/thebestdaytours.com\/","name":"The Best Day Cartagena Tours","description":"Visitas guiadas entre murcia y cartagena","publisher":{"@id":"https:\/\/thebestdaytours.com\/#organization"},"potentialAction":[{"@type":"SearchAction","target":{"@type":"EntryPoint","urlTemplate":"https:\/\/thebestdaytours.com\/?s={search_term_string}"},"query-input":{"@type":"PropertyValueSpecification","valueRequired":true,"valueName":"search_term_string"}}],"inLanguage":"es"},{"@type":"Organization","@id":"https:\/\/thebestdaytours.com\/#organization","name":"The Best Day Cartagena Tours","url":"https:\/\/thebestdaytours.com\/","logo":{"@type":"ImageObject","inLanguage":"es","@id":"https:\/\/thebestdaytours.com\/#\/schema\/logo\/image\/","url":"https:\/\/thebestdaytours.com\/wp-content\/uploads\/2023\/09\/Group-988.png","contentUrl":"https:\/\/thebestdaytours.com\/wp-content\/uploads\/2023\/09\/Group-988.png","width":446,"height":118,"caption":"The Best Day Cartagena Tours"},"image":{"@id":"https:\/\/thebestdaytours.com\/#\/schema\/logo\/image\/"},"sameAs":["https:\/\/www.facebook.com\/people\/The-Best-Day-Cartagena-Tours\/100063528762249\/","https:\/\/x.com\/thebestdaytours"]}]}},"_links":{"self":[{"href":"https:\/\/thebestdaytours.com\/es\/wp-json\/wp\/v2\/product\/18517","targetHints":{"allow":["GET"]}}],"collection":[{"href":"https:\/\/thebestdaytours.com\/es\/wp-json\/wp\/v2\/product"}],"about":[{"href":"https:\/\/thebestdaytours.com\/es\/wp-json\/wp\/v2\/types\/product"}],"version-history":[{"count":0,"href":"https:\/\/thebestdaytours.com\/es\/wp-json\/wp\/v2\/product\/18517\/revisions"}],"wp:featuredmedia":[{"embeddable":true,"href":"https:\/\/thebestdaytours.com\/es\/wp-json\/wp\/v2\/media\/25284"}],"wp:attachment":[{"href":"https:\/\/thebestdaytours.com\/es\/wp-json\/wp\/v2\/media?parent=18517"}],"wp:term":[{"taxonomy":"product_brand","embeddable":true,"href":"https:\/\/thebestdaytours.com\/es\/wp-json\/wp\/v2\/product_brand?post=18517"},{"taxonomy":"product_cat","embeddable":true,"href":"https:\/\/thebestdaytours.com\/es\/wp-json\/wp\/v2\/product_cat?post=18517"},{"taxonomy":"product_tag","embeddable":true,"href":"https:\/\/thebestdaytours.com\/es\/wp-json\/wp\/v2\/product_tag?post=18517"}],"curies":[{"name":"wp","href":"https:\/\/api.w.org\/{rel}","templated":true}]}}