{"id":1078,"date":"2023-09-27T20:41:54","date_gmt":"2023-09-27T20:41:54","guid":{"rendered":"https:\/\/thebestdaytours.com\/?page_id=1078"},"modified":"2023-09-28T13:15:01","modified_gmt":"2023-09-28T13:15:01","slug":"aviso-legal","status":"publish","type":"page","link":"https:\/\/thebestdaytours.com\/es\/aviso-legal\/","title":{"rendered":"Aviso legal"},"content":{"rendered":"\t\t<div data-elementor-type=\"wp-page\" data-elementor-id=\"1078\" class=\"elementor elementor-1078\" data-elementor-post-type=\"page\">\n\t\t\t\t<div class=\"elementor-element elementor-element-cc7dcb0 e-flex e-con-boxed e-con e-parent\" data-id=\"cc7dcb0\" data-element_type=\"container\" data-e-type=\"container\" data-settings=\"{&quot;background_background&quot;:&quot;classic&quot;,&quot;jet_parallax_layout_list&quot;:[]}\">\n\t\t\t\t\t<div class=\"e-con-inner\">\n\t\t<div class=\"elementor-element elementor-element-75cdf66 e-con-full e-flex e-con e-child\" data-id=\"75cdf66\" data-element_type=\"container\" data-e-type=\"container\" data-settings=\"{&quot;jet_parallax_layout_list&quot;:[]}\">\n\t\t\t\t<div class=\"elementor-element elementor-element-f3436c9 elementor-invisible elementor-widget elementor-widget-heading\" data-id=\"f3436c9\" data-element_type=\"widget\" data-e-type=\"widget\" data-settings=\"{&quot;_animation&quot;:&quot;fadeIn&quot;,&quot;_animation_delay&quot;:200}\" data-widget_type=\"heading.default\">\n\t\t\t\t<div class=\"elementor-widget-container\">\n\t\t\t\t\t<h1 class=\"elementor-heading-title elementor-size-default\">Aviso legal<\/h1>\t\t\t\t<\/div>\n\t\t\t\t<\/div>\n\t\t\t\t<div class=\"elementor-element elementor-element-53f323a elementor-widget__width-initial elementor-invisible elementor-widget elementor-widget-text-editor\" data-id=\"53f323a\" data-element_type=\"widget\" data-e-type=\"widget\" data-settings=\"{&quot;_animation&quot;:&quot;fadeIn&quot;,&quot;_animation_delay&quot;:300}\" data-widget_type=\"text-editor.default\">\n\t\t\t\t<div class=\"elementor-widget-container\">\n\t\t\t\t\t\t\t\t\t<p><span style=\"font-weight: 400;\">TBD CARTAGENA TOURS, S.L., en cumplimiento del art\u00edculo 10 de la Ley 134\/2002 de Servicios de la Sociedad de la Informaci\u00f3n y Comercio Electr\u00f3nico, informa:<\/span><\/p><p><span style=\"font-weight: 400;\">Que es titular del dominio y del sitio web www.thebestdaytours.com<\/span><\/p><p><span style=\"font-weight: 400;\">Que sus datos identificativos son:<br \/><\/span><span style=\"font-weight: 400;\">TBD CARTAGENA TOURS S.L.<br \/><\/span><span style=\"font-weight: 400;\">Puerta de Murcia, 8 \u2013 1\u00ba<br \/><\/span><span style=\"font-weight: 400;\">30201 Cartagena (Murcia)<\/span><\/p><p><span style=\"font-weight: 400;\">Que se encuentra inscrita con el NIF B30874127 en el Registro Mercantil de Murcia tomo 2953, folio 183, inscripci\u00f3n 1 con hoja MU-83727.<\/span><\/p><p><span style=\"font-weight: 400;\">La utilizaci\u00f3n del sitio web otorga la condici\u00f3n de usuario e implica la plena aceptaci\u00f3n a todas las disposiciones contenidas en este Aviso Legal y en la Pol\u00edtica de Privacidad. Si el usuario no est\u00e1 de acuerdo con las condiciones aqu\u00ed establecidas deber\u00eda desestimar el acceso y la utilizaci\u00f3n del sitio web.<\/span><\/p><p><span style=\"font-weight: 400;\">El contenido del sitio web es propiedad de TBD CARTAGENA TOURS S.L., y se proh\u00edbe cualquier tipo de copia o reproducci\u00f3n de todo o parte del contenido sin autorizaci\u00f3n expresa de su propietario.<\/span><\/p><p><span style=\"font-weight: 400;\">TBD CARTAGENA TOURS S.L., no asume ninguna responsabilidad sobre los enlaces externos de terceros que pudieran incorporarse en el sitio web, al no tener ning\u00fan tipo de control sobre ellos, sobre sus contenidos, los servicios que presten o la forma en que \u00e9stos aparezcan.<\/span><\/p><p><span style=\"font-weight: 400;\">El usuario del sitio web se compromete a hacer un uso adecuado del mismo, a no emplearlo para pr\u00e1cticas contrarias a la Ley o la buena fe y a no provocar da\u00f1os en los sistemas f\u00edsicos y l\u00f3gicos de TBD CARTAGENA TOURS S.L.<\/span><\/p>\t\t\t\t\t\t\t\t<\/div>\n\t\t\t\t<\/div>\n\t\t\t\t<\/div>\n\t\t\t\t\t<\/div>\n\t\t\t\t<\/div>\n\t\t\t\t<\/div>\n\t\t","protected":false},"excerpt":{"rendered":"<p>TBD CARTAGENA TOURS, S.L., en cumplimiento del art\u00edculo 10 de la Ley 134\/2002 de Servicios de la Sociedad de la Informaci\u00f3n y Comercio Electr\u00f3nico, informa: Que es titular del dominio y del sitio web www.thebestdaytours.com Que sus datos identificativos son:TBD CARTAGENA TOURS S.L.Puerta de Murcia, 8 \u2013 1\u00ba30201 Cartagena (Murcia) Que se encuentra inscrita con [&hellip;]<\/p>\n","protected":false},"author":1,"featured_media":0,"parent":0,"menu_order":0,"comment_status":"closed","ping_status":"closed","template":"","meta":{"site-sidebar-layout":"no-sidebar","site-content-layout":"page-builder","ast-site-content-layout":"default","site-content-style":"default","site-sidebar-style":"default","ast-global-header-display":"","ast-banner-title-visibility":"","ast-main-header-display":"","ast-hfb-above-header-display":"","ast-hfb-below-header-display":"","ast-hfb-mobile-header-display":"","site-post-title":"disabled","ast-breadcrumbs-content":"","ast-featured-img":"disabled","footer-sml-layout":"","ast-disable-related-posts":"","theme-transparent-header-meta":"","adv-header-id-meta":"","stick-header-meta":"","header-above-stick-meta":"","header-main-stick-meta":"","header-below-stick-meta":"","astra-migrate-meta-layouts":"default","ast-page-background-enabled":"default","ast-page-background-meta":{"desktop":{"background-color":"var(--ast-global-color-4)","background-image":"","background-repeat":"repeat","background-position":"center center","background-size":"auto","background-attachment":"scroll","background-type":"","background-media":"","overlay-type":"","overlay-color":"","overlay-opacity":"","overlay-gradient":""},"tablet":{"background-color":"","background-image":"","background-repeat":"repeat","background-position":"center center","background-size":"auto","background-attachment":"scroll","background-type":"","background-media":"","overlay-type":"","overlay-color":"","overlay-opacity":"","overlay-gradient":""},"mobile":{"background-color":"","background-image":"","background-repeat":"repeat","background-position":"center center","background-size":"auto","background-attachment":"scroll","background-type":"","background-media":"","overlay-type":"","overlay-color":"","overlay-opacity":"","overlay-gradient":""}},"ast-content-background-meta":{"desktop":{"background-color":"var(--ast-global-color-5)","background-image":"","background-repeat":"repeat","background-position":"center center","background-size":"auto","background-attachment":"scroll","background-type":"","background-media":"","overlay-type":"","overlay-color":"","overlay-opacity":"","overlay-gradient":""},"tablet":{"background-color":"var(--ast-global-color-5)","background-image":"","background-repeat":"repeat","background-position":"center center","background-size":"auto","background-attachment":"scroll","background-type":"","background-media":"","overlay-type":"","overlay-color":"","overlay-opacity":"","overlay-gradient":""},"mobile":{"background-color":"var(--ast-global-color-5)","background-image":"","background-repeat":"repeat","background-position":"center center","background-size":"auto","background-attachment":"scroll","background-type":"","background-media":"","overlay-type":"","overlay-color":"","overlay-opacity":"","overlay-gradient":""}},"footnotes":""},"class_list":["post-1078","page","type-page","status-publish","hentry"],"yoast_head":"<!-- This site is optimized with the Yoast SEO plugin v27.0 - https:\/\/yoast.com\/product\/yoast-seo-wordpress\/ -->\n<title>Aviso legal | The Best Day Cartagena Tours<\/title>\n<meta name=\"robots\" content=\"index, follow, max-snippet:-1, max-image-preview:large, max-video-preview:-1\" \/>\n<link rel=\"canonical\" href=\"https:\/\/thebestdaytours.com\/aviso-legal\/\" \/>\n<meta property=\"og:locale\" content=\"es_ES\" \/>\n<meta property=\"og:type\" content=\"article\" \/>\n<meta property=\"og:title\" content=\"Aviso legal | The Best Day Cartagena Tours\" \/>\n<meta property=\"og:description\" content=\"TBD CARTAGENA TOURS, S.L., en cumplimiento del art\u00edculo 10 de la Ley 134\/2002 de Servicios de la Sociedad de la Informaci\u00f3n y Comercio Electr\u00f3nico, informa: Que es titular del dominio y del sitio web www.thebestdaytours.com Que sus datos identificativos son:TBD CARTAGENA TOURS S.L.Puerta de Murcia, 8 \u2013 1\u00ba30201 Cartagena (Murcia) Que se encuentra inscrita con [&hellip;]\" \/>\n<meta property=\"og:url\" content=\"https:\/\/thebestdaytours.com\/aviso-legal\/\" \/>\n<meta property=\"og:site_name\" content=\"The Best Day Cartagena Tours\" \/>\n<meta property=\"article:publisher\" content=\"https:\/\/www.facebook.com\/people\/The-Best-Day-Cartagena-Tours\/100063528762249\/\" \/>\n<meta property=\"article:modified_time\" content=\"2023-09-28T13:15:01+00:00\" \/>\n<meta name=\"twitter:card\" content=\"summary_large_image\" \/>\n<meta name=\"twitter:site\" content=\"@thebestdaytours\" \/>\n<meta name=\"twitter:label1\" content=\"Tiempo de lectura\" \/>\n\t<meta name=\"twitter:data1\" content=\"1 minuto\" \/>\n<script type=\"application\/ld+json\" class=\"yoast-schema-graph\">{\"@context\":\"https:\/\/schema.org\",\"@graph\":[{\"@type\":\"WebPage\",\"@id\":\"https:\/\/thebestdaytours.com\/aviso-legal\/\",\"url\":\"https:\/\/thebestdaytours.com\/aviso-legal\/\",\"name\":\"Aviso legal | The Best Day Cartagena Tours\",\"isPartOf\":{\"@id\":\"https:\/\/thebestdaytours.com\/#website\"},\"datePublished\":\"2023-09-27T20:41:54+00:00\",\"dateModified\":\"2023-09-28T13:15:01+00:00\",\"breadcrumb\":{\"@id\":\"https:\/\/thebestdaytours.com\/aviso-legal\/#breadcrumb\"},\"inLanguage\":\"es\",\"potentialAction\":[{\"@type\":\"ReadAction\",\"target\":[\"https:\/\/thebestdaytours.com\/aviso-legal\/\"]}]},{\"@type\":\"BreadcrumbList\",\"@id\":\"https:\/\/thebestdaytours.com\/aviso-legal\/#breadcrumb\",\"itemListElement\":[{\"@type\":\"ListItem\",\"position\":1,\"name\":\"Inicio\",\"item\":\"https:\/\/thebestdaytours.com\/es\/the-best-day\/\"},{\"@type\":\"ListItem\",\"position\":2,\"name\":\"Aviso legal\"}]},{\"@type\":\"WebSite\",\"@id\":\"https:\/\/thebestdaytours.com\/#website\",\"url\":\"https:\/\/thebestdaytours.com\/\",\"name\":\"The Best Day Cartagena Tours\",\"description\":\"Visitas guiadas entre murcia y cartagena\",\"publisher\":{\"@id\":\"https:\/\/thebestdaytours.com\/#organization\"},\"potentialAction\":[{\"@type\":\"SearchAction\",\"target\":{\"@type\":\"EntryPoint\",\"urlTemplate\":\"https:\/\/thebestdaytours.com\/?s={search_term_string}\"},\"query-input\":{\"@type\":\"PropertyValueSpecification\",\"valueRequired\":true,\"valueName\":\"search_term_string\"}}],\"inLanguage\":\"es\"},{\"@type\":\"Organization\",\"@id\":\"https:\/\/thebestdaytours.com\/#organization\",\"name\":\"The Best Day Cartagena Tours\",\"url\":\"https:\/\/thebestdaytours.com\/\",\"logo\":{\"@type\":\"ImageObject\",\"inLanguage\":\"es\",\"@id\":\"https:\/\/thebestdaytours.com\/#\/schema\/logo\/image\/\",\"url\":\"https:\/\/thebestdaytours.com\/wp-content\/uploads\/2023\/09\/Group-988.png\",\"contentUrl\":\"https:\/\/thebestdaytours.com\/wp-content\/uploads\/2023\/09\/Group-988.png\",\"width\":446,\"height\":118,\"caption\":\"The Best Day Cartagena Tours\"},\"image\":{\"@id\":\"https:\/\/thebestdaytours.com\/#\/schema\/logo\/image\/\"},\"sameAs\":[\"https:\/\/www.facebook.com\/people\/The-Best-Day-Cartagena-Tours\/100063528762249\/\",\"https:\/\/x.com\/thebestdaytours\"]}]}<\/script>\n<!-- \/ Yoast SEO plugin. -->","yoast_head_json":{"title":"Aviso legal | The Best Day Cartagena Tours","robots":{"index":"index","follow":"follow","max-snippet":"max-snippet:-1","max-image-preview":"max-image-preview:large","max-video-preview":"max-video-preview:-1"},"canonical":"https:\/\/thebestdaytours.com\/aviso-legal\/","og_locale":"es_ES","og_type":"article","og_title":"Aviso legal | The Best Day Cartagena Tours","og_description":"TBD CARTAGENA TOURS, S.L., en cumplimiento del art\u00edculo 10 de la Ley 134\/2002 de Servicios de la Sociedad de la Informaci\u00f3n y Comercio Electr\u00f3nico, informa: Que es titular del dominio y del sitio web www.thebestdaytours.com Que sus datos identificativos son:TBD CARTAGENA TOURS S.L.Puerta de Murcia, 8 \u2013 1\u00ba30201 Cartagena (Murcia) Que se encuentra inscrita con [&hellip;]","og_url":"https:\/\/thebestdaytours.com\/aviso-legal\/","og_site_name":"The Best Day Cartagena Tours","article_publisher":"https:\/\/www.facebook.com\/people\/The-Best-Day-Cartagena-Tours\/100063528762249\/","article_modified_time":"2023-09-28T13:15:01+00:00","twitter_card":"summary_large_image","twitter_site":"@thebestdaytours","twitter_misc":{"Tiempo de lectura":"1 minuto"},"schema":{"@context":"https:\/\/schema.org","@graph":[{"@type":"WebPage","@id":"https:\/\/thebestdaytours.com\/aviso-legal\/","url":"https:\/\/thebestdaytours.com\/aviso-legal\/","name":"Aviso legal | The Best Day Cartagena Tours","isPartOf":{"@id":"https:\/\/thebestdaytours.com\/#website"},"datePublished":"2023-09-27T20:41:54+00:00","dateModified":"2023-09-28T13:15:01+00:00","breadcrumb":{"@id":"https:\/\/thebestdaytours.com\/aviso-legal\/#breadcrumb"},"inLanguage":"es","potentialAction":[{"@type":"ReadAction","target":["https:\/\/thebestdaytours.com\/aviso-legal\/"]}]},{"@type":"BreadcrumbList","@id":"https:\/\/thebestdaytours.com\/aviso-legal\/#breadcrumb","itemListElement":[{"@type":"ListItem","position":1,"name":"Inicio","item":"https:\/\/thebestdaytours.com\/es\/the-best-day\/"},{"@type":"ListItem","position":2,"name":"Aviso legal"}]},{"@type":"WebSite","@id":"https:\/\/thebestdaytours.com\/#website","url":"https:\/\/thebestdaytours.com\/","name":"The Best Day Cartagena Tours","description":"Visitas guiadas entre murcia y cartagena","publisher":{"@id":"https:\/\/thebestdaytours.com\/#organization"},"potentialAction":[{"@type":"SearchAction","target":{"@type":"EntryPoint","urlTemplate":"https:\/\/thebestdaytours.com\/?s={search_term_string}"},"query-input":{"@type":"PropertyValueSpecification","valueRequired":true,"valueName":"search_term_string"}}],"inLanguage":"es"},{"@type":"Organization","@id":"https:\/\/thebestdaytours.com\/#organization","name":"The Best Day Cartagena Tours","url":"https:\/\/thebestdaytours.com\/","logo":{"@type":"ImageObject","inLanguage":"es","@id":"https:\/\/thebestdaytours.com\/#\/schema\/logo\/image\/","url":"https:\/\/thebestdaytours.com\/wp-content\/uploads\/2023\/09\/Group-988.png","contentUrl":"https:\/\/thebestdaytours.com\/wp-content\/uploads\/2023\/09\/Group-988.png","width":446,"height":118,"caption":"The Best Day Cartagena Tours"},"image":{"@id":"https:\/\/thebestdaytours.com\/#\/schema\/logo\/image\/"},"sameAs":["https:\/\/www.facebook.com\/people\/The-Best-Day-Cartagena-Tours\/100063528762249\/","https:\/\/x.com\/thebestdaytours"]}]}},"_links":{"self":[{"href":"https:\/\/thebestdaytours.com\/es\/wp-json\/wp\/v2\/pages\/1078","targetHints":{"allow":["GET"]}}],"collection":[{"href":"https:\/\/thebestdaytours.com\/es\/wp-json\/wp\/v2\/pages"}],"about":[{"href":"https:\/\/thebestdaytours.com\/es\/wp-json\/wp\/v2\/types\/page"}],"author":[{"embeddable":true,"href":"https:\/\/thebestdaytours.com\/es\/wp-json\/wp\/v2\/users\/1"}],"replies":[{"embeddable":true,"href":"https:\/\/thebestdaytours.com\/es\/wp-json\/wp\/v2\/comments?post=1078"}],"version-history":[{"count":0,"href":"https:\/\/thebestdaytours.com\/es\/wp-json\/wp\/v2\/pages\/1078\/revisions"}],"wp:attachment":[{"href":"https:\/\/thebestdaytours.com\/es\/wp-json\/wp\/v2\/media?parent=1078"}],"curies":[{"name":"wp","href":"https:\/\/api.w.org\/{rel}","templated":true}]}}