{"id":1076,"date":"2023-09-27T20:35:07","date_gmt":"2023-09-27T20:35:07","guid":{"rendered":"https:\/\/thebestdaytours.com\/?page_id=1076"},"modified":"2023-09-28T13:16:21","modified_gmt":"2023-09-28T13:16:21","slug":"politica-de-privacidad","status":"publish","type":"page","link":"https:\/\/thebestdaytours.com\/es\/politica-de-privacidad\/","title":{"rendered":"Pol\u00edtica de privacidad"},"content":{"rendered":"\t\t<div data-elementor-type=\"wp-page\" data-elementor-id=\"1076\" class=\"elementor elementor-1076\" data-elementor-post-type=\"page\">\n\t\t\t\t<div class=\"elementor-element elementor-element-0d88f5c e-flex e-con-boxed e-con e-parent\" data-id=\"0d88f5c\" data-element_type=\"container\" data-e-type=\"container\" data-settings=\"{&quot;background_background&quot;:&quot;classic&quot;,&quot;jet_parallax_layout_list&quot;:[]}\">\n\t\t\t\t\t<div class=\"e-con-inner\">\n\t\t<div class=\"elementor-element elementor-element-685f9da e-con-full e-flex e-con e-child\" data-id=\"685f9da\" data-element_type=\"container\" data-e-type=\"container\" data-settings=\"{&quot;jet_parallax_layout_list&quot;:[]}\">\n\t\t\t\t<div class=\"elementor-element elementor-element-7d11d03 elementor-invisible elementor-widget elementor-widget-heading\" data-id=\"7d11d03\" data-element_type=\"widget\" data-e-type=\"widget\" data-settings=\"{&quot;_animation&quot;:&quot;fadeIn&quot;,&quot;_animation_delay&quot;:200}\" data-widget_type=\"heading.default\">\n\t\t\t\t<div class=\"elementor-widget-container\">\n\t\t\t\t\t<h1 class=\"elementor-heading-title elementor-size-default\">Pol\u00edtica de privacidad<\/h1>\t\t\t\t<\/div>\n\t\t\t\t<\/div>\n\t\t\t\t<div class=\"elementor-element elementor-element-16d5760 elementor-widget__width-initial elementor-invisible elementor-widget elementor-widget-text-editor\" data-id=\"16d5760\" data-element_type=\"widget\" data-e-type=\"widget\" data-settings=\"{&quot;_animation&quot;:&quot;fadeIn&quot;,&quot;_animation_delay&quot;:300}\" data-widget_type=\"text-editor.default\">\n\t\t\t\t<div class=\"elementor-widget-container\">\n\t\t\t\t\t\t\t\t\t<p><span style=\"font-weight: 400;\">En cumplimiento de la normativa vigente en materia de Protecci\u00f3n de Datos personales, le informamos que los datos personales facilitados por los usuarios de \u00e9sta web en sus distintos formularios ser\u00e1n incorporados y tratados en uno o m\u00e1s ficheros titularidad de TBD CARTAGENA TOURS S.L. con la finalidad de gestionar su solicitud, as\u00ed como para mantenerle informado, incluso por v\u00eda electr\u00f3nica, de futuras noticias y novedades relacionadas con nuestra empresa.<\/span><\/p><p><span style=\"font-weight: 400;\">Los datos que se solicitan en los distintos formularios marcados con asterisco (*) son los estrictamente necesarios para poder proporcionarle el servicio solicitado o poder contactar con el usuario.<\/span><\/p><p><span style=\"font-weight: 400;\">El usuario garantiza la veracidad de los datos personales proporcionados, siendo el \u00fanico responsable de cualquier da\u00f1o o perjuicio, directo o indirecto, que pudiera ocasionar a TBD CARTAGENA TOURS S.L. a causa de la cumplimentaci\u00f3n de los formularios con datos falsos, inexactos o incompletos.<\/span><\/p><p><span style=\"font-weight: 400;\">En caso de que el usuario incluya datos personales de terceras personas deber\u00e1, con car\u00e1cter previo a su inclusi\u00f3n, informarles de lo establecido en la presente pol\u00edtica de privacidad, siendo el \u00fanico responsable de su inclusi\u00f3n.<\/span><\/p><p><span style=\"font-weight: 400;\">TBD CARTAGENA TOURS S.L. se compromete a no ceder los datos de car\u00e1cter personal facilitados por los usuarios de \u00e9sta web a terceras personas o empresas sin el consentimiento previo, expreso informado e inequ\u00edvoco del afectado.<\/span><\/p><p><span style=\"font-weight: 400;\">Los usuarios pueden ejercitar los derechos de acceso, rectificaci\u00f3n, cancelaci\u00f3n, limitaci\u00f3n de tratamiento, oposici\u00f3n y portabilidad reconocidos en la actual legislaci\u00f3n mediante comunicaci\u00f3n escrita al responsable del tratamiento que se cita abajo.<\/span><\/p><p><span style=\"font-weight: 400;\">La aceptaci\u00f3n de los t\u00e9rminos expuestos en \u00e9sta pol\u00edtica de privacidad es necesaria para el env\u00edo, transmisi\u00f3n de la solicitud realizada, y es posible que tambi\u00e9n se le solicite su consentimiento para el tratamiento de sus datos facilitados.<\/span><\/p><p><span style=\"font-weight: 400;\">Responsable del tratamiento: <\/span><span style=\"font-weight: 400;\">TBD CARTAGENA TOURS S.L.<br \/><\/span><span style=\"font-weight: 400;\">Puerta de Murcia, 8 \u2013 1\u00ba<br \/><\/span><span style=\"font-weight: 400;\">30201 Cartagena (Murcia)<\/span><\/p>\t\t\t\t\t\t\t\t<\/div>\n\t\t\t\t<\/div>\n\t\t\t\t<\/div>\n\t\t\t\t\t<\/div>\n\t\t\t\t<\/div>\n\t\t\t\t<\/div>\n\t\t","protected":false},"excerpt":{"rendered":"<p>En cumplimiento de la normativa vigente en materia de Protecci\u00f3n de Datos personales, le informamos que los datos personales facilitados por los usuarios de \u00e9sta web en sus distintos formularios ser\u00e1n incorporados y tratados en uno o m\u00e1s ficheros titularidad de TBD CARTAGENA TOURS S.L. con la finalidad de gestionar su solicitud, as\u00ed como para [&hellip;]<\/p>\n","protected":false},"author":1,"featured_media":0,"parent":0,"menu_order":0,"comment_status":"closed","ping_status":"closed","template":"","meta":{"site-sidebar-layout":"no-sidebar","site-content-layout":"page-builder","ast-site-content-layout":"default","site-content-style":"default","site-sidebar-style":"default","ast-global-header-display":"","ast-banner-title-visibility":"","ast-main-header-display":"","ast-hfb-above-header-display":"","ast-hfb-below-header-display":"","ast-hfb-mobile-header-display":"","site-post-title":"disabled","ast-breadcrumbs-content":"","ast-featured-img":"disabled","footer-sml-layout":"","ast-disable-related-posts":"","theme-transparent-header-meta":"","adv-header-id-meta":"","stick-header-meta":"","header-above-stick-meta":"","header-main-stick-meta":"","header-below-stick-meta":"","astra-migrate-meta-layouts":"default","ast-page-background-enabled":"default","ast-page-background-meta":{"desktop":{"background-color":"var(--ast-global-color-4)","background-image":"","background-repeat":"repeat","background-position":"center center","background-size":"auto","background-attachment":"scroll","background-type":"","background-media":"","overlay-type":"","overlay-color":"","overlay-opacity":"","overlay-gradient":""},"tablet":{"background-color":"","background-image":"","background-repeat":"repeat","background-position":"center center","background-size":"auto","background-attachment":"scroll","background-type":"","background-media":"","overlay-type":"","overlay-color":"","overlay-opacity":"","overlay-gradient":""},"mobile":{"background-color":"","background-image":"","background-repeat":"repeat","background-position":"center center","background-size":"auto","background-attachment":"scroll","background-type":"","background-media":"","overlay-type":"","overlay-color":"","overlay-opacity":"","overlay-gradient":""}},"ast-content-background-meta":{"desktop":{"background-color":"var(--ast-global-color-5)","background-image":"","background-repeat":"repeat","background-position":"center center","background-size":"auto","background-attachment":"scroll","background-type":"","background-media":"","overlay-type":"","overlay-color":"","overlay-opacity":"","overlay-gradient":""},"tablet":{"background-color":"var(--ast-global-color-5)","background-image":"","background-repeat":"repeat","background-position":"center center","background-size":"auto","background-attachment":"scroll","background-type":"","background-media":"","overlay-type":"","overlay-color":"","overlay-opacity":"","overlay-gradient":""},"mobile":{"background-color":"var(--ast-global-color-5)","background-image":"","background-repeat":"repeat","background-position":"center center","background-size":"auto","background-attachment":"scroll","background-type":"","background-media":"","overlay-type":"","overlay-color":"","overlay-opacity":"","overlay-gradient":""}},"footnotes":""},"class_list":["post-1076","page","type-page","status-publish","hentry"],"yoast_head":"<!-- This site is optimized with the Yoast SEO plugin v27.0 - https:\/\/yoast.com\/product\/yoast-seo-wordpress\/ -->\n<title>Pol\u00edtica de privacidad | The Best Day Cartagena Tours<\/title>\n<meta name=\"robots\" content=\"index, follow, max-snippet:-1, max-image-preview:large, max-video-preview:-1\" \/>\n<link rel=\"canonical\" href=\"https:\/\/thebestdaytours.com\/politica-de-privacidad\/\" \/>\n<meta property=\"og:locale\" content=\"es_ES\" \/>\n<meta property=\"og:type\" content=\"article\" \/>\n<meta property=\"og:title\" content=\"Pol\u00edtica de privacidad | The Best Day Cartagena Tours\" \/>\n<meta property=\"og:description\" content=\"En cumplimiento de la normativa vigente en materia de Protecci\u00f3n de Datos personales, le informamos que los datos personales facilitados por los usuarios de \u00e9sta web en sus distintos formularios ser\u00e1n incorporados y tratados en uno o m\u00e1s ficheros titularidad de TBD CARTAGENA TOURS S.L. con la finalidad de gestionar su solicitud, as\u00ed como para [&hellip;]\" \/>\n<meta property=\"og:url\" content=\"https:\/\/thebestdaytours.com\/politica-de-privacidad\/\" \/>\n<meta property=\"og:site_name\" content=\"The Best Day Cartagena Tours\" \/>\n<meta property=\"article:publisher\" content=\"https:\/\/www.facebook.com\/people\/The-Best-Day-Cartagena-Tours\/100063528762249\/\" \/>\n<meta property=\"article:modified_time\" content=\"2023-09-28T13:16:21+00:00\" \/>\n<meta name=\"twitter:card\" content=\"summary_large_image\" \/>\n<meta name=\"twitter:site\" content=\"@thebestdaytours\" \/>\n<meta name=\"twitter:label1\" content=\"Tiempo de lectura\" \/>\n\t<meta name=\"twitter:data1\" content=\"2 minutos\" \/>\n<script type=\"application\/ld+json\" class=\"yoast-schema-graph\">{\"@context\":\"https:\/\/schema.org\",\"@graph\":[{\"@type\":\"WebPage\",\"@id\":\"https:\/\/thebestdaytours.com\/politica-de-privacidad\/\",\"url\":\"https:\/\/thebestdaytours.com\/politica-de-privacidad\/\",\"name\":\"Pol\u00edtica de privacidad | The Best Day Cartagena Tours\",\"isPartOf\":{\"@id\":\"https:\/\/thebestdaytours.com\/#website\"},\"datePublished\":\"2023-09-27T20:35:07+00:00\",\"dateModified\":\"2023-09-28T13:16:21+00:00\",\"breadcrumb\":{\"@id\":\"https:\/\/thebestdaytours.com\/politica-de-privacidad\/#breadcrumb\"},\"inLanguage\":\"es\",\"potentialAction\":[{\"@type\":\"ReadAction\",\"target\":[\"https:\/\/thebestdaytours.com\/politica-de-privacidad\/\"]}]},{\"@type\":\"BreadcrumbList\",\"@id\":\"https:\/\/thebestdaytours.com\/politica-de-privacidad\/#breadcrumb\",\"itemListElement\":[{\"@type\":\"ListItem\",\"position\":1,\"name\":\"Inicio\",\"item\":\"https:\/\/thebestdaytours.com\/es\/the-best-day\/\"},{\"@type\":\"ListItem\",\"position\":2,\"name\":\"Pol\u00edtica de privacidad\"}]},{\"@type\":\"WebSite\",\"@id\":\"https:\/\/thebestdaytours.com\/#website\",\"url\":\"https:\/\/thebestdaytours.com\/\",\"name\":\"The Best Day Cartagena Tours\",\"description\":\"Visitas guiadas entre murcia y cartagena\",\"publisher\":{\"@id\":\"https:\/\/thebestdaytours.com\/#organization\"},\"potentialAction\":[{\"@type\":\"SearchAction\",\"target\":{\"@type\":\"EntryPoint\",\"urlTemplate\":\"https:\/\/thebestdaytours.com\/?s={search_term_string}\"},\"query-input\":{\"@type\":\"PropertyValueSpecification\",\"valueRequired\":true,\"valueName\":\"search_term_string\"}}],\"inLanguage\":\"es\"},{\"@type\":\"Organization\",\"@id\":\"https:\/\/thebestdaytours.com\/#organization\",\"name\":\"The Best Day Cartagena Tours\",\"url\":\"https:\/\/thebestdaytours.com\/\",\"logo\":{\"@type\":\"ImageObject\",\"inLanguage\":\"es\",\"@id\":\"https:\/\/thebestdaytours.com\/#\/schema\/logo\/image\/\",\"url\":\"https:\/\/thebestdaytours.com\/wp-content\/uploads\/2023\/09\/Group-988.png\",\"contentUrl\":\"https:\/\/thebestdaytours.com\/wp-content\/uploads\/2023\/09\/Group-988.png\",\"width\":446,\"height\":118,\"caption\":\"The Best Day Cartagena Tours\"},\"image\":{\"@id\":\"https:\/\/thebestdaytours.com\/#\/schema\/logo\/image\/\"},\"sameAs\":[\"https:\/\/www.facebook.com\/people\/The-Best-Day-Cartagena-Tours\/100063528762249\/\",\"https:\/\/x.com\/thebestdaytours\"]}]}<\/script>\n<!-- \/ Yoast SEO plugin. -->","yoast_head_json":{"title":"Pol\u00edtica de privacidad | The Best Day Cartagena Tours","robots":{"index":"index","follow":"follow","max-snippet":"max-snippet:-1","max-image-preview":"max-image-preview:large","max-video-preview":"max-video-preview:-1"},"canonical":"https:\/\/thebestdaytours.com\/politica-de-privacidad\/","og_locale":"es_ES","og_type":"article","og_title":"Pol\u00edtica de privacidad | The Best Day Cartagena Tours","og_description":"En cumplimiento de la normativa vigente en materia de Protecci\u00f3n de Datos personales, le informamos que los datos personales facilitados por los usuarios de \u00e9sta web en sus distintos formularios ser\u00e1n incorporados y tratados en uno o m\u00e1s ficheros titularidad de TBD CARTAGENA TOURS S.L. con la finalidad de gestionar su solicitud, as\u00ed como para [&hellip;]","og_url":"https:\/\/thebestdaytours.com\/politica-de-privacidad\/","og_site_name":"The Best Day Cartagena Tours","article_publisher":"https:\/\/www.facebook.com\/people\/The-Best-Day-Cartagena-Tours\/100063528762249\/","article_modified_time":"2023-09-28T13:16:21+00:00","twitter_card":"summary_large_image","twitter_site":"@thebestdaytours","twitter_misc":{"Tiempo de lectura":"2 minutos"},"schema":{"@context":"https:\/\/schema.org","@graph":[{"@type":"WebPage","@id":"https:\/\/thebestdaytours.com\/politica-de-privacidad\/","url":"https:\/\/thebestdaytours.com\/politica-de-privacidad\/","name":"Pol\u00edtica de privacidad | The Best Day Cartagena Tours","isPartOf":{"@id":"https:\/\/thebestdaytours.com\/#website"},"datePublished":"2023-09-27T20:35:07+00:00","dateModified":"2023-09-28T13:16:21+00:00","breadcrumb":{"@id":"https:\/\/thebestdaytours.com\/politica-de-privacidad\/#breadcrumb"},"inLanguage":"es","potentialAction":[{"@type":"ReadAction","target":["https:\/\/thebestdaytours.com\/politica-de-privacidad\/"]}]},{"@type":"BreadcrumbList","@id":"https:\/\/thebestdaytours.com\/politica-de-privacidad\/#breadcrumb","itemListElement":[{"@type":"ListItem","position":1,"name":"Inicio","item":"https:\/\/thebestdaytours.com\/es\/the-best-day\/"},{"@type":"ListItem","position":2,"name":"Pol\u00edtica de privacidad"}]},{"@type":"WebSite","@id":"https:\/\/thebestdaytours.com\/#website","url":"https:\/\/thebestdaytours.com\/","name":"The Best Day Cartagena Tours","description":"Visitas guiadas entre murcia y cartagena","publisher":{"@id":"https:\/\/thebestdaytours.com\/#organization"},"potentialAction":[{"@type":"SearchAction","target":{"@type":"EntryPoint","urlTemplate":"https:\/\/thebestdaytours.com\/?s={search_term_string}"},"query-input":{"@type":"PropertyValueSpecification","valueRequired":true,"valueName":"search_term_string"}}],"inLanguage":"es"},{"@type":"Organization","@id":"https:\/\/thebestdaytours.com\/#organization","name":"The Best Day Cartagena Tours","url":"https:\/\/thebestdaytours.com\/","logo":{"@type":"ImageObject","inLanguage":"es","@id":"https:\/\/thebestdaytours.com\/#\/schema\/logo\/image\/","url":"https:\/\/thebestdaytours.com\/wp-content\/uploads\/2023\/09\/Group-988.png","contentUrl":"https:\/\/thebestdaytours.com\/wp-content\/uploads\/2023\/09\/Group-988.png","width":446,"height":118,"caption":"The Best Day Cartagena Tours"},"image":{"@id":"https:\/\/thebestdaytours.com\/#\/schema\/logo\/image\/"},"sameAs":["https:\/\/www.facebook.com\/people\/The-Best-Day-Cartagena-Tours\/100063528762249\/","https:\/\/x.com\/thebestdaytours"]}]}},"_links":{"self":[{"href":"https:\/\/thebestdaytours.com\/es\/wp-json\/wp\/v2\/pages\/1076","targetHints":{"allow":["GET"]}}],"collection":[{"href":"https:\/\/thebestdaytours.com\/es\/wp-json\/wp\/v2\/pages"}],"about":[{"href":"https:\/\/thebestdaytours.com\/es\/wp-json\/wp\/v2\/types\/page"}],"author":[{"embeddable":true,"href":"https:\/\/thebestdaytours.com\/es\/wp-json\/wp\/v2\/users\/1"}],"replies":[{"embeddable":true,"href":"https:\/\/thebestdaytours.com\/es\/wp-json\/wp\/v2\/comments?post=1076"}],"version-history":[{"count":0,"href":"https:\/\/thebestdaytours.com\/es\/wp-json\/wp\/v2\/pages\/1076\/revisions"}],"wp:attachment":[{"href":"https:\/\/thebestdaytours.com\/es\/wp-json\/wp\/v2\/media?parent=1076"}],"curies":[{"name":"wp","href":"https:\/\/api.w.org\/{rel}","templated":true}]}}